{"id":1000,"date":"2022-04-26T17:15:14","date_gmt":"2022-04-26T15:15:14","guid":{"rendered":"https:\/\/www.gaultiercollette.ch\/?page_id=1000"},"modified":"2023-09-01T10:03:35","modified_gmt":"2023-09-01T08:03:35","slug":"laurastar-dmsteam-power","status":"publish","type":"page","link":"https:\/\/www.gaultiercollette.ch\/fr\/laurastar-dmsteam-power\/","title":{"rendered":"Laurastar_ DMS"},"content":{"rendered":"<section class=\"back baseline anim-to-scroll\">\n            <a href=\"https:\/\/www.gaultiercollette.ch\/fr\/laurastar-liste\/\">\n          <svg xmlns=\"http:\/\/www.w3.org\/2000\/svg\" viewbox=\"0 0 28 24\" style=\"enable-background:new 0 0 28 24;\" xml:space=\"preserve\">\n        <style type=\"text\/css\">.st0{fill:none;stroke:#000000;stroke-width:2;stroke-miterlimit:10;}<\/style>\n        <rect x=\"2\" y=\"11\" width=\"25\" height=\"2\"\/>\n        <polyline class=\"st0\" points=\"12.8,23.2 1.5,12 12.8,0.8 \"\/>\n      <\/svg>\n      Retour\n    <\/a>\n<\/section>\n\n\n\n\n\n  <section class=\"case__header baseline anim-to-scroll\">\n    <div class=\"case__header-title\">\n      <h2 class=\"\">\n        <span class=\"title\">DMS       <\/span>\n        <span class=\"title-year\"><\/span>\n      <\/h2>\n    <\/div>\n    <div class=\"case__header-text\">Strat\u00e9gie,\u00a0campagne et cr\u00e9ation de contenus pour pr\u00e9senter et valoriser cette technologie Dry Microfine Steam exclusive \u00e0 la\u00a0marque.<\/div>\n  <\/section>\n\n\n\n\n\n\n    <section class=\"case__iframe baseline anim-to-scroll\">\n      <iframe\n        src=\"https:\/\/player.vimeo.com\/video\/754368763\"\n        allowfullscreen onload=\"adjustIframe(this)\"\n      ><\/iframe>\n    <\/section>\n\n\n\n\n  <section class=\"case__skills baseline anim-to-scroll\">\n    <ul>\n                      <li>Cr\u00e9ation de contenus<\/li>\n                              <li>Direction artistique<\/li>\n                              <li>Conception-R\u00e9daction<\/li>\n                              <li>Achat d'art<\/li>\n                              <li>Gestion de projet<\/li>\n                  <\/ul>\n  <\/section>\n\n\n\n\n<section class=\"case__carousel case__carousel-vertical baseline anim-to-scroll\">\n  <div class=\"case__carousel-inner page__slider\">\n                <div class=\"case__carousel-item\">\n                                  <img decoding=\"async\" src=\"https:\/\/www.gaultiercollette.ch\/wp-content\/uploads\/2022\/04\/Cap_corpo2021_Kvi_2.png\" \/>\n                              <\/div>\n                        <div class=\"case__carousel-item\">\n                                  <img decoding=\"async\" src=\"https:\/\/www.gaultiercollette.ch\/wp-content\/uploads\/2022\/04\/Cap_corpo2021_Kvi_3.png\" \/>\n                              <\/div>\n                        <div class=\"case__carousel-item\">\n                                  <img decoding=\"async\" src=\"https:\/\/www.gaultiercollette.ch\/wp-content\/uploads\/2022\/04\/Cap_corpo2021_Kvi_4.png\" \/>\n                              <\/div>\n                        <div class=\"case__carousel-item\">\n                                  <img decoding=\"async\" src=\"https:\/\/www.gaultiercollette.ch\/wp-content\/uploads\/2022\/04\/Cap_corpo2021_Kvi_5.png\" \/>\n                              <\/div>\n                        <div class=\"case__carousel-item\">\n                                  <img decoding=\"async\" src=\"https:\/\/www.gaultiercollette.ch\/wp-content\/uploads\/2022\/04\/Cap_corpo2021_Kvi_6.png\" \/>\n                              <\/div>\n              <\/div>\n<\/section>\n\n<!--  -->\n\n\n<div style=\"height:100px\" aria-hidden=\"true\" class=\"wp-block-spacer\"><\/div>\n\n\n\n  <section class=\"case__imgtext baseline anim-to-scroll\">\n    <div class=\"case__imgtext-left\">\n      <h3>Laurastar DMSteam Power<\/h3>\n      <p>Pr\u00e9sentation de la technologie Dry Microfine Steam dans une direction artistique tr\u00e8s po\u00e9tique et narrative.<\/p>\n    <\/div>\n    <div class=\"case__imgtext-right\">\n              <img decoding=\"async\" src=\"https:\/\/www.gaultiercollette.ch\/wp-content\/uploads\/2022\/04\/LAURASTAR_Corp2021_Fashion_F_RGB-scaled-e1656418251608.jpeg\" alt=\"Laurastar DMSteam Power\" \/>\n          <\/div>\n  <\/section>\n\n\n\n\n<div style=\"height:100px\" aria-hidden=\"true\" class=\"wp-block-spacer\"><\/div>\n\n\n\n<div class=\"wp-block-columns is-layout-flex wp-container-core-columns-is-layout-9d6595d7 wp-block-columns-is-layout-flex\">\n<div class=\"wp-block-column is-layout-flow wp-block-column-is-layout-flow\" style=\"flex-basis:100%\">\n<div class=\"wp-block-columns is-layout-flex wp-container-core-columns-is-layout-9d6595d7 wp-block-columns-is-layout-flex\">\n<div class=\"wp-block-column is-vertically-aligned-bottom is-layout-flow wp-block-column-is-layout-flow\" style=\"flex-basis:50%\">\n<div class=\"wp-block-columns is-layout-flex wp-container-core-columns-is-layout-9d6595d7 wp-block-columns-is-layout-flex\">\n<div class=\"wp-block-column is-layout-flow wp-block-column-is-layout-flow\">\n<figure class=\"wp-block-video\"><video height=\"1920\" style=\"aspect-ratio: 1080 \/ 1920;\" width=\"1080\" autoplay loop muted src=\"http:\/\/www.gaultiercollette.ch\/wp-content\/uploads\/2022\/06\/LAURASTAR_CORPO_site_GC_2.mp4\" playsinline><\/video><\/figure>\n<\/div>\n<\/div>\n<\/div>\n\n\n\n<div class=\"wp-block-column is-vertically-aligned-center is-layout-flow wp-block-column-is-layout-flow\" style=\"flex-basis:50%\">\n<div class=\"wp-block-columns is-layout-flex wp-container-core-columns-is-layout-9d6595d7 wp-block-columns-is-layout-flex\">\n<div class=\"wp-block-column is-layout-flow wp-block-column-is-layout-flow\" style=\"flex-basis:25%\"><\/div>\n\n\n\n<div class=\"wp-block-column is-layout-flow wp-block-column-is-layout-flow\">\n<figure class=\"wp-block-image size-large is-resized\"><img loading=\"lazy\" decoding=\"async\" src=\"http:\/\/www.gaultiercollette.ch\/wp-content\/uploads\/2022\/06\/STILL_IZZY_CAM1-03_ombre-2-1024x1007.png\" alt=\"\" class=\"wp-image-1826\" style=\"width:272px;height:268px\" width=\"272\" height=\"268\" srcset=\"https:\/\/www.gaultiercollette.ch\/wp-content\/uploads\/2022\/06\/STILL_IZZY_CAM1-03_ombre-2-1024x1007.png 1024w, https:\/\/www.gaultiercollette.ch\/wp-content\/uploads\/2022\/06\/STILL_IZZY_CAM1-03_ombre-2-300x295.png 300w, https:\/\/www.gaultiercollette.ch\/wp-content\/uploads\/2022\/06\/STILL_IZZY_CAM1-03_ombre-2-768x755.png 768w, https:\/\/www.gaultiercollette.ch\/wp-content\/uploads\/2022\/06\/STILL_IZZY_CAM1-03_ombre-2-1536x1510.png 1536w, https:\/\/www.gaultiercollette.ch\/wp-content\/uploads\/2022\/06\/STILL_IZZY_CAM1-03_ombre-2-2048x2014.png 2048w\" sizes=\"auto, (max-width: 272px) 100vw, 272px\" \/><\/figure>\n<\/div>\n<\/div>\n<\/div>\n<\/div>\n<\/div>\n<\/div>\n\n\n\n<div style=\"height:100px\" aria-hidden=\"true\" class=\"wp-block-spacer\"><\/div>","protected":false},"excerpt":{"rendered":"","protected":false},"author":3,"featured_media":0,"parent":0,"menu_order":0,"comment_status":"closed","ping_status":"closed","template":"","meta":{"footnotes":""},"class_list":["post-1000","page","type-page","status-publish","hentry"],"yoast_head":"<!-- This site is optimized with the Yoast SEO plugin v27.5 - https:\/\/yoast.com\/product\/yoast-seo-wordpress\/ -->\n<title>Laurastar_ DMS - Gaultier Collette<\/title>\n<meta name=\"description\" content=\"D\u00e9couvrez comment Gaultier Collette a d\u00e9velopp\u00e9 la strat\u00e9gie et r\u00e9alis\u00e9 la campagne et la cr\u00e9ation de contenus pour pr\u00e9senter et valoriser la technologie Dry Microfine Steam (D.M.S) de Laurastar.\" \/>\n<meta name=\"robots\" content=\"index, follow, max-snippet:-1, max-image-preview:large, max-video-preview:-1\" \/>\n<link rel=\"canonical\" href=\"https:\/\/www.gaultiercollette.ch\/fr\/laurastar-dmsteam-power\/\" \/>\n<meta property=\"og:locale\" content=\"fr_FR\" \/>\n<meta property=\"og:type\" content=\"article\" \/>\n<meta property=\"og:title\" content=\"Laurastar_ DMS - Gaultier Collette\" \/>\n<meta property=\"og:description\" content=\"D\u00e9couvrez comment Gaultier Collette a d\u00e9velopp\u00e9 la strat\u00e9gie et r\u00e9alis\u00e9 la campagne et la cr\u00e9ation de contenus pour pr\u00e9senter et valoriser la technologie Dry Microfine Steam (D.M.S) de Laurastar.\" \/>\n<meta property=\"og:url\" content=\"https:\/\/www.gaultiercollette.ch\/fr\/laurastar-dmsteam-power\/\" \/>\n<meta property=\"og:site_name\" content=\"Gaultier Collette\" \/>\n<meta property=\"article:modified_time\" content=\"2023-09-01T08:03:35+00:00\" \/>\n<meta property=\"og:image\" content=\"http:\/\/www.gaultiercollette.ch\/wp-content\/uploads\/2022\/06\/STILL_IZZY_CAM1-03_ombre-2-1024x1007.png\" \/>\n<meta name=\"twitter:card\" content=\"summary_large_image\" \/>\n<meta name=\"twitter:label1\" content=\"Dur\u00e9e de lecture estim\u00e9e\" \/>\n\t<meta name=\"twitter:data1\" content=\"1 minute\" \/>\n<script type=\"application\/ld+json\" class=\"yoast-schema-graph\">{\"@context\":\"https:\\\/\\\/schema.org\",\"@graph\":[{\"@type\":\"WebPage\",\"@id\":\"https:\\\/\\\/www.gaultiercollette.ch\\\/laurastar-dmsteam-power\\\/\",\"url\":\"https:\\\/\\\/www.gaultiercollette.ch\\\/laurastar-dmsteam-power\\\/\",\"name\":\"Laurastar_ DMS - Gaultier Collette\",\"isPartOf\":{\"@id\":\"https:\\\/\\\/www.gaultiercollette.ch\\\/#website\"},\"primaryImageOfPage\":{\"@id\":\"https:\\\/\\\/www.gaultiercollette.ch\\\/laurastar-dmsteam-power\\\/#primaryimage\"},\"image\":{\"@id\":\"https:\\\/\\\/www.gaultiercollette.ch\\\/laurastar-dmsteam-power\\\/#primaryimage\"},\"thumbnailUrl\":\"http:\\\/\\\/www.gaultiercollette.ch\\\/wp-content\\\/uploads\\\/2022\\\/06\\\/STILL_IZZY_CAM1-03_ombre-2-1024x1007.png\",\"datePublished\":\"2022-04-26T15:15:14+00:00\",\"dateModified\":\"2023-09-01T08:03:35+00:00\",\"description\":\"D\u00e9couvrez comment Gaultier Collette a d\u00e9velopp\u00e9 la strat\u00e9gie et r\u00e9alis\u00e9 la campagne et la cr\u00e9ation de contenus pour pr\u00e9senter et valoriser la technologie Dry Microfine Steam (D.M.S) de Laurastar.\",\"breadcrumb\":{\"@id\":\"https:\\\/\\\/www.gaultiercollette.ch\\\/laurastar-dmsteam-power\\\/#breadcrumb\"},\"inLanguage\":\"fr-FR\",\"potentialAction\":[{\"@type\":\"ReadAction\",\"target\":[\"https:\\\/\\\/www.gaultiercollette.ch\\\/laurastar-dmsteam-power\\\/\"]}]},{\"@type\":\"ImageObject\",\"inLanguage\":\"fr-FR\",\"@id\":\"https:\\\/\\\/www.gaultiercollette.ch\\\/laurastar-dmsteam-power\\\/#primaryimage\",\"url\":\"http:\\\/\\\/www.gaultiercollette.ch\\\/wp-content\\\/uploads\\\/2022\\\/06\\\/STILL_IZZY_CAM1-03_ombre-2-1024x1007.png\",\"contentUrl\":\"http:\\\/\\\/www.gaultiercollette.ch\\\/wp-content\\\/uploads\\\/2022\\\/06\\\/STILL_IZZY_CAM1-03_ombre-2-1024x1007.png\"},{\"@type\":\"BreadcrumbList\",\"@id\":\"https:\\\/\\\/www.gaultiercollette.ch\\\/laurastar-dmsteam-power\\\/#breadcrumb\",\"itemListElement\":[{\"@type\":\"ListItem\",\"position\":1,\"name\":\"Accueil\",\"item\":\"https:\\\/\\\/www.gaultiercollette.ch\\\/\"},{\"@type\":\"ListItem\",\"position\":2,\"name\":\"Laurastar_ DMS\"}]},{\"@type\":\"WebSite\",\"@id\":\"https:\\\/\\\/www.gaultiercollette.ch\\\/#website\",\"url\":\"https:\\\/\\\/www.gaultiercollette.ch\\\/\",\"name\":\"Gaultier Collette\",\"description\":\"Agence cr\u00e9ative en strat\u00e9gie de marque\",\"potentialAction\":[{\"@type\":\"SearchAction\",\"target\":{\"@type\":\"EntryPoint\",\"urlTemplate\":\"https:\\\/\\\/www.gaultiercollette.ch\\\/?s={search_term_string}\"},\"query-input\":{\"@type\":\"PropertyValueSpecification\",\"valueRequired\":true,\"valueName\":\"search_term_string\"}}],\"inLanguage\":\"fr-FR\"}]}<\/script>\n<!-- \/ Yoast SEO plugin. -->","yoast_head_json":{"title":"Laurastar_ DMS - Gaultier Collette","description":"D\u00e9couvrez comment Gaultier Collette a d\u00e9velopp\u00e9 la strat\u00e9gie et r\u00e9alis\u00e9 la campagne et la cr\u00e9ation de contenus pour pr\u00e9senter et valoriser la technologie Dry Microfine Steam (D.M.S) de Laurastar.","robots":{"index":"index","follow":"follow","max-snippet":"max-snippet:-1","max-image-preview":"max-image-preview:large","max-video-preview":"max-video-preview:-1"},"canonical":"https:\/\/www.gaultiercollette.ch\/fr\/laurastar-dmsteam-power\/","og_locale":"fr_FR","og_type":"article","og_title":"Laurastar_ DMS - Gaultier Collette","og_description":"D\u00e9couvrez comment Gaultier Collette a d\u00e9velopp\u00e9 la strat\u00e9gie et r\u00e9alis\u00e9 la campagne et la cr\u00e9ation de contenus pour pr\u00e9senter et valoriser la technologie Dry Microfine Steam (D.M.S) de Laurastar.","og_url":"https:\/\/www.gaultiercollette.ch\/fr\/laurastar-dmsteam-power\/","og_site_name":"Gaultier Collette","article_modified_time":"2023-09-01T08:03:35+00:00","og_image":[{"url":"http:\/\/www.gaultiercollette.ch\/wp-content\/uploads\/2022\/06\/STILL_IZZY_CAM1-03_ombre-2-1024x1007.png","type":"","width":"","height":""}],"twitter_card":"summary_large_image","twitter_misc":{"Dur\u00e9e de lecture estim\u00e9e":"1 minute"},"schema":{"@context":"https:\/\/schema.org","@graph":[{"@type":"WebPage","@id":"https:\/\/www.gaultiercollette.ch\/laurastar-dmsteam-power\/","url":"https:\/\/www.gaultiercollette.ch\/laurastar-dmsteam-power\/","name":"Laurastar_ DMS - Gaultier Collette","isPartOf":{"@id":"https:\/\/www.gaultiercollette.ch\/#website"},"primaryImageOfPage":{"@id":"https:\/\/www.gaultiercollette.ch\/laurastar-dmsteam-power\/#primaryimage"},"image":{"@id":"https:\/\/www.gaultiercollette.ch\/laurastar-dmsteam-power\/#primaryimage"},"thumbnailUrl":"http:\/\/www.gaultiercollette.ch\/wp-content\/uploads\/2022\/06\/STILL_IZZY_CAM1-03_ombre-2-1024x1007.png","datePublished":"2022-04-26T15:15:14+00:00","dateModified":"2023-09-01T08:03:35+00:00","description":"D\u00e9couvrez comment Gaultier Collette a d\u00e9velopp\u00e9 la strat\u00e9gie et r\u00e9alis\u00e9 la campagne et la cr\u00e9ation de contenus pour pr\u00e9senter et valoriser la technologie Dry Microfine Steam (D.M.S) de Laurastar.","breadcrumb":{"@id":"https:\/\/www.gaultiercollette.ch\/laurastar-dmsteam-power\/#breadcrumb"},"inLanguage":"fr-FR","potentialAction":[{"@type":"ReadAction","target":["https:\/\/www.gaultiercollette.ch\/laurastar-dmsteam-power\/"]}]},{"@type":"ImageObject","inLanguage":"fr-FR","@id":"https:\/\/www.gaultiercollette.ch\/laurastar-dmsteam-power\/#primaryimage","url":"http:\/\/www.gaultiercollette.ch\/wp-content\/uploads\/2022\/06\/STILL_IZZY_CAM1-03_ombre-2-1024x1007.png","contentUrl":"http:\/\/www.gaultiercollette.ch\/wp-content\/uploads\/2022\/06\/STILL_IZZY_CAM1-03_ombre-2-1024x1007.png"},{"@type":"BreadcrumbList","@id":"https:\/\/www.gaultiercollette.ch\/laurastar-dmsteam-power\/#breadcrumb","itemListElement":[{"@type":"ListItem","position":1,"name":"Accueil","item":"https:\/\/www.gaultiercollette.ch\/"},{"@type":"ListItem","position":2,"name":"Laurastar_ DMS"}]},{"@type":"WebSite","@id":"https:\/\/www.gaultiercollette.ch\/#website","url":"https:\/\/www.gaultiercollette.ch\/","name":"Gaultier Collette","description":"Agence cr\u00e9ative en strat\u00e9gie de marque","potentialAction":[{"@type":"SearchAction","target":{"@type":"EntryPoint","urlTemplate":"https:\/\/www.gaultiercollette.ch\/?s={search_term_string}"},"query-input":{"@type":"PropertyValueSpecification","valueRequired":true,"valueName":"search_term_string"}}],"inLanguage":"fr-FR"}]}},"_links":{"self":[{"href":"https:\/\/www.gaultiercollette.ch\/fr\/wp-json\/wp\/v2\/pages\/1000","targetHints":{"allow":["GET"]}}],"collection":[{"href":"https:\/\/www.gaultiercollette.ch\/fr\/wp-json\/wp\/v2\/pages"}],"about":[{"href":"https:\/\/www.gaultiercollette.ch\/fr\/wp-json\/wp\/v2\/types\/page"}],"author":[{"embeddable":true,"href":"https:\/\/www.gaultiercollette.ch\/fr\/wp-json\/wp\/v2\/users\/3"}],"replies":[{"embeddable":true,"href":"https:\/\/www.gaultiercollette.ch\/fr\/wp-json\/wp\/v2\/comments?post=1000"}],"version-history":[{"count":95,"href":"https:\/\/www.gaultiercollette.ch\/fr\/wp-json\/wp\/v2\/pages\/1000\/revisions"}],"predecessor-version":[{"id":3653,"href":"https:\/\/www.gaultiercollette.ch\/fr\/wp-json\/wp\/v2\/pages\/1000\/revisions\/3653"}],"wp:attachment":[{"href":"https:\/\/www.gaultiercollette.ch\/fr\/wp-json\/wp\/v2\/media?parent=1000"}],"curies":[{"name":"wp","href":"https:\/\/api.w.org\/{rel}","templated":true}]}}