{"id":1275,"date":"2022-05-10T12:36:51","date_gmt":"2022-05-10T10:36:51","guid":{"rendered":"https:\/\/www.gaultiercollette.ch\/?page_id=1275"},"modified":"2024-12-09T12:14:40","modified_gmt":"2024-12-09T11:14:40","slug":"devred-pe22-ceremonie","status":"publish","type":"page","link":"https:\/\/www.gaultiercollette.ch\/fr\/devred-pe22-ceremonie\/","title":{"rendered":"Devred_ PE22"},"content":{"rendered":"<section class=\"back baseline anim-to-scroll\">\n            <a href=\"https:\/\/www.gaultiercollette.ch\/fr\/devred-liste\/\">\n          <svg xmlns=\"http:\/\/www.w3.org\/2000\/svg\" viewbox=\"0 0 28 24\" style=\"enable-background:new 0 0 28 24;\" xml:space=\"preserve\">\n        <style type=\"text\/css\">.st0{fill:none;stroke:#000000;stroke-width:2;stroke-miterlimit:10;}<\/style>\n        <rect x=\"2\" y=\"11\" width=\"25\" height=\"2\"\/>\n        <polyline class=\"st0\" points=\"12.8,23.2 1.5,12 12.8,0.8 \"\/>\n      <\/svg>\n      Retour\n    <\/a>\n<\/section>\n\n\n\n\n\n  <section class=\"case__header baseline anim-to-scroll\">\n    <div class=\"case__header-title\">\n      <h2 class=\"\">\n        <span class=\"title\">PE22   <\/span>\n        <span class=\"title-year\"><\/span>\n      <\/h2>\n    <\/div>\n    <div class=\"case__header-text\">Campagne digitale qui casse les codes souvent trop classiques du th\u00e8me c\u00e9r\u00e9monie\u00a0<\/div>\n  <\/section>\n\n\n\n\n\n\n  <section class=\"case__skills baseline anim-to-scroll\">\n    <ul>\n                      <li>Cr\u00e9ation de contenus<\/li>\n                              <li>Direction artistique<\/li>\n                              <li>Conception-R\u00e9daction<\/li>\n                              <li>Univers de marque digital<\/li>\n                              <li>Achat d'art<\/li>\n                              <li>Gestion de projet<\/li>\n                  <\/ul>\n  <\/section>\n\n\n\n\n<div style=\"height:100px\" aria-hidden=\"true\" class=\"wp-block-spacer\"><\/div>\n\n\n\n<div class=\"wp-block-columns are-vertically-aligned-center is-layout-flex wp-container-core-columns-is-layout-9d6595d7 wp-block-columns-is-layout-flex\">\n<div class=\"wp-block-column is-vertically-aligned-center is-layout-flow wp-block-column-is-layout-flow\">\n<div class=\"wp-block-columns is-layout-flex wp-container-core-columns-is-layout-9d6595d7 wp-block-columns-is-layout-flex\">\n<div class=\"wp-block-column is-layout-flow wp-block-column-is-layout-flow\" style=\"flex-basis:25%\"><\/div>\n\n\n\n<div class=\"wp-block-column is-layout-flow wp-block-column-is-layout-flow\" style=\"flex-basis:50%\">\n<figure class=\"wp-block-image size-large\"><img loading=\"lazy\" decoding=\"async\" width=\"576\" height=\"1024\" src=\"https:\/\/www.gaultiercollette.ch\/wp-content\/uploads\/2022\/06\/Couverture-reels-576x1024.png\" alt=\"\" class=\"wp-image-1739\" srcset=\"https:\/\/www.gaultiercollette.ch\/wp-content\/uploads\/2022\/06\/Couverture-reels-576x1024.png 576w, https:\/\/www.gaultiercollette.ch\/wp-content\/uploads\/2022\/06\/Couverture-reels-169x300.png 169w, https:\/\/www.gaultiercollette.ch\/wp-content\/uploads\/2022\/06\/Couverture-reels-768x1365.png 768w, https:\/\/www.gaultiercollette.ch\/wp-content\/uploads\/2022\/06\/Couverture-reels-864x1536.png 864w, https:\/\/www.gaultiercollette.ch\/wp-content\/uploads\/2022\/06\/Couverture-reels.png 1080w\" sizes=\"auto, (max-width: 576px) 100vw, 576px\" \/><\/figure>\n<\/div>\n\n\n\n<div class=\"wp-block-column is-layout-flow wp-block-column-is-layout-flow\" style=\"flex-basis:25%\"><\/div>\n<\/div>\n<\/div>\n\n\n\n<div class=\"wp-block-column is-vertically-aligned-center is-layout-flow wp-block-column-is-layout-flow\">\n<figure class=\"wp-block-video\"><video height=\"1920\" style=\"aspect-ratio: 1080 \/ 1920;\" width=\"1080\" autoplay loop muted src=\"http:\/\/www.gaultiercollette.ch\/wp-content\/uploads\/2022\/05\/CEREMONY-9-16.mp4\" playsinline><\/video><\/figure>\n<\/div>\n<\/div>\n\n\n\n<div style=\"height:100px\" aria-hidden=\"true\" class=\"wp-block-spacer\"><\/div>\n\n\n\n<div class=\"wp-block-columns are-vertically-aligned-center is-layout-flex wp-container-core-columns-is-layout-9d6595d7 wp-block-columns-is-layout-flex\">\n<div class=\"wp-block-column is-vertically-aligned-center is-layout-flow wp-block-column-is-layout-flow\">\n<figure class=\"wp-block-image size-large\"><img loading=\"lazy\" decoding=\"async\" width=\"683\" height=\"1024\" src=\"http:\/\/www.gaultiercollette.ch\/wp-content\/uploads\/2022\/05\/2022-03-31_MAURY_DEVRED_PHOTOMATON_POUR-NE-FAIRE-QUUN_0093-def1-rvb_light-683x1024.jpg\" alt=\"\" class=\"wp-image-1392\" srcset=\"https:\/\/www.gaultiercollette.ch\/wp-content\/uploads\/2022\/05\/2022-03-31_MAURY_DEVRED_PHOTOMATON_POUR-NE-FAIRE-QUUN_0093-def1-rvb_light-683x1024.jpg 683w, https:\/\/www.gaultiercollette.ch\/wp-content\/uploads\/2022\/05\/2022-03-31_MAURY_DEVRED_PHOTOMATON_POUR-NE-FAIRE-QUUN_0093-def1-rvb_light-200x300.jpg 200w, https:\/\/www.gaultiercollette.ch\/wp-content\/uploads\/2022\/05\/2022-03-31_MAURY_DEVRED_PHOTOMATON_POUR-NE-FAIRE-QUUN_0093-def1-rvb_light-768x1152.jpg 768w, https:\/\/www.gaultiercollette.ch\/wp-content\/uploads\/2022\/05\/2022-03-31_MAURY_DEVRED_PHOTOMATON_POUR-NE-FAIRE-QUUN_0093-def1-rvb_light-1024x1536.jpg 1024w, https:\/\/www.gaultiercollette.ch\/wp-content\/uploads\/2022\/05\/2022-03-31_MAURY_DEVRED_PHOTOMATON_POUR-NE-FAIRE-QUUN_0093-def1-rvb_light-1366x2048.jpg 1366w, https:\/\/www.gaultiercollette.ch\/wp-content\/uploads\/2022\/05\/2022-03-31_MAURY_DEVRED_PHOTOMATON_POUR-NE-FAIRE-QUUN_0093-def1-rvb_light-scaled.jpg 1707w\" sizes=\"auto, (max-width: 683px) 100vw, 683px\" \/><\/figure>\n<\/div>\n\n\n\n<div class=\"wp-block-column is-vertically-aligned-center is-layout-flow wp-block-column-is-layout-flow\">\n<div class=\"wp-block-columns is-layout-flex wp-container-core-columns-is-layout-9d6595d7 wp-block-columns-is-layout-flex\">\n<div class=\"wp-block-column is-layout-flow wp-block-column-is-layout-flow\" style=\"flex-basis:25%\"><\/div>\n\n\n\n<div class=\"wp-block-column is-layout-flow wp-block-column-is-layout-flow\" style=\"flex-basis:50%\">\n<figure class=\"wp-block-video\"><video height=\"1920\" style=\"aspect-ratio: 1080 \/ 1920;\" width=\"1080\" autoplay loop muted src=\"http:\/\/www.gaultiercollette.ch\/wp-content\/uploads\/2022\/06\/STORY_TOUS-TES.mp4\" playsinline><\/video><\/figure>\n<\/div>\n\n\n\n<div class=\"wp-block-column is-layout-flow wp-block-column-is-layout-flow\" style=\"flex-basis:25%\"><\/div>\n<\/div>\n<\/div>\n<\/div>\n\n\n\n<div style=\"height:100px\" aria-hidden=\"true\" class=\"wp-block-spacer\"><\/div>\n\n\n\n<div class=\"wp-block-columns are-vertically-aligned-center is-layout-flex wp-container-core-columns-is-layout-9d6595d7 wp-block-columns-is-layout-flex\">\n<div class=\"wp-block-column is-vertically-aligned-center is-layout-flow wp-block-column-is-layout-flow\">\n<div class=\"wp-block-columns is-layout-flex wp-container-core-columns-is-layout-9d6595d7 wp-block-columns-is-layout-flex\">\n<div class=\"wp-block-column is-layout-flow wp-block-column-is-layout-flow\" style=\"flex-basis:25%\"><\/div>\n\n\n\n<div class=\"wp-block-column is-layout-flow wp-block-column-is-layout-flow\" style=\"flex-basis:50%\">\n<figure class=\"wp-block-video\"><video height=\"1920\" style=\"aspect-ratio: 1080 \/ 1920;\" width=\"1080\" autoplay loop muted src=\"http:\/\/www.gaultiercollette.ch\/wp-content\/uploads\/2022\/05\/DEVRED_CEREMONIE_Stroy_Photo_charles.mp4\" playsinline><\/video><\/figure>\n<\/div>\n\n\n\n<div class=\"wp-block-column is-layout-flow wp-block-column-is-layout-flow\" style=\"flex-basis:25%\"><\/div>\n<\/div>\n<\/div>\n\n\n\n<div class=\"wp-block-column is-vertically-aligned-center is-layout-flow wp-block-column-is-layout-flow\">\n<figure class=\"wp-block-image size-large\"><img loading=\"lazy\" decoding=\"async\" width=\"1580\" height=\"2370\" src=\"https:\/\/www.gaultiercollette.ch\/wp-content\/uploads\/2022\/06\/2022-04-01_MAURY_DEVRED_PHOTOMATON_CEREMONIE_TRIO_0269-def1-rvb_light-edited.jpg\" alt=\"\" class=\"wp-image-1742\" srcset=\"https:\/\/www.gaultiercollette.ch\/wp-content\/uploads\/2022\/06\/2022-04-01_MAURY_DEVRED_PHOTOMATON_CEREMONIE_TRIO_0269-def1-rvb_light-edited.jpg 1580w, https:\/\/www.gaultiercollette.ch\/wp-content\/uploads\/2022\/06\/2022-04-01_MAURY_DEVRED_PHOTOMATON_CEREMONIE_TRIO_0269-def1-rvb_light-edited-200x300.jpg 200w, https:\/\/www.gaultiercollette.ch\/wp-content\/uploads\/2022\/06\/2022-04-01_MAURY_DEVRED_PHOTOMATON_CEREMONIE_TRIO_0269-def1-rvb_light-edited-683x1024.jpg 683w, https:\/\/www.gaultiercollette.ch\/wp-content\/uploads\/2022\/06\/2022-04-01_MAURY_DEVRED_PHOTOMATON_CEREMONIE_TRIO_0269-def1-rvb_light-edited-768x1152.jpg 768w, https:\/\/www.gaultiercollette.ch\/wp-content\/uploads\/2022\/06\/2022-04-01_MAURY_DEVRED_PHOTOMATON_CEREMONIE_TRIO_0269-def1-rvb_light-edited-1024x1536.jpg 1024w, https:\/\/www.gaultiercollette.ch\/wp-content\/uploads\/2022\/06\/2022-04-01_MAURY_DEVRED_PHOTOMATON_CEREMONIE_TRIO_0269-def1-rvb_light-edited-1365x2048.jpg 1365w\" sizes=\"auto, (max-width: 1580px) 100vw, 1580px\" \/><\/figure>\n<\/div>\n<\/div>\n\n\n\n<div id=\"metaslider-id-4156\" style=\"width: 100%;\" class=\"ml-slider-3-98-0 ml-slider-pro-2-42-0 metaslider metaslider-flex metaslider-4156 ml-slider ms-theme-_theme_default nav-hidden\" role=\"region\" aria-roledescription=\"Slideshow\" aria-label=\"Devred PE22\" data-width=\"285\">\n    <div id=\"metaslider_container_4156\">\n        <div id=\"metaslider_4156\">\n            <ul class='slides'>\n                <li style=\"display: none; width: 100%;\" class=\"slide-4157 ms-image\" aria-roledescription=\"slide\" aria-label=\"slide-4157\" data-date=\"2024-12-09 12:09:06\"><img loading=\"lazy\" decoding=\"async\" src=\"https:\/\/www.gaultiercollette.ch\/wp-content\/uploads\/2022\/05\/2022-03-31_MAURY_DEVRED_PHOTOMATON_1ER-JOB_CASUAL_0082-def1-rvb_light-scaled-e1656423763705-570x800.jpg\" height=\"400\" width=\"285\" alt=\"\" class=\"slider-4156 slide-4157\" title=\"2022-03-31_MAURY_DEVRED_PHOTOMATON_1ER JOB_CASUAL_0082-def1-rvb_light\" \/><\/li>\n                <li style=\"display: none; width: 100%;\" class=\"slide-4158 ms-image\" aria-roledescription=\"slide\" aria-label=\"slide-4158\" data-date=\"2024-12-09 12:09:37\"><img loading=\"lazy\" decoding=\"async\" src=\"https:\/\/www.gaultiercollette.ch\/wp-content\/uploads\/2022\/05\/2022-03-31_MAURY_DEVRED_PHOTOMATON_1ER-JOB_FORMEL_0302-def1-rvb_light-scaled-e1656423784145-570x800.jpg\" height=\"400\" width=\"285\" alt=\"\" class=\"slider-4156 slide-4158\" title=\"2022-03-31_MAURY_DEVRED_PHOTOMATON_1ER JOB_FORMEL_0302-def1-rvb_light\" \/><\/li>\n                <li style=\"display: none; width: 100%;\" class=\"slide-4159 ms-image\" aria-roledescription=\"slide\" aria-label=\"slide-4159\" data-date=\"2024-12-09 12:09:58\"><img loading=\"lazy\" decoding=\"async\" src=\"https:\/\/www.gaultiercollette.ch\/wp-content\/uploads\/2022\/05\/2022-03-31_MAURY_DEVRED_PHOTOMATON_POUR-NE-FAIRE-QU-UN_0158-def1-rvb_light-scaled-e1656423818317-570x800.jpg\" height=\"400\" width=\"285\" alt=\"\" class=\"slider-4156 slide-4159\" title=\"2022-03-31_MAURY_DEVRED_PHOTOMATON_POUR NE FAIRE QU-UN_0158-def1-rvb_light\" \/><\/li>\n                <li style=\"display: none; width: 100%;\" class=\"slide-4160 ms-image\" aria-roledescription=\"slide\" aria-label=\"slide-4160\" data-date=\"2024-12-09 12:10:23\"><img loading=\"lazy\" decoding=\"async\" src=\"https:\/\/www.gaultiercollette.ch\/wp-content\/uploads\/2022\/05\/2022-04-01_MAURY_DEVRED_PHOTOMATON_CEREMONIE_CHARLES_0092-def1-rvb_light-scaled-e1656423845522-570x800.jpg\" height=\"400\" width=\"285\" alt=\"\" class=\"slider-4156 slide-4160\" title=\"2022-04-01_MAURY_DEVRED_PHOTOMATON_CEREMONIE_CHARLES_0092-def1-rvb_light\" \/><\/li>\n                <li style=\"display: none; width: 100%;\" class=\"slide-4161 ms-image\" aria-roledescription=\"slide\" aria-label=\"slide-4161\" data-date=\"2024-12-09 12:10:43\"><img loading=\"lazy\" decoding=\"async\" src=\"https:\/\/www.gaultiercollette.ch\/wp-content\/uploads\/2022\/05\/2022-04-01_MAURY_DEVRED_PHOTOMATON_CEREMONIE_LUKE_0013-def1-rvb_light-scaled-e1656423870389-570x800.jpg\" height=\"400\" width=\"285\" alt=\"\" class=\"slider-4156 slide-4161\" title=\"2022-04-01_MAURY_DEVRED_PHOTOMATON_CEREMONIE_LUKE_0013-def1-rvb_light\" \/><\/li>\n                <li style=\"display: none; width: 100%;\" class=\"slide-4162 ms-image\" aria-roledescription=\"slide\" aria-label=\"slide-4162\" data-date=\"2024-12-09 12:11:00\"><img loading=\"lazy\" decoding=\"async\" src=\"https:\/\/www.gaultiercollette.ch\/wp-content\/uploads\/2022\/05\/2022-04-01_MAURY_DEVRED_PHOTOMATON_CEREMONIE_NAZIM_0169-def1-rvb_light-scaled-e1656423911493-570x800.jpg\" height=\"400\" width=\"285\" alt=\"\" class=\"slider-4156 slide-4162\" title=\"2022-04-01_MAURY_DEVRED_PHOTOMATON_CEREMONIE_NAZIM_0169-def1-rvb_light\" \/><\/li>\n            <\/ul>\n        <\/div>\n        \n    <\/div>\n<\/div>\n\n\n\n<div style=\"height:100px\" aria-hidden=\"true\" class=\"wp-block-spacer\"><\/div>","protected":false},"excerpt":{"rendered":"","protected":false},"author":3,"featured_media":0,"parent":0,"menu_order":0,"comment_status":"closed","ping_status":"closed","template":"","meta":{"footnotes":""},"class_list":["post-1275","page","type-page","status-publish","hentry"],"yoast_head":"<!-- This site is optimized with the Yoast SEO plugin v27.5 - https:\/\/yoast.com\/product\/yoast-seo-wordpress\/ -->\n<title>Devred_ PE22 - Gaultier Collette<\/title>\n<meta name=\"description\" content=\"D\u00e9couvrez comment Gaultier Collette a accompagn\u00e9 Devred pour casser les codes souvent trop classiques des th\u00e8mes mariage et c\u00e9r\u00e9monie.\" \/>\n<meta name=\"robots\" content=\"index, follow, max-snippet:-1, max-image-preview:large, max-video-preview:-1\" \/>\n<link rel=\"canonical\" href=\"https:\/\/www.gaultiercollette.ch\/fr\/devred-pe22-ceremonie\/\" \/>\n<meta property=\"og:locale\" content=\"fr_FR\" \/>\n<meta property=\"og:type\" content=\"article\" \/>\n<meta property=\"og:title\" content=\"Devred_ PE22 - Gaultier Collette\" \/>\n<meta property=\"og:description\" content=\"D\u00e9couvrez comment Gaultier Collette a accompagn\u00e9 Devred pour casser les codes souvent trop classiques des th\u00e8mes mariage et c\u00e9r\u00e9monie.\" \/>\n<meta property=\"og:url\" content=\"https:\/\/www.gaultiercollette.ch\/fr\/devred-pe22-ceremonie\/\" \/>\n<meta property=\"og:site_name\" content=\"Gaultier Collette\" \/>\n<meta property=\"article:modified_time\" content=\"2024-12-09T11:14:40+00:00\" \/>\n<meta property=\"og:image\" content=\"https:\/\/www.gaultiercollette.ch\/wp-content\/uploads\/2022\/06\/Couverture-reels-576x1024.png\" \/>\n\t<meta property=\"og:image:width\" content=\"576\" \/>\n\t<meta property=\"og:image:height\" content=\"1024\" \/>\n\t<meta property=\"og:image:type\" content=\"image\/png\" \/>\n<meta name=\"twitter:card\" content=\"summary_large_image\" \/>\n<meta name=\"twitter:label1\" content=\"Dur\u00e9e de lecture estim\u00e9e\" \/>\n\t<meta name=\"twitter:data1\" content=\"1 minute\" \/>\n<script type=\"application\/ld+json\" class=\"yoast-schema-graph\">{\"@context\":\"https:\\\/\\\/schema.org\",\"@graph\":[{\"@type\":\"WebPage\",\"@id\":\"https:\\\/\\\/www.gaultiercollette.ch\\\/devred-pe22-ceremonie\\\/\",\"url\":\"https:\\\/\\\/www.gaultiercollette.ch\\\/devred-pe22-ceremonie\\\/\",\"name\":\"Devred_ PE22 - Gaultier Collette\",\"isPartOf\":{\"@id\":\"https:\\\/\\\/www.gaultiercollette.ch\\\/#website\"},\"primaryImageOfPage\":{\"@id\":\"https:\\\/\\\/www.gaultiercollette.ch\\\/devred-pe22-ceremonie\\\/#primaryimage\"},\"image\":{\"@id\":\"https:\\\/\\\/www.gaultiercollette.ch\\\/devred-pe22-ceremonie\\\/#primaryimage\"},\"thumbnailUrl\":\"https:\\\/\\\/www.gaultiercollette.ch\\\/wp-content\\\/uploads\\\/2022\\\/06\\\/Couverture-reels-576x1024.png\",\"datePublished\":\"2022-05-10T10:36:51+00:00\",\"dateModified\":\"2024-12-09T11:14:40+00:00\",\"description\":\"D\u00e9couvrez comment Gaultier Collette a accompagn\u00e9 Devred pour casser les codes souvent trop classiques des th\u00e8mes mariage et c\u00e9r\u00e9monie.\",\"breadcrumb\":{\"@id\":\"https:\\\/\\\/www.gaultiercollette.ch\\\/devred-pe22-ceremonie\\\/#breadcrumb\"},\"inLanguage\":\"fr-FR\",\"potentialAction\":[{\"@type\":\"ReadAction\",\"target\":[\"https:\\\/\\\/www.gaultiercollette.ch\\\/devred-pe22-ceremonie\\\/\"]}]},{\"@type\":\"ImageObject\",\"inLanguage\":\"fr-FR\",\"@id\":\"https:\\\/\\\/www.gaultiercollette.ch\\\/devred-pe22-ceremonie\\\/#primaryimage\",\"url\":\"https:\\\/\\\/www.gaultiercollette.ch\\\/wp-content\\\/uploads\\\/2022\\\/06\\\/Couverture-reels-576x1024.png\",\"contentUrl\":\"https:\\\/\\\/www.gaultiercollette.ch\\\/wp-content\\\/uploads\\\/2022\\\/06\\\/Couverture-reels-576x1024.png\"},{\"@type\":\"BreadcrumbList\",\"@id\":\"https:\\\/\\\/www.gaultiercollette.ch\\\/devred-pe22-ceremonie\\\/#breadcrumb\",\"itemListElement\":[{\"@type\":\"ListItem\",\"position\":1,\"name\":\"Accueil\",\"item\":\"https:\\\/\\\/www.gaultiercollette.ch\\\/\"},{\"@type\":\"ListItem\",\"position\":2,\"name\":\"Devred_ PE22\"}]},{\"@type\":\"WebSite\",\"@id\":\"https:\\\/\\\/www.gaultiercollette.ch\\\/#website\",\"url\":\"https:\\\/\\\/www.gaultiercollette.ch\\\/\",\"name\":\"Gaultier Collette\",\"description\":\"Agence cr\u00e9ative en strat\u00e9gie de marque\",\"potentialAction\":[{\"@type\":\"SearchAction\",\"target\":{\"@type\":\"EntryPoint\",\"urlTemplate\":\"https:\\\/\\\/www.gaultiercollette.ch\\\/?s={search_term_string}\"},\"query-input\":{\"@type\":\"PropertyValueSpecification\",\"valueRequired\":true,\"valueName\":\"search_term_string\"}}],\"inLanguage\":\"fr-FR\"}]}<\/script>\n<!-- \/ Yoast SEO plugin. -->","yoast_head_json":{"title":"Devred_ PE22 - Gaultier Collette","description":"D\u00e9couvrez comment Gaultier Collette a accompagn\u00e9 Devred pour casser les codes souvent trop classiques des th\u00e8mes mariage et c\u00e9r\u00e9monie.","robots":{"index":"index","follow":"follow","max-snippet":"max-snippet:-1","max-image-preview":"max-image-preview:large","max-video-preview":"max-video-preview:-1"},"canonical":"https:\/\/www.gaultiercollette.ch\/fr\/devred-pe22-ceremonie\/","og_locale":"fr_FR","og_type":"article","og_title":"Devred_ PE22 - Gaultier Collette","og_description":"D\u00e9couvrez comment Gaultier Collette a accompagn\u00e9 Devred pour casser les codes souvent trop classiques des th\u00e8mes mariage et c\u00e9r\u00e9monie.","og_url":"https:\/\/www.gaultiercollette.ch\/fr\/devred-pe22-ceremonie\/","og_site_name":"Gaultier Collette","article_modified_time":"2024-12-09T11:14:40+00:00","og_image":[{"width":576,"height":1024,"url":"https:\/\/www.gaultiercollette.ch\/wp-content\/uploads\/2022\/06\/Couverture-reels-576x1024.png","type":"image\/png"}],"twitter_card":"summary_large_image","twitter_misc":{"Dur\u00e9e de lecture estim\u00e9e":"1 minute"},"schema":{"@context":"https:\/\/schema.org","@graph":[{"@type":"WebPage","@id":"https:\/\/www.gaultiercollette.ch\/devred-pe22-ceremonie\/","url":"https:\/\/www.gaultiercollette.ch\/devred-pe22-ceremonie\/","name":"Devred_ PE22 - Gaultier Collette","isPartOf":{"@id":"https:\/\/www.gaultiercollette.ch\/#website"},"primaryImageOfPage":{"@id":"https:\/\/www.gaultiercollette.ch\/devred-pe22-ceremonie\/#primaryimage"},"image":{"@id":"https:\/\/www.gaultiercollette.ch\/devred-pe22-ceremonie\/#primaryimage"},"thumbnailUrl":"https:\/\/www.gaultiercollette.ch\/wp-content\/uploads\/2022\/06\/Couverture-reels-576x1024.png","datePublished":"2022-05-10T10:36:51+00:00","dateModified":"2024-12-09T11:14:40+00:00","description":"D\u00e9couvrez comment Gaultier Collette a accompagn\u00e9 Devred pour casser les codes souvent trop classiques des th\u00e8mes mariage et c\u00e9r\u00e9monie.","breadcrumb":{"@id":"https:\/\/www.gaultiercollette.ch\/devred-pe22-ceremonie\/#breadcrumb"},"inLanguage":"fr-FR","potentialAction":[{"@type":"ReadAction","target":["https:\/\/www.gaultiercollette.ch\/devred-pe22-ceremonie\/"]}]},{"@type":"ImageObject","inLanguage":"fr-FR","@id":"https:\/\/www.gaultiercollette.ch\/devred-pe22-ceremonie\/#primaryimage","url":"https:\/\/www.gaultiercollette.ch\/wp-content\/uploads\/2022\/06\/Couverture-reels-576x1024.png","contentUrl":"https:\/\/www.gaultiercollette.ch\/wp-content\/uploads\/2022\/06\/Couverture-reels-576x1024.png"},{"@type":"BreadcrumbList","@id":"https:\/\/www.gaultiercollette.ch\/devred-pe22-ceremonie\/#breadcrumb","itemListElement":[{"@type":"ListItem","position":1,"name":"Accueil","item":"https:\/\/www.gaultiercollette.ch\/"},{"@type":"ListItem","position":2,"name":"Devred_ PE22"}]},{"@type":"WebSite","@id":"https:\/\/www.gaultiercollette.ch\/#website","url":"https:\/\/www.gaultiercollette.ch\/","name":"Gaultier Collette","description":"Agence cr\u00e9ative en strat\u00e9gie de marque","potentialAction":[{"@type":"SearchAction","target":{"@type":"EntryPoint","urlTemplate":"https:\/\/www.gaultiercollette.ch\/?s={search_term_string}"},"query-input":{"@type":"PropertyValueSpecification","valueRequired":true,"valueName":"search_term_string"}}],"inLanguage":"fr-FR"}]}},"_links":{"self":[{"href":"https:\/\/www.gaultiercollette.ch\/fr\/wp-json\/wp\/v2\/pages\/1275","targetHints":{"allow":["GET"]}}],"collection":[{"href":"https:\/\/www.gaultiercollette.ch\/fr\/wp-json\/wp\/v2\/pages"}],"about":[{"href":"https:\/\/www.gaultiercollette.ch\/fr\/wp-json\/wp\/v2\/types\/page"}],"author":[{"embeddable":true,"href":"https:\/\/www.gaultiercollette.ch\/fr\/wp-json\/wp\/v2\/users\/3"}],"replies":[{"embeddable":true,"href":"https:\/\/www.gaultiercollette.ch\/fr\/wp-json\/wp\/v2\/comments?post=1275"}],"version-history":[{"count":40,"href":"https:\/\/www.gaultiercollette.ch\/fr\/wp-json\/wp\/v2\/pages\/1275\/revisions"}],"predecessor-version":[{"id":4164,"href":"https:\/\/www.gaultiercollette.ch\/fr\/wp-json\/wp\/v2\/pages\/1275\/revisions\/4164"}],"wp:attachment":[{"href":"https:\/\/www.gaultiercollette.ch\/fr\/wp-json\/wp\/v2\/media?parent=1275"}],"curies":[{"name":"wp","href":"https:\/\/api.w.org\/{rel}","templated":true}]}}