{"id":1283,"date":"2022-05-10T12:38:38","date_gmt":"2022-05-10T10:38:38","guid":{"rendered":"https:\/\/www.gaultiercollette.ch\/?page_id=1283"},"modified":"2023-09-01T14:28:13","modified_gmt":"2023-09-01T12:28:13","slug":"devred-histoire-de-marque","status":"publish","type":"page","link":"https:\/\/www.gaultiercollette.ch\/fr\/devred-histoire-de-marque\/","title":{"rendered":"Devred_ L&#8217;histoire"},"content":{"rendered":"<section class=\"back baseline anim-to-scroll\">\n            <a href=\"https:\/\/www.gaultiercollette.ch\/fr\/devred-liste\/\">\n          <svg xmlns=\"http:\/\/www.w3.org\/2000\/svg\" viewbox=\"0 0 28 24\" style=\"enable-background:new 0 0 28 24;\" xml:space=\"preserve\">\n        <style type=\"text\/css\">.st0{fill:none;stroke:#000000;stroke-width:2;stroke-miterlimit:10;}<\/style>\n        <rect x=\"2\" y=\"11\" width=\"25\" height=\"2\"\/>\n        <polyline class=\"st0\" points=\"12.8,23.2 1.5,12 12.8,0.8 \"\/>\n      <\/svg>\n      Retour\n    <\/a>\n<\/section>\n\n\n\n\n\n  <section class=\"case__header baseline anim-to-scroll\">\n    <div class=\"case__header-title\">\n      <h2 class=\"\">\n        <span class=\"title\">L&#8217;histoire<\/span>\n        <span class=\"title-year\"><\/span>\n      <\/h2>\n    <\/div>\n    <div class=\"case__header-text\">Film d\u2019animation et ouvrage retra\u00e7ant toute l\u2019histoire de la marque<\/div>\n  <\/section>\n\n\n\n\n\n\n    <section class=\"case__iframe baseline anim-to-scroll\">\n      <iframe\n        src=\"https:\/\/player.vimeo.com\/video\/713308781\"\n        allowfullscreen onload=\"adjustIframe(this)\"\n      ><\/iframe>\n    <\/section>\n\n\n\n\n  <section class=\"case__skills baseline anim-to-scroll\">\n    <ul>\n                      <li>Cr\u00e9ation de contenus<\/li>\n                              <li>Direction artistique<\/li>\n                              <li>Conception-R\u00e9daction<\/li>\n                              <li>Gestion de projet<\/li>\n                              <li>Gestion de prod<\/li>\n                  <\/ul>\n  <\/section>\n\n\n\n\n<div style=\"height:100px\" aria-hidden=\"true\" class=\"wp-block-spacer\"><\/div>\n\n\n\n<div class=\"wp-block-columns is-layout-flex wp-container-core-columns-is-layout-9d6595d7 wp-block-columns-is-layout-flex\">\n<div class=\"wp-block-column is-layout-flow wp-block-column-is-layout-flow\">\n<figure class=\"wp-block-image size-large\"><img loading=\"lazy\" decoding=\"async\" width=\"1024\" height=\"683\" src=\"https:\/\/www.gaultiercollette.ch\/wp-content\/uploads\/2022\/10\/DEVRED_livre_2-3-1024x683.png\" alt=\"\" class=\"wp-image-2801\" srcset=\"https:\/\/www.gaultiercollette.ch\/wp-content\/uploads\/2022\/10\/DEVRED_livre_2-3-1024x683.png 1024w, https:\/\/www.gaultiercollette.ch\/wp-content\/uploads\/2022\/10\/DEVRED_livre_2-3-300x200.png 300w, https:\/\/www.gaultiercollette.ch\/wp-content\/uploads\/2022\/10\/DEVRED_livre_2-3-768x512.png 768w, https:\/\/www.gaultiercollette.ch\/wp-content\/uploads\/2022\/10\/DEVRED_livre_2-3-1536x1024.png 1536w, https:\/\/www.gaultiercollette.ch\/wp-content\/uploads\/2022\/10\/DEVRED_livre_2-3-2048x1366.png 2048w\" sizes=\"auto, (max-width: 1024px) 100vw, 1024px\" \/><\/figure>\n<\/div>\n<\/div>\n\n\n\n<figure class=\"wp-block-image size-large\"><img loading=\"lazy\" decoding=\"async\" width=\"1024\" height=\"683\" src=\"https:\/\/www.gaultiercollette.ch\/wp-content\/uploads\/2022\/10\/DEVRED_livre_3-2-1024x683.png\" alt=\"\" class=\"wp-image-2792\" srcset=\"https:\/\/www.gaultiercollette.ch\/wp-content\/uploads\/2022\/10\/DEVRED_livre_3-2-1024x683.png 1024w, https:\/\/www.gaultiercollette.ch\/wp-content\/uploads\/2022\/10\/DEVRED_livre_3-2-300x200.png 300w, https:\/\/www.gaultiercollette.ch\/wp-content\/uploads\/2022\/10\/DEVRED_livre_3-2-768x512.png 768w, https:\/\/www.gaultiercollette.ch\/wp-content\/uploads\/2022\/10\/DEVRED_livre_3-2-1536x1024.png 1536w, https:\/\/www.gaultiercollette.ch\/wp-content\/uploads\/2022\/10\/DEVRED_livre_3-2-2048x1366.png 2048w\" sizes=\"auto, (max-width: 1024px) 100vw, 1024px\" \/><\/figure>\n\n\n\n<figure class=\"wp-block-image size-large\"><img loading=\"lazy\" decoding=\"async\" width=\"1024\" height=\"683\" src=\"https:\/\/www.gaultiercollette.ch\/wp-content\/uploads\/2022\/10\/DEVRED_livre_4-1-1024x683.png\" alt=\"\" class=\"wp-image-2793\" srcset=\"https:\/\/www.gaultiercollette.ch\/wp-content\/uploads\/2022\/10\/DEVRED_livre_4-1-1024x683.png 1024w, https:\/\/www.gaultiercollette.ch\/wp-content\/uploads\/2022\/10\/DEVRED_livre_4-1-300x200.png 300w, https:\/\/www.gaultiercollette.ch\/wp-content\/uploads\/2022\/10\/DEVRED_livre_4-1-768x512.png 768w, https:\/\/www.gaultiercollette.ch\/wp-content\/uploads\/2022\/10\/DEVRED_livre_4-1-1536x1024.png 1536w, https:\/\/www.gaultiercollette.ch\/wp-content\/uploads\/2022\/10\/DEVRED_livre_4-1-2048x1366.png 2048w\" sizes=\"auto, (max-width: 1024px) 100vw, 1024px\" \/><\/figure>","protected":false},"excerpt":{"rendered":"","protected":false},"author":3,"featured_media":0,"parent":0,"menu_order":0,"comment_status":"closed","ping_status":"closed","template":"","meta":{"footnotes":""},"class_list":["post-1283","page","type-page","status-publish","hentry"],"yoast_head":"<!-- This site is optimized with the Yoast SEO plugin v27.4 - https:\/\/yoast.com\/product\/yoast-seo-wordpress\/ -->\n<title>Devred_ L&#039;histoire - Gaultier Collette<\/title>\n<meta name=\"description\" content=\"Visionnez ce film d\u2019animation enti\u00e8rement r\u00e9alis\u00e9 par Gaultier Collette pour retracer de fa\u00e7on surprenante et captivante toute l\u2019histoire de la marque Devred. Un projet m\u00e9ticuleux ayant sollicit\u00e9 une gestion de projet experte.\" \/>\n<meta name=\"robots\" content=\"index, follow, max-snippet:-1, max-image-preview:large, max-video-preview:-1\" \/>\n<link rel=\"canonical\" href=\"https:\/\/www.gaultiercollette.ch\/fr\/devred-histoire-de-marque\/\" \/>\n<meta property=\"og:locale\" content=\"fr_FR\" \/>\n<meta property=\"og:type\" content=\"article\" \/>\n<meta property=\"og:title\" content=\"Devred_ L&#039;histoire - Gaultier Collette\" \/>\n<meta property=\"og:description\" content=\"Visionnez ce film d\u2019animation enti\u00e8rement r\u00e9alis\u00e9 par Gaultier Collette pour retracer de fa\u00e7on surprenante et captivante toute l\u2019histoire de la marque Devred. Un projet m\u00e9ticuleux ayant sollicit\u00e9 une gestion de projet experte.\" \/>\n<meta property=\"og:url\" content=\"https:\/\/www.gaultiercollette.ch\/fr\/devred-histoire-de-marque\/\" \/>\n<meta property=\"og:site_name\" content=\"Gaultier Collette\" \/>\n<meta property=\"article:modified_time\" content=\"2023-09-01T12:28:13+00:00\" \/>\n<meta property=\"og:image\" content=\"https:\/\/www.gaultiercollette.ch\/wp-content\/uploads\/2022\/10\/DEVRED_livre_2-3-1024x683.png\" \/>\n<meta name=\"twitter:card\" content=\"summary_large_image\" \/>\n<meta name=\"twitter:label1\" content=\"Dur\u00e9e de lecture estim\u00e9e\" \/>\n\t<meta name=\"twitter:data1\" content=\"1 minute\" \/>\n<script type=\"application\/ld+json\" class=\"yoast-schema-graph\">{\"@context\":\"https:\\\/\\\/schema.org\",\"@graph\":[{\"@type\":\"WebPage\",\"@id\":\"https:\\\/\\\/www.gaultiercollette.ch\\\/devred-histoire-de-marque\\\/\",\"url\":\"https:\\\/\\\/www.gaultiercollette.ch\\\/devred-histoire-de-marque\\\/\",\"name\":\"Devred_ L'histoire - Gaultier Collette\",\"isPartOf\":{\"@id\":\"https:\\\/\\\/www.gaultiercollette.ch\\\/#website\"},\"primaryImageOfPage\":{\"@id\":\"https:\\\/\\\/www.gaultiercollette.ch\\\/devred-histoire-de-marque\\\/#primaryimage\"},\"image\":{\"@id\":\"https:\\\/\\\/www.gaultiercollette.ch\\\/devred-histoire-de-marque\\\/#primaryimage\"},\"thumbnailUrl\":\"https:\\\/\\\/www.gaultiercollette.ch\\\/wp-content\\\/uploads\\\/2022\\\/10\\\/DEVRED_livre_2-3-1024x683.png\",\"datePublished\":\"2022-05-10T10:38:38+00:00\",\"dateModified\":\"2023-09-01T12:28:13+00:00\",\"description\":\"Visionnez ce film d\u2019animation enti\u00e8rement r\u00e9alis\u00e9 par Gaultier Collette pour retracer de fa\u00e7on surprenante et captivante toute l\u2019histoire de la marque Devred. Un projet m\u00e9ticuleux ayant sollicit\u00e9 une gestion de projet experte.\",\"breadcrumb\":{\"@id\":\"https:\\\/\\\/www.gaultiercollette.ch\\\/devred-histoire-de-marque\\\/#breadcrumb\"},\"inLanguage\":\"fr-FR\",\"potentialAction\":[{\"@type\":\"ReadAction\",\"target\":[\"https:\\\/\\\/www.gaultiercollette.ch\\\/devred-histoire-de-marque\\\/\"]}]},{\"@type\":\"ImageObject\",\"inLanguage\":\"fr-FR\",\"@id\":\"https:\\\/\\\/www.gaultiercollette.ch\\\/devred-histoire-de-marque\\\/#primaryimage\",\"url\":\"https:\\\/\\\/www.gaultiercollette.ch\\\/wp-content\\\/uploads\\\/2022\\\/10\\\/DEVRED_livre_2-3-1024x683.png\",\"contentUrl\":\"https:\\\/\\\/www.gaultiercollette.ch\\\/wp-content\\\/uploads\\\/2022\\\/10\\\/DEVRED_livre_2-3-1024x683.png\"},{\"@type\":\"BreadcrumbList\",\"@id\":\"https:\\\/\\\/www.gaultiercollette.ch\\\/devred-histoire-de-marque\\\/#breadcrumb\",\"itemListElement\":[{\"@type\":\"ListItem\",\"position\":1,\"name\":\"Accueil\",\"item\":\"https:\\\/\\\/www.gaultiercollette.ch\\\/\"},{\"@type\":\"ListItem\",\"position\":2,\"name\":\"Devred_ L&#8217;histoire\"}]},{\"@type\":\"WebSite\",\"@id\":\"https:\\\/\\\/www.gaultiercollette.ch\\\/#website\",\"url\":\"https:\\\/\\\/www.gaultiercollette.ch\\\/\",\"name\":\"Gaultier Collette\",\"description\":\"Agence cr\u00e9ative en strat\u00e9gie de marque\",\"potentialAction\":[{\"@type\":\"SearchAction\",\"target\":{\"@type\":\"EntryPoint\",\"urlTemplate\":\"https:\\\/\\\/www.gaultiercollette.ch\\\/?s={search_term_string}\"},\"query-input\":{\"@type\":\"PropertyValueSpecification\",\"valueRequired\":true,\"valueName\":\"search_term_string\"}}],\"inLanguage\":\"fr-FR\"}]}<\/script>\n<!-- \/ Yoast SEO plugin. -->","yoast_head_json":{"title":"Devred_ L'histoire - Gaultier Collette","description":"Visionnez ce film d\u2019animation enti\u00e8rement r\u00e9alis\u00e9 par Gaultier Collette pour retracer de fa\u00e7on surprenante et captivante toute l\u2019histoire de la marque Devred. Un projet m\u00e9ticuleux ayant sollicit\u00e9 une gestion de projet experte.","robots":{"index":"index","follow":"follow","max-snippet":"max-snippet:-1","max-image-preview":"max-image-preview:large","max-video-preview":"max-video-preview:-1"},"canonical":"https:\/\/www.gaultiercollette.ch\/fr\/devred-histoire-de-marque\/","og_locale":"fr_FR","og_type":"article","og_title":"Devred_ L'histoire - Gaultier Collette","og_description":"Visionnez ce film d\u2019animation enti\u00e8rement r\u00e9alis\u00e9 par Gaultier Collette pour retracer de fa\u00e7on surprenante et captivante toute l\u2019histoire de la marque Devred. Un projet m\u00e9ticuleux ayant sollicit\u00e9 une gestion de projet experte.","og_url":"https:\/\/www.gaultiercollette.ch\/fr\/devred-histoire-de-marque\/","og_site_name":"Gaultier Collette","article_modified_time":"2023-09-01T12:28:13+00:00","og_image":[{"url":"https:\/\/www.gaultiercollette.ch\/wp-content\/uploads\/2022\/10\/DEVRED_livre_2-3-1024x683.png","type":"","width":"","height":""}],"twitter_card":"summary_large_image","twitter_misc":{"Dur\u00e9e de lecture estim\u00e9e":"1 minute"},"schema":{"@context":"https:\/\/schema.org","@graph":[{"@type":"WebPage","@id":"https:\/\/www.gaultiercollette.ch\/devred-histoire-de-marque\/","url":"https:\/\/www.gaultiercollette.ch\/devred-histoire-de-marque\/","name":"Devred_ L'histoire - Gaultier Collette","isPartOf":{"@id":"https:\/\/www.gaultiercollette.ch\/#website"},"primaryImageOfPage":{"@id":"https:\/\/www.gaultiercollette.ch\/devred-histoire-de-marque\/#primaryimage"},"image":{"@id":"https:\/\/www.gaultiercollette.ch\/devred-histoire-de-marque\/#primaryimage"},"thumbnailUrl":"https:\/\/www.gaultiercollette.ch\/wp-content\/uploads\/2022\/10\/DEVRED_livre_2-3-1024x683.png","datePublished":"2022-05-10T10:38:38+00:00","dateModified":"2023-09-01T12:28:13+00:00","description":"Visionnez ce film d\u2019animation enti\u00e8rement r\u00e9alis\u00e9 par Gaultier Collette pour retracer de fa\u00e7on surprenante et captivante toute l\u2019histoire de la marque Devred. Un projet m\u00e9ticuleux ayant sollicit\u00e9 une gestion de projet experte.","breadcrumb":{"@id":"https:\/\/www.gaultiercollette.ch\/devred-histoire-de-marque\/#breadcrumb"},"inLanguage":"fr-FR","potentialAction":[{"@type":"ReadAction","target":["https:\/\/www.gaultiercollette.ch\/devred-histoire-de-marque\/"]}]},{"@type":"ImageObject","inLanguage":"fr-FR","@id":"https:\/\/www.gaultiercollette.ch\/devred-histoire-de-marque\/#primaryimage","url":"https:\/\/www.gaultiercollette.ch\/wp-content\/uploads\/2022\/10\/DEVRED_livre_2-3-1024x683.png","contentUrl":"https:\/\/www.gaultiercollette.ch\/wp-content\/uploads\/2022\/10\/DEVRED_livre_2-3-1024x683.png"},{"@type":"BreadcrumbList","@id":"https:\/\/www.gaultiercollette.ch\/devred-histoire-de-marque\/#breadcrumb","itemListElement":[{"@type":"ListItem","position":1,"name":"Accueil","item":"https:\/\/www.gaultiercollette.ch\/"},{"@type":"ListItem","position":2,"name":"Devred_ L&#8217;histoire"}]},{"@type":"WebSite","@id":"https:\/\/www.gaultiercollette.ch\/#website","url":"https:\/\/www.gaultiercollette.ch\/","name":"Gaultier Collette","description":"Agence cr\u00e9ative en strat\u00e9gie de marque","potentialAction":[{"@type":"SearchAction","target":{"@type":"EntryPoint","urlTemplate":"https:\/\/www.gaultiercollette.ch\/?s={search_term_string}"},"query-input":{"@type":"PropertyValueSpecification","valueRequired":true,"valueName":"search_term_string"}}],"inLanguage":"fr-FR"}]}},"_links":{"self":[{"href":"https:\/\/www.gaultiercollette.ch\/fr\/wp-json\/wp\/v2\/pages\/1283","targetHints":{"allow":["GET"]}}],"collection":[{"href":"https:\/\/www.gaultiercollette.ch\/fr\/wp-json\/wp\/v2\/pages"}],"about":[{"href":"https:\/\/www.gaultiercollette.ch\/fr\/wp-json\/wp\/v2\/types\/page"}],"author":[{"embeddable":true,"href":"https:\/\/www.gaultiercollette.ch\/fr\/wp-json\/wp\/v2\/users\/3"}],"replies":[{"embeddable":true,"href":"https:\/\/www.gaultiercollette.ch\/fr\/wp-json\/wp\/v2\/comments?post=1283"}],"version-history":[{"count":47,"href":"https:\/\/www.gaultiercollette.ch\/fr\/wp-json\/wp\/v2\/pages\/1283\/revisions"}],"predecessor-version":[{"id":2960,"href":"https:\/\/www.gaultiercollette.ch\/fr\/wp-json\/wp\/v2\/pages\/1283\/revisions\/2960"}],"wp:attachment":[{"href":"https:\/\/www.gaultiercollette.ch\/fr\/wp-json\/wp\/v2\/media?parent=1283"}],"curies":[{"name":"wp","href":"https:\/\/api.w.org\/{rel}","templated":true}]}}