{"id":1655,"date":"2022-06-07T17:44:15","date_gmt":"2022-06-07T15:44:15","guid":{"rendered":"https:\/\/www.gaultiercollette.ch\/?page_id=1655"},"modified":"2023-09-01T15:08:01","modified_gmt":"2023-09-01T13:08:01","slug":"medspa","status":"publish","type":"page","link":"https:\/\/www.gaultiercollette.ch\/fr\/medspa\/","title":{"rendered":"Medspa"},"content":{"rendered":"<section class=\"back baseline anim-to-scroll\">\n            <a href=\"https:\/\/www.gaultiercollette.ch\/fr\/\">\n          <svg xmlns=\"http:\/\/www.w3.org\/2000\/svg\" viewbox=\"0 0 28 24\" style=\"enable-background:new 0 0 28 24;\" xml:space=\"preserve\">\n        <style type=\"text\/css\">.st0{fill:none;stroke:#000000;stroke-width:2;stroke-miterlimit:10;}<\/style>\n        <rect x=\"2\" y=\"11\" width=\"25\" height=\"2\"\/>\n        <polyline class=\"st0\" points=\"12.8,23.2 1.5,12 12.8,0.8 \"\/>\n      <\/svg>\n      Retour\n    <\/a>\n<\/section>\n\n\n\n\n\n  <section class=\"case__header baseline anim-to-scroll\">\n    <div class=\"case__header-title\">\n      <h2 class=\"\">\n        <span class=\"title\">Medspa<\/span>\n        <span class=\"title-year\"><\/span>\n      <\/h2>\n    <\/div>\n    <div class=\"case__header-text\">Repositionnement de la marque et cr\u00e9ation d\u2019une nouvelle identit\u00e9 visuelle ainsi que  la charte graphique corespondante. Structuration marketing des gammes et lignes produits avec naming des gammes et design des packs primaires et secondaires.<\/div>\n  <\/section>\n\n\n\n\n\n\n    <section class=\"case__iframe baseline anim-to-scroll\">\n      <iframe\n        src=\"https:\/\/player.vimeo.com\/video\/718295453\"\n        allowfullscreen onload=\"adjustIframe(this)\"\n      ><\/iframe>\n    <\/section>\n\n\n\n\n  <section class=\"case__skills baseline anim-to-scroll\">\n    <ul>\n                      <li>Story-telling<\/li>\n                              <li>Cr\u00e9ation de contenus<\/li>\n                              <li>Direction artistique<\/li>\n                              <li>Conception-R\u00e9daction<\/li>\n                              <li>Packaging design<\/li>\n                              <li>Achat d'art<\/li>\n                              <li>Gestion de projet<\/li>\n                  <\/ul>\n  <\/section>\n\n\n\n\n<div class=\"wp-block-columns are-vertically-aligned-center is-layout-flex wp-container-core-columns-is-layout-9d6595d7 wp-block-columns-is-layout-flex\">\n<div class=\"wp-block-column is-vertically-aligned-center is-layout-flow wp-block-column-is-layout-flow\">\n<figure class=\"wp-block-image size-large\"><img loading=\"lazy\" decoding=\"async\" width=\"1024\" height=\"315\" src=\"http:\/\/www.gaultiercollette.ch\/wp-content\/uploads\/2022\/06\/MEDSPA-LAB_LOGOTYPE_logo_black_web-1-1024x315.png\" alt=\"\" class=\"wp-image-1954\" srcset=\"https:\/\/www.gaultiercollette.ch\/wp-content\/uploads\/2022\/06\/MEDSPA-LAB_LOGOTYPE_logo_black_web-1-1024x315.png 1024w, https:\/\/www.gaultiercollette.ch\/wp-content\/uploads\/2022\/06\/MEDSPA-LAB_LOGOTYPE_logo_black_web-1-300x92.png 300w, https:\/\/www.gaultiercollette.ch\/wp-content\/uploads\/2022\/06\/MEDSPA-LAB_LOGOTYPE_logo_black_web-1-768x236.png 768w, https:\/\/www.gaultiercollette.ch\/wp-content\/uploads\/2022\/06\/MEDSPA-LAB_LOGOTYPE_logo_black_web-1.png 1080w\" sizes=\"auto, (max-width: 1024px) 100vw, 1024px\" \/><\/figure>\n<\/div>\n\n\n\n<div class=\"wp-block-column is-vertically-aligned-center is-layout-flow wp-block-column-is-layout-flow\">\n<figure class=\"wp-block-image size-large\"><img loading=\"lazy\" decoding=\"async\" width=\"732\" height=\"1024\" src=\"http:\/\/www.gaultiercollette.ch\/wp-content\/uploads\/2022\/06\/MEDSPA_img_pack_gradient-732x1024.jpg\" alt=\"\" class=\"wp-image-1944\" srcset=\"https:\/\/www.gaultiercollette.ch\/wp-content\/uploads\/2022\/06\/MEDSPA_img_pack_gradient-732x1024.jpg 732w, https:\/\/www.gaultiercollette.ch\/wp-content\/uploads\/2022\/06\/MEDSPA_img_pack_gradient-214x300.jpg 214w, https:\/\/www.gaultiercollette.ch\/wp-content\/uploads\/2022\/06\/MEDSPA_img_pack_gradient-768x1075.jpg 768w, https:\/\/www.gaultiercollette.ch\/wp-content\/uploads\/2022\/06\/MEDSPA_img_pack_gradient-1097x1536.jpg 1097w, https:\/\/www.gaultiercollette.ch\/wp-content\/uploads\/2022\/06\/MEDSPA_img_pack_gradient-1463x2048.jpg 1463w, https:\/\/www.gaultiercollette.ch\/wp-content\/uploads\/2022\/06\/MEDSPA_img_pack_gradient.jpg 1772w\" sizes=\"auto, (max-width: 732px) 100vw, 732px\" \/><\/figure>\n<\/div>\n<\/div>\n\n\n\n<div style=\"height:50px\" aria-hidden=\"true\" class=\"wp-block-spacer\"><\/div>\n\n\n\n<figure class=\"wp-block-image size-large\"><img loading=\"lazy\" decoding=\"async\" width=\"1024\" height=\"525\" src=\"http:\/\/www.gaultiercollette.ch\/wp-content\/uploads\/2022\/06\/Produits_gamme-2-1-1024x525.jpg\" alt=\"\" class=\"wp-image-1960\" srcset=\"https:\/\/www.gaultiercollette.ch\/wp-content\/uploads\/2022\/06\/Produits_gamme-2-1-1024x525.jpg 1024w, https:\/\/www.gaultiercollette.ch\/wp-content\/uploads\/2022\/06\/Produits_gamme-2-1-300x154.jpg 300w, https:\/\/www.gaultiercollette.ch\/wp-content\/uploads\/2022\/06\/Produits_gamme-2-1-768x394.jpg 768w, https:\/\/www.gaultiercollette.ch\/wp-content\/uploads\/2022\/06\/Produits_gamme-2-1-1536x787.jpg 1536w, https:\/\/www.gaultiercollette.ch\/wp-content\/uploads\/2022\/06\/Produits_gamme-2-1-2048x1049.jpg 2048w\" sizes=\"auto, (max-width: 1024px) 100vw, 1024px\" \/><\/figure>\n\n\n\n<div style=\"height:50px\" aria-hidden=\"true\" class=\"wp-block-spacer\"><\/div>\n\n\n\n<figure class=\"wp-block-video\"><video height=\"1080\" style=\"aspect-ratio: 1920 \/ 1080;\" width=\"1920\" autoplay loop muted src=\"http:\/\/www.gaultiercollette.ch\/wp-content\/uploads\/2022\/06\/Medspa_liquide-1.mp4\" playsinline><\/video><\/figure>\n\n\n\n<div style=\"height:100px\" aria-hidden=\"true\" class=\"wp-block-spacer\"><\/div>\n\n\n\n<div class=\"wp-block-columns are-vertically-aligned-center is-layout-flex wp-container-core-columns-is-layout-9d6595d7 wp-block-columns-is-layout-flex\">\n<div class=\"wp-block-column is-vertically-aligned-center is-layout-flow wp-block-column-is-layout-flow\">\n<figure class=\"wp-block-image size-large\"><img loading=\"lazy\" decoding=\"async\" width=\"732\" height=\"1024\" src=\"http:\/\/www.gaultiercollette.ch\/wp-content\/uploads\/2022\/06\/Medspa_visuel-goutte_rec-732x1024.jpg\" alt=\"\" class=\"wp-image-1977\" srcset=\"https:\/\/www.gaultiercollette.ch\/wp-content\/uploads\/2022\/06\/Medspa_visuel-goutte_rec-732x1024.jpg 732w, https:\/\/www.gaultiercollette.ch\/wp-content\/uploads\/2022\/06\/Medspa_visuel-goutte_rec-214x300.jpg 214w, https:\/\/www.gaultiercollette.ch\/wp-content\/uploads\/2022\/06\/Medspa_visuel-goutte_rec-768x1075.jpg 768w, https:\/\/www.gaultiercollette.ch\/wp-content\/uploads\/2022\/06\/Medspa_visuel-goutte_rec.jpg 1072w\" sizes=\"auto, (max-width: 732px) 100vw, 732px\" \/><\/figure>\n<\/div>\n\n\n\n<div class=\"wp-block-column is-vertically-aligned-center is-layout-flow wp-block-column-is-layout-flow\">\n<div class=\"wp-block-columns is-layout-flex wp-container-core-columns-is-layout-9d6595d7 wp-block-columns-is-layout-flex\">\n<div class=\"wp-block-column is-layout-flow wp-block-column-is-layout-flow\" style=\"flex-basis:25%\"><\/div>\n\n\n\n<div class=\"wp-block-column is-layout-flow wp-block-column-is-layout-flow\" style=\"flex-basis:50%\">\n<figure class=\"wp-block-video\"><video height=\"1350\" style=\"aspect-ratio: 1080 \/ 1350;\" width=\"1080\" autoplay loop muted src=\"http:\/\/www.gaultiercollette.ch\/wp-content\/uploads\/2022\/06\/GC_RS_MEDSPA_LAB_animation_1.mp4\" playsinline><\/video><\/figure>\n<\/div>\n\n\n\n<div class=\"wp-block-column is-layout-flow wp-block-column-is-layout-flow\" style=\"flex-basis:25%\"><\/div>\n<\/div>\n<\/div>\n<\/div>\n\n\n\n<div style=\"height:50px\" aria-hidden=\"true\" class=\"wp-block-spacer\"><\/div>\n\n\n\n<figure class=\"wp-block-image size-large\"><img loading=\"lazy\" decoding=\"async\" width=\"1024\" height=\"525\" src=\"http:\/\/www.gaultiercollette.ch\/wp-content\/uploads\/2022\/06\/Produits_gamme-1-1024x525.jpg\" alt=\"\" class=\"wp-image-1961\" srcset=\"https:\/\/www.gaultiercollette.ch\/wp-content\/uploads\/2022\/06\/Produits_gamme-1-1024x525.jpg 1024w, https:\/\/www.gaultiercollette.ch\/wp-content\/uploads\/2022\/06\/Produits_gamme-1-300x154.jpg 300w, https:\/\/www.gaultiercollette.ch\/wp-content\/uploads\/2022\/06\/Produits_gamme-1-768x394.jpg 768w, https:\/\/www.gaultiercollette.ch\/wp-content\/uploads\/2022\/06\/Produits_gamme-1-1536x787.jpg 1536w, https:\/\/www.gaultiercollette.ch\/wp-content\/uploads\/2022\/06\/Produits_gamme-1-2048x1049.jpg 2048w\" sizes=\"auto, (max-width: 1024px) 100vw, 1024px\" \/><\/figure>","protected":false},"excerpt":{"rendered":"","protected":false},"author":3,"featured_media":0,"parent":0,"menu_order":0,"comment_status":"closed","ping_status":"closed","template":"","meta":{"footnotes":""},"class_list":["post-1655","page","type-page","status-publish","hentry"],"yoast_head":"<!-- This site is optimized with the Yoast SEO plugin v27.4 - https:\/\/yoast.com\/product\/yoast-seo-wordpress\/ -->\n<title>Medspa - Gaultier Collette<\/title>\n<meta name=\"description\" content=\"Expert de l\u2019approche holistique, profitez du repositionnement complet de la marque de cosm\u00e9tique Medspa pour d\u00e9couvrir l\u2019approche Gaultier Collette. Entre la cr\u00e9ation d\u2019une nouvelle identit\u00e9 visuelle et la charte graphique correspondante, la structuration marketing des lignes de produits, le concept de naming et leur d\u00e9clinaison, ou le design des packs primaires et secondaires, notre engagement \u00e0 la r\u00e9ussite de ce projet fut total et se poursuit toujours aujourd\u2019hui.\" \/>\n<meta name=\"robots\" content=\"index, follow, max-snippet:-1, max-image-preview:large, max-video-preview:-1\" \/>\n<link rel=\"canonical\" href=\"https:\/\/www.gaultiercollette.ch\/fr\/medspa\/\" \/>\n<meta property=\"og:locale\" content=\"fr_FR\" \/>\n<meta property=\"og:type\" content=\"article\" \/>\n<meta property=\"og:title\" content=\"Medspa - Gaultier Collette\" \/>\n<meta property=\"og:description\" content=\"Expert de l\u2019approche holistique, profitez du repositionnement complet de la marque de cosm\u00e9tique Medspa pour d\u00e9couvrir l\u2019approche Gaultier Collette. Entre la cr\u00e9ation d\u2019une nouvelle identit\u00e9 visuelle et la charte graphique correspondante, la structuration marketing des lignes de produits, le concept de naming et leur d\u00e9clinaison, ou le design des packs primaires et secondaires, notre engagement \u00e0 la r\u00e9ussite de ce projet fut total et se poursuit toujours aujourd\u2019hui.\" \/>\n<meta property=\"og:url\" content=\"https:\/\/www.gaultiercollette.ch\/fr\/medspa\/\" \/>\n<meta property=\"og:site_name\" content=\"Gaultier Collette\" \/>\n<meta property=\"article:modified_time\" content=\"2023-09-01T13:08:01+00:00\" \/>\n<meta property=\"og:image\" content=\"http:\/\/www.gaultiercollette.ch\/wp-content\/uploads\/2022\/06\/MEDSPA-LAB_LOGOTYPE_logo_black_web-1-1024x315.png\" \/>\n<meta name=\"twitter:card\" content=\"summary_large_image\" \/>\n<meta name=\"twitter:label1\" content=\"Dur\u00e9e de lecture estim\u00e9e\" \/>\n\t<meta name=\"twitter:data1\" content=\"1 minute\" \/>\n<script type=\"application\/ld+json\" class=\"yoast-schema-graph\">{\"@context\":\"https:\\\/\\\/schema.org\",\"@graph\":[{\"@type\":\"WebPage\",\"@id\":\"https:\\\/\\\/www.gaultiercollette.ch\\\/medspa\\\/\",\"url\":\"https:\\\/\\\/www.gaultiercollette.ch\\\/medspa\\\/\",\"name\":\"Medspa - Gaultier Collette\",\"isPartOf\":{\"@id\":\"https:\\\/\\\/www.gaultiercollette.ch\\\/#website\"},\"primaryImageOfPage\":{\"@id\":\"https:\\\/\\\/www.gaultiercollette.ch\\\/medspa\\\/#primaryimage\"},\"image\":{\"@id\":\"https:\\\/\\\/www.gaultiercollette.ch\\\/medspa\\\/#primaryimage\"},\"thumbnailUrl\":\"http:\\\/\\\/www.gaultiercollette.ch\\\/wp-content\\\/uploads\\\/2022\\\/06\\\/MEDSPA-LAB_LOGOTYPE_logo_black_web-1-1024x315.png\",\"datePublished\":\"2022-06-07T15:44:15+00:00\",\"dateModified\":\"2023-09-01T13:08:01+00:00\",\"description\":\"Expert de l\u2019approche holistique, profitez du repositionnement complet de la marque de cosm\u00e9tique Medspa pour d\u00e9couvrir l\u2019approche Gaultier Collette. Entre la cr\u00e9ation d\u2019une nouvelle identit\u00e9 visuelle et la charte graphique correspondante, la structuration marketing des lignes de produits, le concept de naming et leur d\u00e9clinaison, ou le design des packs primaires et secondaires, notre engagement \u00e0 la r\u00e9ussite de ce projet fut total et se poursuit toujours aujourd\u2019hui.\",\"breadcrumb\":{\"@id\":\"https:\\\/\\\/www.gaultiercollette.ch\\\/medspa\\\/#breadcrumb\"},\"inLanguage\":\"fr-FR\",\"potentialAction\":[{\"@type\":\"ReadAction\",\"target\":[\"https:\\\/\\\/www.gaultiercollette.ch\\\/medspa\\\/\"]}]},{\"@type\":\"ImageObject\",\"inLanguage\":\"fr-FR\",\"@id\":\"https:\\\/\\\/www.gaultiercollette.ch\\\/medspa\\\/#primaryimage\",\"url\":\"http:\\\/\\\/www.gaultiercollette.ch\\\/wp-content\\\/uploads\\\/2022\\\/06\\\/MEDSPA-LAB_LOGOTYPE_logo_black_web-1-1024x315.png\",\"contentUrl\":\"http:\\\/\\\/www.gaultiercollette.ch\\\/wp-content\\\/uploads\\\/2022\\\/06\\\/MEDSPA-LAB_LOGOTYPE_logo_black_web-1-1024x315.png\"},{\"@type\":\"BreadcrumbList\",\"@id\":\"https:\\\/\\\/www.gaultiercollette.ch\\\/medspa\\\/#breadcrumb\",\"itemListElement\":[{\"@type\":\"ListItem\",\"position\":1,\"name\":\"Accueil\",\"item\":\"https:\\\/\\\/www.gaultiercollette.ch\\\/\"},{\"@type\":\"ListItem\",\"position\":2,\"name\":\"Medspa\"}]},{\"@type\":\"WebSite\",\"@id\":\"https:\\\/\\\/www.gaultiercollette.ch\\\/#website\",\"url\":\"https:\\\/\\\/www.gaultiercollette.ch\\\/\",\"name\":\"Gaultier Collette\",\"description\":\"Agence cr\u00e9ative en strat\u00e9gie de marque\",\"potentialAction\":[{\"@type\":\"SearchAction\",\"target\":{\"@type\":\"EntryPoint\",\"urlTemplate\":\"https:\\\/\\\/www.gaultiercollette.ch\\\/?s={search_term_string}\"},\"query-input\":{\"@type\":\"PropertyValueSpecification\",\"valueRequired\":true,\"valueName\":\"search_term_string\"}}],\"inLanguage\":\"fr-FR\"}]}<\/script>\n<!-- \/ Yoast SEO plugin. -->","yoast_head_json":{"title":"Medspa - Gaultier Collette","description":"Expert de l\u2019approche holistique, profitez du repositionnement complet de la marque de cosm\u00e9tique Medspa pour d\u00e9couvrir l\u2019approche Gaultier Collette. Entre la cr\u00e9ation d\u2019une nouvelle identit\u00e9 visuelle et la charte graphique correspondante, la structuration marketing des lignes de produits, le concept de naming et leur d\u00e9clinaison, ou le design des packs primaires et secondaires, notre engagement \u00e0 la r\u00e9ussite de ce projet fut total et se poursuit toujours aujourd\u2019hui.","robots":{"index":"index","follow":"follow","max-snippet":"max-snippet:-1","max-image-preview":"max-image-preview:large","max-video-preview":"max-video-preview:-1"},"canonical":"https:\/\/www.gaultiercollette.ch\/fr\/medspa\/","og_locale":"fr_FR","og_type":"article","og_title":"Medspa - Gaultier Collette","og_description":"Expert de l\u2019approche holistique, profitez du repositionnement complet de la marque de cosm\u00e9tique Medspa pour d\u00e9couvrir l\u2019approche Gaultier Collette. Entre la cr\u00e9ation d\u2019une nouvelle identit\u00e9 visuelle et la charte graphique correspondante, la structuration marketing des lignes de produits, le concept de naming et leur d\u00e9clinaison, ou le design des packs primaires et secondaires, notre engagement \u00e0 la r\u00e9ussite de ce projet fut total et se poursuit toujours aujourd\u2019hui.","og_url":"https:\/\/www.gaultiercollette.ch\/fr\/medspa\/","og_site_name":"Gaultier Collette","article_modified_time":"2023-09-01T13:08:01+00:00","og_image":[{"url":"http:\/\/www.gaultiercollette.ch\/wp-content\/uploads\/2022\/06\/MEDSPA-LAB_LOGOTYPE_logo_black_web-1-1024x315.png","type":"","width":"","height":""}],"twitter_card":"summary_large_image","twitter_misc":{"Dur\u00e9e de lecture estim\u00e9e":"1 minute"},"schema":{"@context":"https:\/\/schema.org","@graph":[{"@type":"WebPage","@id":"https:\/\/www.gaultiercollette.ch\/medspa\/","url":"https:\/\/www.gaultiercollette.ch\/medspa\/","name":"Medspa - Gaultier Collette","isPartOf":{"@id":"https:\/\/www.gaultiercollette.ch\/#website"},"primaryImageOfPage":{"@id":"https:\/\/www.gaultiercollette.ch\/medspa\/#primaryimage"},"image":{"@id":"https:\/\/www.gaultiercollette.ch\/medspa\/#primaryimage"},"thumbnailUrl":"http:\/\/www.gaultiercollette.ch\/wp-content\/uploads\/2022\/06\/MEDSPA-LAB_LOGOTYPE_logo_black_web-1-1024x315.png","datePublished":"2022-06-07T15:44:15+00:00","dateModified":"2023-09-01T13:08:01+00:00","description":"Expert de l\u2019approche holistique, profitez du repositionnement complet de la marque de cosm\u00e9tique Medspa pour d\u00e9couvrir l\u2019approche Gaultier Collette. Entre la cr\u00e9ation d\u2019une nouvelle identit\u00e9 visuelle et la charte graphique correspondante, la structuration marketing des lignes de produits, le concept de naming et leur d\u00e9clinaison, ou le design des packs primaires et secondaires, notre engagement \u00e0 la r\u00e9ussite de ce projet fut total et se poursuit toujours aujourd\u2019hui.","breadcrumb":{"@id":"https:\/\/www.gaultiercollette.ch\/medspa\/#breadcrumb"},"inLanguage":"fr-FR","potentialAction":[{"@type":"ReadAction","target":["https:\/\/www.gaultiercollette.ch\/medspa\/"]}]},{"@type":"ImageObject","inLanguage":"fr-FR","@id":"https:\/\/www.gaultiercollette.ch\/medspa\/#primaryimage","url":"http:\/\/www.gaultiercollette.ch\/wp-content\/uploads\/2022\/06\/MEDSPA-LAB_LOGOTYPE_logo_black_web-1-1024x315.png","contentUrl":"http:\/\/www.gaultiercollette.ch\/wp-content\/uploads\/2022\/06\/MEDSPA-LAB_LOGOTYPE_logo_black_web-1-1024x315.png"},{"@type":"BreadcrumbList","@id":"https:\/\/www.gaultiercollette.ch\/medspa\/#breadcrumb","itemListElement":[{"@type":"ListItem","position":1,"name":"Accueil","item":"https:\/\/www.gaultiercollette.ch\/"},{"@type":"ListItem","position":2,"name":"Medspa"}]},{"@type":"WebSite","@id":"https:\/\/www.gaultiercollette.ch\/#website","url":"https:\/\/www.gaultiercollette.ch\/","name":"Gaultier Collette","description":"Agence cr\u00e9ative en strat\u00e9gie de marque","potentialAction":[{"@type":"SearchAction","target":{"@type":"EntryPoint","urlTemplate":"https:\/\/www.gaultiercollette.ch\/?s={search_term_string}"},"query-input":{"@type":"PropertyValueSpecification","valueRequired":true,"valueName":"search_term_string"}}],"inLanguage":"fr-FR"}]}},"_links":{"self":[{"href":"https:\/\/www.gaultiercollette.ch\/fr\/wp-json\/wp\/v2\/pages\/1655","targetHints":{"allow":["GET"]}}],"collection":[{"href":"https:\/\/www.gaultiercollette.ch\/fr\/wp-json\/wp\/v2\/pages"}],"about":[{"href":"https:\/\/www.gaultiercollette.ch\/fr\/wp-json\/wp\/v2\/types\/page"}],"author":[{"embeddable":true,"href":"https:\/\/www.gaultiercollette.ch\/fr\/wp-json\/wp\/v2\/users\/3"}],"replies":[{"embeddable":true,"href":"https:\/\/www.gaultiercollette.ch\/fr\/wp-json\/wp\/v2\/comments?post=1655"}],"version-history":[{"count":46,"href":"https:\/\/www.gaultiercollette.ch\/fr\/wp-json\/wp\/v2\/pages\/1655\/revisions"}],"predecessor-version":[{"id":2978,"href":"https:\/\/www.gaultiercollette.ch\/fr\/wp-json\/wp\/v2\/pages\/1655\/revisions\/2978"}],"wp:attachment":[{"href":"https:\/\/www.gaultiercollette.ch\/fr\/wp-json\/wp\/v2\/media?parent=1655"}],"curies":[{"name":"wp","href":"https:\/\/api.w.org\/{rel}","templated":true}]}}