{"id":3038,"date":"2023-03-27T15:41:20","date_gmt":"2023-03-27T13:41:20","guid":{"rendered":"https:\/\/www.gaultiercollette.ch\/?page_id=3038"},"modified":"2023-05-04T15:56:06","modified_gmt":"2023-05-04T13:56:06","slug":"renaud-cusenier","status":"publish","type":"page","link":"https:\/\/www.gaultiercollette.ch\/fr\/renaud-cusenier\/","title":{"rendered":"Renaud Cusenier"},"content":{"rendered":"<section class=\"back baseline anim-to-scroll\">\n            <a href=\"https:\/\/www.gaultiercollette.ch\/fr\/gallery\/\">\n          <svg xmlns=\"http:\/\/www.w3.org\/2000\/svg\" viewbox=\"0 0 28 24\" style=\"enable-background:new 0 0 28 24;\" xml:space=\"preserve\">\n        <style type=\"text\/css\">.st0{fill:none;stroke:#000000;stroke-width:2;stroke-miterlimit:10;}<\/style>\n        <rect x=\"2\" y=\"11\" width=\"25\" height=\"2\"\/>\n        <polyline class=\"st0\" points=\"12.8,23.2 1.5,12 12.8,0.8 \"\/>\n      <\/svg>\n      Retour\n    <\/a>\n<\/section>\n\n\n\n\n\n  <section class=\"case__header baseline anim-to-scroll\">\n    <div class=\"case__header-title\">\n      <h2 class=\"\">\n        <span class=\"title\">Renaud Cusenier<\/span>\n        <span class=\"title-year\"><\/span>\n      <\/h2>\n    <\/div>\n    <div class=\"case__header-text\">Directeur artistique senior chez GC.<br \/>\r\nL\u2019influence des courants artistiques dada\u00efste et surr\u00e9aliste font partie int\u00e9grante du processus cr\u00e9atif de l\u2019artiste. Il souhaite, \u00e0 travers cette capsule odyss\u00e9e de tableaux num\u00e9riques, interpeller sur les trois th\u00e8mes m\u00e9taphysiques fondamentaux : libert\u00e9, raison et r\u00e9alit\u00e9.<\/div>\n  <\/section>\n\n\n\n\n\n\n<figure class=\"wp-block-image size-full\"><img loading=\"lazy\" decoding=\"async\" width=\"1024\" height=\"1024\" src=\"https:\/\/www.gaultiercollette.ch\/wp-content\/uploads\/2023\/04\/Montage_10.jpg\" alt=\"\" class=\"wp-image-3132\" srcset=\"https:\/\/www.gaultiercollette.ch\/wp-content\/uploads\/2023\/04\/Montage_10.jpg 1024w, https:\/\/www.gaultiercollette.ch\/wp-content\/uploads\/2023\/04\/Montage_10-300x300.jpg 300w, https:\/\/www.gaultiercollette.ch\/wp-content\/uploads\/2023\/04\/Montage_10-150x150.jpg 150w, https:\/\/www.gaultiercollette.ch\/wp-content\/uploads\/2023\/04\/Montage_10-768x768.jpg 768w, https:\/\/www.gaultiercollette.ch\/wp-content\/uploads\/2023\/04\/Montage_10-12x12.jpg 12w, https:\/\/www.gaultiercollette.ch\/wp-content\/uploads\/2023\/04\/Montage_10-200x200.jpg 200w\" sizes=\"auto, (max-width: 1024px) 100vw, 1024px\" \/><\/figure>\n\n\n\n<div style=\"height:100px\" aria-hidden=\"true\" class=\"wp-block-spacer\"><\/div>\n\n\n\n<figure class=\"wp-block-image size-large\"><img loading=\"lazy\" decoding=\"async\" width=\"974\" height=\"1024\" src=\"https:\/\/www.gaultiercollette.ch\/wp-content\/uploads\/2022\/12\/Montage_1-1-974x1024.jpg\" alt=\"\" class=\"wp-image-3043\" srcset=\"https:\/\/www.gaultiercollette.ch\/wp-content\/uploads\/2022\/12\/Montage_1-1-974x1024.jpg 974w, https:\/\/www.gaultiercollette.ch\/wp-content\/uploads\/2022\/12\/Montage_1-1-285x300.jpg 285w, https:\/\/www.gaultiercollette.ch\/wp-content\/uploads\/2022\/12\/Montage_1-1-768x807.jpg 768w, https:\/\/www.gaultiercollette.ch\/wp-content\/uploads\/2022\/12\/Montage_1-1-1461x1536.jpg 1461w, https:\/\/www.gaultiercollette.ch\/wp-content\/uploads\/2022\/12\/Montage_1-1-1948x2048.jpg 1948w, https:\/\/www.gaultiercollette.ch\/wp-content\/uploads\/2022\/12\/Montage_1-1-11x12.jpg 11w, https:\/\/www.gaultiercollette.ch\/wp-content\/uploads\/2022\/12\/Montage_1-1.jpg 1969w\" sizes=\"auto, (max-width: 974px) 100vw, 974px\" \/><\/figure>\n\n\n\n<div style=\"height:100px\" aria-hidden=\"true\" class=\"wp-block-spacer\"><\/div>\n\n\n\n<figure class=\"wp-block-image size-large\"><img loading=\"lazy\" decoding=\"async\" width=\"1024\" height=\"1024\" src=\"https:\/\/www.gaultiercollette.ch\/wp-content\/uploads\/2022\/12\/Montage_2-1024x1024.jpg\" alt=\"\" class=\"wp-image-3044\" srcset=\"https:\/\/www.gaultiercollette.ch\/wp-content\/uploads\/2022\/12\/Montage_2-1024x1024.jpg 1024w, https:\/\/www.gaultiercollette.ch\/wp-content\/uploads\/2022\/12\/Montage_2-300x300.jpg 300w, https:\/\/www.gaultiercollette.ch\/wp-content\/uploads\/2022\/12\/Montage_2-150x150.jpg 150w, https:\/\/www.gaultiercollette.ch\/wp-content\/uploads\/2022\/12\/Montage_2-768x768.jpg 768w, https:\/\/www.gaultiercollette.ch\/wp-content\/uploads\/2022\/12\/Montage_2-1536x1536.jpg 1536w, https:\/\/www.gaultiercollette.ch\/wp-content\/uploads\/2022\/12\/Montage_2-12x12.jpg 12w, https:\/\/www.gaultiercollette.ch\/wp-content\/uploads\/2022\/12\/Montage_2.jpg 1969w\" sizes=\"auto, (max-width: 1024px) 100vw, 1024px\" \/><\/figure>\n\n\n\n<div style=\"height:100px\" aria-hidden=\"true\" class=\"wp-block-spacer\"><\/div>\n\n\n\n<figure class=\"wp-block-image size-large\"><img loading=\"lazy\" decoding=\"async\" width=\"1024\" height=\"1024\" src=\"https:\/\/www.gaultiercollette.ch\/wp-content\/uploads\/2022\/12\/Montage_3-1024x1024.jpg\" alt=\"\" class=\"wp-image-3045\" srcset=\"https:\/\/www.gaultiercollette.ch\/wp-content\/uploads\/2022\/12\/Montage_3-1024x1024.jpg 1024w, https:\/\/www.gaultiercollette.ch\/wp-content\/uploads\/2022\/12\/Montage_3-300x300.jpg 300w, https:\/\/www.gaultiercollette.ch\/wp-content\/uploads\/2022\/12\/Montage_3-150x150.jpg 150w, https:\/\/www.gaultiercollette.ch\/wp-content\/uploads\/2022\/12\/Montage_3-768x768.jpg 768w, https:\/\/www.gaultiercollette.ch\/wp-content\/uploads\/2022\/12\/Montage_3-1536x1536.jpg 1536w, https:\/\/www.gaultiercollette.ch\/wp-content\/uploads\/2022\/12\/Montage_3-12x12.jpg 12w, https:\/\/www.gaultiercollette.ch\/wp-content\/uploads\/2022\/12\/Montage_3.jpg 1969w\" sizes=\"auto, (max-width: 1024px) 100vw, 1024px\" \/><\/figure>\n\n\n\n<div style=\"height:100px\" aria-hidden=\"true\" class=\"wp-block-spacer\"><\/div>\n\n\n\n<figure class=\"wp-block-image size-large\"><img loading=\"lazy\" decoding=\"async\" width=\"1024\" height=\"1024\" src=\"https:\/\/www.gaultiercollette.ch\/wp-content\/uploads\/2022\/12\/Montage_4-1024x1024.jpg\" alt=\"\" class=\"wp-image-3046\" srcset=\"https:\/\/www.gaultiercollette.ch\/wp-content\/uploads\/2022\/12\/Montage_4-1024x1024.jpg 1024w, https:\/\/www.gaultiercollette.ch\/wp-content\/uploads\/2022\/12\/Montage_4-300x300.jpg 300w, https:\/\/www.gaultiercollette.ch\/wp-content\/uploads\/2022\/12\/Montage_4-150x150.jpg 150w, https:\/\/www.gaultiercollette.ch\/wp-content\/uploads\/2022\/12\/Montage_4-768x768.jpg 768w, https:\/\/www.gaultiercollette.ch\/wp-content\/uploads\/2022\/12\/Montage_4-1536x1536.jpg 1536w, https:\/\/www.gaultiercollette.ch\/wp-content\/uploads\/2022\/12\/Montage_4-12x12.jpg 12w, https:\/\/www.gaultiercollette.ch\/wp-content\/uploads\/2022\/12\/Montage_4.jpg 1969w\" sizes=\"auto, (max-width: 1024px) 100vw, 1024px\" \/><\/figure>\n\n\n\n<div style=\"height:100px\" aria-hidden=\"true\" class=\"wp-block-spacer\"><\/div>\n\n\n\n<figure class=\"wp-block-image size-large\"><img loading=\"lazy\" decoding=\"async\" width=\"1024\" height=\"1024\" src=\"https:\/\/www.gaultiercollette.ch\/wp-content\/uploads\/2022\/12\/Montage_5-1024x1024.jpg\" alt=\"\" class=\"wp-image-3047\" srcset=\"https:\/\/www.gaultiercollette.ch\/wp-content\/uploads\/2022\/12\/Montage_5-1024x1024.jpg 1024w, https:\/\/www.gaultiercollette.ch\/wp-content\/uploads\/2022\/12\/Montage_5-300x300.jpg 300w, https:\/\/www.gaultiercollette.ch\/wp-content\/uploads\/2022\/12\/Montage_5-150x150.jpg 150w, https:\/\/www.gaultiercollette.ch\/wp-content\/uploads\/2022\/12\/Montage_5-768x768.jpg 768w, https:\/\/www.gaultiercollette.ch\/wp-content\/uploads\/2022\/12\/Montage_5-1536x1536.jpg 1536w, https:\/\/www.gaultiercollette.ch\/wp-content\/uploads\/2022\/12\/Montage_5-12x12.jpg 12w, https:\/\/www.gaultiercollette.ch\/wp-content\/uploads\/2022\/12\/Montage_5.jpg 1969w\" sizes=\"auto, (max-width: 1024px) 100vw, 1024px\" \/><\/figure>\n\n\n\n<div style=\"height:100px\" aria-hidden=\"true\" class=\"wp-block-spacer\"><\/div>\n\n\n\n<figure class=\"wp-block-image size-large\"><img loading=\"lazy\" decoding=\"async\" width=\"1024\" height=\"1024\" src=\"https:\/\/www.gaultiercollette.ch\/wp-content\/uploads\/2022\/12\/Montage_6-1024x1024.jpg\" alt=\"\" class=\"wp-image-3048\" srcset=\"https:\/\/www.gaultiercollette.ch\/wp-content\/uploads\/2022\/12\/Montage_6-1024x1024.jpg 1024w, https:\/\/www.gaultiercollette.ch\/wp-content\/uploads\/2022\/12\/Montage_6-300x300.jpg 300w, https:\/\/www.gaultiercollette.ch\/wp-content\/uploads\/2022\/12\/Montage_6-150x150.jpg 150w, https:\/\/www.gaultiercollette.ch\/wp-content\/uploads\/2022\/12\/Montage_6-768x768.jpg 768w, https:\/\/www.gaultiercollette.ch\/wp-content\/uploads\/2022\/12\/Montage_6-1536x1536.jpg 1536w, https:\/\/www.gaultiercollette.ch\/wp-content\/uploads\/2022\/12\/Montage_6-12x12.jpg 12w, https:\/\/www.gaultiercollette.ch\/wp-content\/uploads\/2022\/12\/Montage_6.jpg 1969w\" sizes=\"auto, (max-width: 1024px) 100vw, 1024px\" \/><\/figure>\n\n\n\n<div style=\"height:100px\" aria-hidden=\"true\" class=\"wp-block-spacer\"><\/div>\n\n\n\n<figure class=\"wp-block-image size-large\"><img loading=\"lazy\" decoding=\"async\" width=\"1024\" height=\"1024\" src=\"https:\/\/www.gaultiercollette.ch\/wp-content\/uploads\/2022\/12\/Montage_7-1024x1024.jpg\" alt=\"\" class=\"wp-image-3049\" srcset=\"https:\/\/www.gaultiercollette.ch\/wp-content\/uploads\/2022\/12\/Montage_7-1024x1024.jpg 1024w, https:\/\/www.gaultiercollette.ch\/wp-content\/uploads\/2022\/12\/Montage_7-300x300.jpg 300w, https:\/\/www.gaultiercollette.ch\/wp-content\/uploads\/2022\/12\/Montage_7-150x150.jpg 150w, https:\/\/www.gaultiercollette.ch\/wp-content\/uploads\/2022\/12\/Montage_7-768x768.jpg 768w, https:\/\/www.gaultiercollette.ch\/wp-content\/uploads\/2022\/12\/Montage_7-1536x1536.jpg 1536w, https:\/\/www.gaultiercollette.ch\/wp-content\/uploads\/2022\/12\/Montage_7-12x12.jpg 12w, https:\/\/www.gaultiercollette.ch\/wp-content\/uploads\/2022\/12\/Montage_7.jpg 1969w\" sizes=\"auto, (max-width: 1024px) 100vw, 1024px\" \/><\/figure>\n\n\n\n<div style=\"height:100px\" aria-hidden=\"true\" class=\"wp-block-spacer\"><\/div>\n\n\n\n<figure class=\"wp-block-image size-large\"><img loading=\"lazy\" decoding=\"async\" width=\"1024\" height=\"1024\" src=\"https:\/\/www.gaultiercollette.ch\/wp-content\/uploads\/2022\/12\/Montage_8-1024x1024.jpg\" alt=\"\" class=\"wp-image-3050\" srcset=\"https:\/\/www.gaultiercollette.ch\/wp-content\/uploads\/2022\/12\/Montage_8-1024x1024.jpg 1024w, https:\/\/www.gaultiercollette.ch\/wp-content\/uploads\/2022\/12\/Montage_8-300x300.jpg 300w, https:\/\/www.gaultiercollette.ch\/wp-content\/uploads\/2022\/12\/Montage_8-150x150.jpg 150w, https:\/\/www.gaultiercollette.ch\/wp-content\/uploads\/2022\/12\/Montage_8-768x768.jpg 768w, https:\/\/www.gaultiercollette.ch\/wp-content\/uploads\/2022\/12\/Montage_8-1536x1536.jpg 1536w, https:\/\/www.gaultiercollette.ch\/wp-content\/uploads\/2022\/12\/Montage_8-12x12.jpg 12w, https:\/\/www.gaultiercollette.ch\/wp-content\/uploads\/2022\/12\/Montage_8.jpg 1969w\" sizes=\"auto, (max-width: 1024px) 100vw, 1024px\" \/><\/figure>","protected":false},"excerpt":{"rendered":"","protected":false},"author":3,"featured_media":0,"parent":0,"menu_order":0,"comment_status":"closed","ping_status":"closed","template":"","meta":{"footnotes":""},"class_list":["post-3038","page","type-page","status-publish","hentry"],"yoast_head":"<!-- This site is optimized with the Yoast SEO plugin v27.5 - https:\/\/yoast.com\/product\/yoast-seo-wordpress\/ -->\n<title>Renaud Cusenier - Gaultier Collette<\/title>\n<meta name=\"robots\" content=\"index, follow, max-snippet:-1, max-image-preview:large, max-video-preview:-1\" \/>\n<link rel=\"canonical\" href=\"https:\/\/www.gaultiercollette.ch\/fr\/renaud-cusenier\/\" \/>\n<meta property=\"og:locale\" content=\"fr_FR\" \/>\n<meta property=\"og:type\" content=\"article\" \/>\n<meta property=\"og:title\" content=\"Renaud Cusenier - Gaultier Collette\" \/>\n<meta property=\"og:url\" content=\"https:\/\/www.gaultiercollette.ch\/fr\/renaud-cusenier\/\" \/>\n<meta property=\"og:site_name\" content=\"Gaultier Collette\" \/>\n<meta property=\"article:modified_time\" content=\"2023-05-04T13:56:06+00:00\" \/>\n<meta property=\"og:image\" content=\"https:\/\/www.gaultiercollette.ch\/wp-content\/uploads\/2023\/04\/Montage_10.jpg\" \/>\n<meta name=\"twitter:card\" content=\"summary_large_image\" \/>\n<meta name=\"twitter:label1\" content=\"Dur\u00e9e de lecture estim\u00e9e\" \/>\n\t<meta name=\"twitter:data1\" content=\"2 minutes\" \/>\n<script type=\"application\/ld+json\" class=\"yoast-schema-graph\">{\"@context\":\"https:\\\/\\\/schema.org\",\"@graph\":[{\"@type\":\"WebPage\",\"@id\":\"https:\\\/\\\/www.gaultiercollette.ch\\\/renaud-cusenier\\\/\",\"url\":\"https:\\\/\\\/www.gaultiercollette.ch\\\/renaud-cusenier\\\/\",\"name\":\"Renaud Cusenier - Gaultier Collette\",\"isPartOf\":{\"@id\":\"https:\\\/\\\/www.gaultiercollette.ch\\\/#website\"},\"primaryImageOfPage\":{\"@id\":\"https:\\\/\\\/www.gaultiercollette.ch\\\/renaud-cusenier\\\/#primaryimage\"},\"image\":{\"@id\":\"https:\\\/\\\/www.gaultiercollette.ch\\\/renaud-cusenier\\\/#primaryimage\"},\"thumbnailUrl\":\"https:\\\/\\\/www.gaultiercollette.ch\\\/wp-content\\\/uploads\\\/2023\\\/04\\\/Montage_10.jpg\",\"datePublished\":\"2023-03-27T13:41:20+00:00\",\"dateModified\":\"2023-05-04T13:56:06+00:00\",\"breadcrumb\":{\"@id\":\"https:\\\/\\\/www.gaultiercollette.ch\\\/renaud-cusenier\\\/#breadcrumb\"},\"inLanguage\":\"fr-FR\",\"potentialAction\":[{\"@type\":\"ReadAction\",\"target\":[\"https:\\\/\\\/www.gaultiercollette.ch\\\/renaud-cusenier\\\/\"]}]},{\"@type\":\"ImageObject\",\"inLanguage\":\"fr-FR\",\"@id\":\"https:\\\/\\\/www.gaultiercollette.ch\\\/renaud-cusenier\\\/#primaryimage\",\"url\":\"https:\\\/\\\/www.gaultiercollette.ch\\\/wp-content\\\/uploads\\\/2023\\\/04\\\/Montage_10.jpg\",\"contentUrl\":\"https:\\\/\\\/www.gaultiercollette.ch\\\/wp-content\\\/uploads\\\/2023\\\/04\\\/Montage_10.jpg\"},{\"@type\":\"BreadcrumbList\",\"@id\":\"https:\\\/\\\/www.gaultiercollette.ch\\\/renaud-cusenier\\\/#breadcrumb\",\"itemListElement\":[{\"@type\":\"ListItem\",\"position\":1,\"name\":\"Accueil\",\"item\":\"https:\\\/\\\/www.gaultiercollette.ch\\\/\"},{\"@type\":\"ListItem\",\"position\":2,\"name\":\"Renaud Cusenier\"}]},{\"@type\":\"WebSite\",\"@id\":\"https:\\\/\\\/www.gaultiercollette.ch\\\/#website\",\"url\":\"https:\\\/\\\/www.gaultiercollette.ch\\\/\",\"name\":\"Gaultier Collette\",\"description\":\"Agence cr\u00e9ative en strat\u00e9gie de marque\",\"potentialAction\":[{\"@type\":\"SearchAction\",\"target\":{\"@type\":\"EntryPoint\",\"urlTemplate\":\"https:\\\/\\\/www.gaultiercollette.ch\\\/?s={search_term_string}\"},\"query-input\":{\"@type\":\"PropertyValueSpecification\",\"valueRequired\":true,\"valueName\":\"search_term_string\"}}],\"inLanguage\":\"fr-FR\"}]}<\/script>\n<!-- \/ Yoast SEO plugin. -->","yoast_head_json":{"title":"Renaud Cusenier - Gaultier Collette","robots":{"index":"index","follow":"follow","max-snippet":"max-snippet:-1","max-image-preview":"max-image-preview:large","max-video-preview":"max-video-preview:-1"},"canonical":"https:\/\/www.gaultiercollette.ch\/fr\/renaud-cusenier\/","og_locale":"fr_FR","og_type":"article","og_title":"Renaud Cusenier - Gaultier Collette","og_url":"https:\/\/www.gaultiercollette.ch\/fr\/renaud-cusenier\/","og_site_name":"Gaultier Collette","article_modified_time":"2023-05-04T13:56:06+00:00","og_image":[{"url":"https:\/\/www.gaultiercollette.ch\/wp-content\/uploads\/2023\/04\/Montage_10.jpg","type":"","width":"","height":""}],"twitter_card":"summary_large_image","twitter_misc":{"Dur\u00e9e de lecture estim\u00e9e":"2 minutes"},"schema":{"@context":"https:\/\/schema.org","@graph":[{"@type":"WebPage","@id":"https:\/\/www.gaultiercollette.ch\/renaud-cusenier\/","url":"https:\/\/www.gaultiercollette.ch\/renaud-cusenier\/","name":"Renaud Cusenier - Gaultier Collette","isPartOf":{"@id":"https:\/\/www.gaultiercollette.ch\/#website"},"primaryImageOfPage":{"@id":"https:\/\/www.gaultiercollette.ch\/renaud-cusenier\/#primaryimage"},"image":{"@id":"https:\/\/www.gaultiercollette.ch\/renaud-cusenier\/#primaryimage"},"thumbnailUrl":"https:\/\/www.gaultiercollette.ch\/wp-content\/uploads\/2023\/04\/Montage_10.jpg","datePublished":"2023-03-27T13:41:20+00:00","dateModified":"2023-05-04T13:56:06+00:00","breadcrumb":{"@id":"https:\/\/www.gaultiercollette.ch\/renaud-cusenier\/#breadcrumb"},"inLanguage":"fr-FR","potentialAction":[{"@type":"ReadAction","target":["https:\/\/www.gaultiercollette.ch\/renaud-cusenier\/"]}]},{"@type":"ImageObject","inLanguage":"fr-FR","@id":"https:\/\/www.gaultiercollette.ch\/renaud-cusenier\/#primaryimage","url":"https:\/\/www.gaultiercollette.ch\/wp-content\/uploads\/2023\/04\/Montage_10.jpg","contentUrl":"https:\/\/www.gaultiercollette.ch\/wp-content\/uploads\/2023\/04\/Montage_10.jpg"},{"@type":"BreadcrumbList","@id":"https:\/\/www.gaultiercollette.ch\/renaud-cusenier\/#breadcrumb","itemListElement":[{"@type":"ListItem","position":1,"name":"Accueil","item":"https:\/\/www.gaultiercollette.ch\/"},{"@type":"ListItem","position":2,"name":"Renaud Cusenier"}]},{"@type":"WebSite","@id":"https:\/\/www.gaultiercollette.ch\/#website","url":"https:\/\/www.gaultiercollette.ch\/","name":"Gaultier Collette","description":"Agence cr\u00e9ative en strat\u00e9gie de marque","potentialAction":[{"@type":"SearchAction","target":{"@type":"EntryPoint","urlTemplate":"https:\/\/www.gaultiercollette.ch\/?s={search_term_string}"},"query-input":{"@type":"PropertyValueSpecification","valueRequired":true,"valueName":"search_term_string"}}],"inLanguage":"fr-FR"}]}},"_links":{"self":[{"href":"https:\/\/www.gaultiercollette.ch\/fr\/wp-json\/wp\/v2\/pages\/3038","targetHints":{"allow":["GET"]}}],"collection":[{"href":"https:\/\/www.gaultiercollette.ch\/fr\/wp-json\/wp\/v2\/pages"}],"about":[{"href":"https:\/\/www.gaultiercollette.ch\/fr\/wp-json\/wp\/v2\/types\/page"}],"author":[{"embeddable":true,"href":"https:\/\/www.gaultiercollette.ch\/fr\/wp-json\/wp\/v2\/users\/3"}],"replies":[{"embeddable":true,"href":"https:\/\/www.gaultiercollette.ch\/fr\/wp-json\/wp\/v2\/comments?post=3038"}],"version-history":[{"count":24,"href":"https:\/\/www.gaultiercollette.ch\/fr\/wp-json\/wp\/v2\/pages\/3038\/revisions"}],"predecessor-version":[{"id":3319,"href":"https:\/\/www.gaultiercollette.ch\/fr\/wp-json\/wp\/v2\/pages\/3038\/revisions\/3319"}],"wp:attachment":[{"href":"https:\/\/www.gaultiercollette.ch\/fr\/wp-json\/wp\/v2\/media?parent=3038"}],"curies":[{"name":"wp","href":"https:\/\/api.w.org\/{rel}","templated":true}]}}