{"id":3259,"date":"2023-05-12T13:26:39","date_gmt":"2023-05-12T11:26:39","guid":{"rendered":"https:\/\/www.gaultiercollette.ch\/?page_id=3259"},"modified":"2024-05-23T15:55:38","modified_gmt":"2024-05-23T13:55:38","slug":"benoit-favre","status":"publish","type":"page","link":"https:\/\/www.gaultiercollette.ch\/fr\/benoit-favre\/","title":{"rendered":"Benoit Favre"},"content":{"rendered":"<section class=\"back baseline anim-to-scroll\">\n            <a href=\"https:\/\/www.gaultiercollette.ch\/fr\/gallery\/\">\n          <svg xmlns=\"http:\/\/www.w3.org\/2000\/svg\" viewbox=\"0 0 28 24\" style=\"enable-background:new 0 0 28 24;\" xml:space=\"preserve\">\n        <style type=\"text\/css\">.st0{fill:none;stroke:#000000;stroke-width:2;stroke-miterlimit:10;}<\/style>\n        <rect x=\"2\" y=\"11\" width=\"25\" height=\"2\"\/>\n        <polyline class=\"st0\" points=\"12.8,23.2 1.5,12 12.8,0.8 \"\/>\n      <\/svg>\n      Retour\n    <\/a>\n<\/section>\n\n\n\n\n\n  <section class=\"case__header baseline anim-to-scroll\">\n    <div class=\"case__header-title\">\n      <h2 class=\"\">\n        <span class=\"title\">Benoit Favre <\/span>\n        <span class=\"title-year\"><\/span>\n      <\/h2>\n    <\/div>\n    <div class=\"case__header-text\">Graphiste ind\u00e9pendant et sculpteur.<br \/>\r\nPour compenser les aspects num\u00e9rique et \u00e9ph\u00e9m\u00e8re de sa production graphique, Benoit se rend dans la nature o\u00f9 il s\u00e9lectionne des pierres afin de mat\u00e9rialiser, par des gestes ancestraux, une part d\u2019\u00e9ternit\u00e9. A partir d\u2019un trouble cognitif qui l\u2019am\u00e8ne \u00e0 voir des figures \u00e9vanescentes dans les formes qui l\u2019entourent, il lib\u00e8re des visages qui cherchent \u00e0 sortir de la mati\u00e8re. En associant sa vision de graphiste et son int\u00e9r\u00eat pour l\u2019art primitif, il envisage son travail artistique comme l\u2019\u00e9laboration d\u2019une identit\u00e9 graphique qui lui survirait.<\/div>\n  <\/section>\n\n\n\n\n\n\n<figure class=\"wp-block-image size-full\"><img loading=\"lazy\" decoding=\"async\" width=\"1204\" height=\"800\" src=\"https:\/\/www.gaultiercollette.ch\/wp-content\/uploads\/2023\/05\/image_ref_Benoit.png\" alt=\"\" class=\"wp-image-3261\" srcset=\"https:\/\/www.gaultiercollette.ch\/wp-content\/uploads\/2023\/05\/image_ref_Benoit.png 1204w, https:\/\/www.gaultiercollette.ch\/wp-content\/uploads\/2023\/05\/image_ref_Benoit-300x199.png 300w, https:\/\/www.gaultiercollette.ch\/wp-content\/uploads\/2023\/05\/image_ref_Benoit-1024x680.png 1024w, https:\/\/www.gaultiercollette.ch\/wp-content\/uploads\/2023\/05\/image_ref_Benoit-768x510.png 768w, https:\/\/www.gaultiercollette.ch\/wp-content\/uploads\/2023\/05\/image_ref_Benoit-18x12.png 18w\" sizes=\"auto, (max-width: 1204px) 100vw, 1204px\" \/><\/figure>\n\n\n\n<figure class=\"wp-block-image size-full\"><img loading=\"lazy\" decoding=\"async\" width=\"1204\" height=\"1478\" src=\"https:\/\/www.gaultiercollette.ch\/wp-content\/uploads\/2023\/05\/pierre_fonce_face-2.png\" alt=\"\" class=\"wp-image-3303\" srcset=\"https:\/\/www.gaultiercollette.ch\/wp-content\/uploads\/2023\/05\/pierre_fonce_face-2.png 1204w, https:\/\/www.gaultiercollette.ch\/wp-content\/uploads\/2023\/05\/pierre_fonce_face-2-244x300.png 244w, https:\/\/www.gaultiercollette.ch\/wp-content\/uploads\/2023\/05\/pierre_fonce_face-2-834x1024.png 834w, https:\/\/www.gaultiercollette.ch\/wp-content\/uploads\/2023\/05\/pierre_fonce_face-2-768x943.png 768w, https:\/\/www.gaultiercollette.ch\/wp-content\/uploads\/2023\/05\/pierre_fonce_face-2-10x12.png 10w\" sizes=\"auto, (max-width: 1204px) 100vw, 1204px\" \/><\/figure>\n\n\n\n<div class=\"wp-block-columns is-layout-flex wp-container-core-columns-is-layout-9d6595d7 wp-block-columns-is-layout-flex\">\n<div class=\"wp-block-column is-layout-flow wp-block-column-is-layout-flow\">\n<figure class=\"wp-block-image size-full\"><img loading=\"lazy\" decoding=\"async\" width=\"374\" height=\"532\" src=\"https:\/\/www.gaultiercollette.ch\/wp-content\/uploads\/2023\/05\/bois_face-1.png\" alt=\"\" class=\"wp-image-3280\" srcset=\"https:\/\/www.gaultiercollette.ch\/wp-content\/uploads\/2023\/05\/bois_face-1.png 374w, https:\/\/www.gaultiercollette.ch\/wp-content\/uploads\/2023\/05\/bois_face-1-211x300.png 211w, https:\/\/www.gaultiercollette.ch\/wp-content\/uploads\/2023\/05\/bois_face-1-8x12.png 8w\" sizes=\"auto, (max-width: 374px) 100vw, 374px\" \/><\/figure>\n<\/div>\n\n\n\n<div class=\"wp-block-column is-layout-flow wp-block-column-is-layout-flow\">\n<figure class=\"wp-block-image size-full\"><img loading=\"lazy\" decoding=\"async\" width=\"376\" height=\"534\" src=\"https:\/\/www.gaultiercollette.ch\/wp-content\/uploads\/2023\/05\/Rectangle-30.png\" alt=\"\" class=\"wp-image-3281\" srcset=\"https:\/\/www.gaultiercollette.ch\/wp-content\/uploads\/2023\/05\/Rectangle-30.png 376w, https:\/\/www.gaultiercollette.ch\/wp-content\/uploads\/2023\/05\/Rectangle-30-211x300.png 211w, https:\/\/www.gaultiercollette.ch\/wp-content\/uploads\/2023\/05\/Rectangle-30-8x12.png 8w\" sizes=\"auto, (max-width: 376px) 100vw, 376px\" \/><\/figure>\n<\/div>\n\n\n\n<div class=\"wp-block-column is-layout-flow wp-block-column-is-layout-flow\">\n<figure class=\"wp-block-image size-full\"><img loading=\"lazy\" decoding=\"async\" width=\"376\" height=\"532\" src=\"https:\/\/www.gaultiercollette.ch\/wp-content\/uploads\/2023\/05\/bois_3_4-1.png\" alt=\"\" class=\"wp-image-3282\" srcset=\"https:\/\/www.gaultiercollette.ch\/wp-content\/uploads\/2023\/05\/bois_3_4-1.png 376w, https:\/\/www.gaultiercollette.ch\/wp-content\/uploads\/2023\/05\/bois_3_4-1-212x300.png 212w, https:\/\/www.gaultiercollette.ch\/wp-content\/uploads\/2023\/05\/bois_3_4-1-8x12.png 8w\" sizes=\"auto, (max-width: 376px) 100vw, 376px\" \/><\/figure>\n<\/div>\n<\/div>\n\n\n\n<figure class=\"wp-block-image size-full\"><img loading=\"lazy\" decoding=\"async\" width=\"1202\" height=\"1286\" src=\"https:\/\/www.gaultiercollette.ch\/wp-content\/uploads\/2023\/05\/image_4.png\" alt=\"\" class=\"wp-image-3285\" srcset=\"https:\/\/www.gaultiercollette.ch\/wp-content\/uploads\/2023\/05\/image_4.png 1202w, https:\/\/www.gaultiercollette.ch\/wp-content\/uploads\/2023\/05\/image_4-280x300.png 280w, https:\/\/www.gaultiercollette.ch\/wp-content\/uploads\/2023\/05\/image_4-957x1024.png 957w, https:\/\/www.gaultiercollette.ch\/wp-content\/uploads\/2023\/05\/image_4-768x822.png 768w, https:\/\/www.gaultiercollette.ch\/wp-content\/uploads\/2023\/05\/image_4-11x12.png 11w\" sizes=\"auto, (max-width: 1202px) 100vw, 1202px\" \/><\/figure>\n\n\n\n<figure class=\"wp-block-image size-full\"><img loading=\"lazy\" decoding=\"async\" width=\"1202\" height=\"1202\" src=\"https:\/\/www.gaultiercollette.ch\/wp-content\/uploads\/2023\/05\/pierre_5.png\" alt=\"\" class=\"wp-image-3286\" srcset=\"https:\/\/www.gaultiercollette.ch\/wp-content\/uploads\/2023\/05\/pierre_5.png 1202w, https:\/\/www.gaultiercollette.ch\/wp-content\/uploads\/2023\/05\/pierre_5-300x300.png 300w, https:\/\/www.gaultiercollette.ch\/wp-content\/uploads\/2023\/05\/pierre_5-1024x1024.png 1024w, https:\/\/www.gaultiercollette.ch\/wp-content\/uploads\/2023\/05\/pierre_5-150x150.png 150w, https:\/\/www.gaultiercollette.ch\/wp-content\/uploads\/2023\/05\/pierre_5-768x768.png 768w, https:\/\/www.gaultiercollette.ch\/wp-content\/uploads\/2023\/05\/pierre_5-12x12.png 12w\" sizes=\"auto, (max-width: 1202px) 100vw, 1202px\" \/><\/figure>\n\n\n\n<figure class=\"wp-block-image size-full\"><img loading=\"lazy\" decoding=\"async\" width=\"1204\" height=\"788\" src=\"https:\/\/www.gaultiercollette.ch\/wp-content\/uploads\/2023\/05\/pierre_6-1.png\" alt=\"\" class=\"wp-image-3288\" srcset=\"https:\/\/www.gaultiercollette.ch\/wp-content\/uploads\/2023\/05\/pierre_6-1.png 1204w, https:\/\/www.gaultiercollette.ch\/wp-content\/uploads\/2023\/05\/pierre_6-1-300x196.png 300w, https:\/\/www.gaultiercollette.ch\/wp-content\/uploads\/2023\/05\/pierre_6-1-1024x670.png 1024w, https:\/\/www.gaultiercollette.ch\/wp-content\/uploads\/2023\/05\/pierre_6-1-768x503.png 768w, https:\/\/www.gaultiercollette.ch\/wp-content\/uploads\/2023\/05\/pierre_6-1-18x12.png 18w\" sizes=\"auto, (max-width: 1204px) 100vw, 1204px\" \/><\/figure>\n\n\n\n<figure class=\"wp-block-image size-full\"><img loading=\"lazy\" decoding=\"async\" width=\"1204\" height=\"1214\" src=\"https:\/\/www.gaultiercollette.ch\/wp-content\/uploads\/2023\/05\/IMG_20211228_152445_062-2.png\" alt=\"\" class=\"wp-image-3304\" srcset=\"https:\/\/www.gaultiercollette.ch\/wp-content\/uploads\/2023\/05\/IMG_20211228_152445_062-2.png 1204w, https:\/\/www.gaultiercollette.ch\/wp-content\/uploads\/2023\/05\/IMG_20211228_152445_062-2-298x300.png 298w, https:\/\/www.gaultiercollette.ch\/wp-content\/uploads\/2023\/05\/IMG_20211228_152445_062-2-1016x1024.png 1016w, https:\/\/www.gaultiercollette.ch\/wp-content\/uploads\/2023\/05\/IMG_20211228_152445_062-2-150x150.png 150w, https:\/\/www.gaultiercollette.ch\/wp-content\/uploads\/2023\/05\/IMG_20211228_152445_062-2-768x774.png 768w, https:\/\/www.gaultiercollette.ch\/wp-content\/uploads\/2023\/05\/IMG_20211228_152445_062-2-12x12.png 12w\" sizes=\"auto, (max-width: 1204px) 100vw, 1204px\" \/><\/figure>","protected":false},"excerpt":{"rendered":"","protected":false},"author":2,"featured_media":0,"parent":0,"menu_order":0,"comment_status":"closed","ping_status":"closed","template":"","meta":{"footnotes":""},"class_list":["post-3259","page","type-page","status-publish","hentry"],"yoast_head":"<!-- This site is optimized with the Yoast SEO plugin v27.5 - https:\/\/yoast.com\/product\/yoast-seo-wordpress\/ -->\n<title>Benoit Favre - Graphiste et sculpteur - Gaultier Collette<\/title>\n<meta name=\"description\" content=\"D\u00e9couvrez Benoit Favre, graphiste visionnaire, lib\u00e9rant des visages avec des pierres pour une identit\u00e9 graphique intemporelle au-del\u00e0 de la technologie\" \/>\n<meta name=\"robots\" content=\"index, follow, max-snippet:-1, max-image-preview:large, max-video-preview:-1\" \/>\n<link rel=\"canonical\" href=\"https:\/\/www.gaultiercollette.ch\/fr\/benoit-favre\/\" \/>\n<meta property=\"og:locale\" content=\"fr_FR\" \/>\n<meta property=\"og:type\" content=\"article\" \/>\n<meta property=\"og:title\" content=\"Benoit Favre - Graphiste et sculpteur - Gaultier Collette\" \/>\n<meta property=\"og:description\" content=\"D\u00e9couvrez Benoit Favre, graphiste visionnaire, lib\u00e9rant des visages avec des pierres pour une identit\u00e9 graphique intemporelle au-del\u00e0 de la technologie\" \/>\n<meta property=\"og:url\" content=\"https:\/\/www.gaultiercollette.ch\/fr\/benoit-favre\/\" \/>\n<meta property=\"og:site_name\" content=\"Gaultier Collette\" \/>\n<meta property=\"article:modified_time\" content=\"2024-05-23T13:55:38+00:00\" \/>\n<meta property=\"og:image\" content=\"https:\/\/www.gaultiercollette.ch\/wp-content\/uploads\/2023\/05\/image_ref_Benoit.png\" \/>\n<meta name=\"twitter:card\" content=\"summary_large_image\" \/>\n<meta name=\"twitter:label1\" content=\"Dur\u00e9e de lecture estim\u00e9e\" \/>\n\t<meta name=\"twitter:data1\" content=\"2 minutes\" \/>\n<script type=\"application\/ld+json\" class=\"yoast-schema-graph\">{\"@context\":\"https:\\\/\\\/schema.org\",\"@graph\":[{\"@type\":\"WebPage\",\"@id\":\"https:\\\/\\\/www.gaultiercollette.ch\\\/benoit-favre\\\/\",\"url\":\"https:\\\/\\\/www.gaultiercollette.ch\\\/benoit-favre\\\/\",\"name\":\"Benoit Favre - Graphiste et sculpteur - Gaultier Collette\",\"isPartOf\":{\"@id\":\"https:\\\/\\\/www.gaultiercollette.ch\\\/#website\"},\"primaryImageOfPage\":{\"@id\":\"https:\\\/\\\/www.gaultiercollette.ch\\\/benoit-favre\\\/#primaryimage\"},\"image\":{\"@id\":\"https:\\\/\\\/www.gaultiercollette.ch\\\/benoit-favre\\\/#primaryimage\"},\"thumbnailUrl\":\"https:\\\/\\\/www.gaultiercollette.ch\\\/wp-content\\\/uploads\\\/2023\\\/05\\\/image_ref_Benoit.png\",\"datePublished\":\"2023-05-12T11:26:39+00:00\",\"dateModified\":\"2024-05-23T13:55:38+00:00\",\"description\":\"D\u00e9couvrez Benoit Favre, graphiste visionnaire, lib\u00e9rant des visages avec des pierres pour une identit\u00e9 graphique intemporelle au-del\u00e0 de la technologie\",\"breadcrumb\":{\"@id\":\"https:\\\/\\\/www.gaultiercollette.ch\\\/benoit-favre\\\/#breadcrumb\"},\"inLanguage\":\"fr-FR\",\"potentialAction\":[{\"@type\":\"ReadAction\",\"target\":[\"https:\\\/\\\/www.gaultiercollette.ch\\\/benoit-favre\\\/\"]}]},{\"@type\":\"ImageObject\",\"inLanguage\":\"fr-FR\",\"@id\":\"https:\\\/\\\/www.gaultiercollette.ch\\\/benoit-favre\\\/#primaryimage\",\"url\":\"https:\\\/\\\/www.gaultiercollette.ch\\\/wp-content\\\/uploads\\\/2023\\\/05\\\/image_ref_Benoit.png\",\"contentUrl\":\"https:\\\/\\\/www.gaultiercollette.ch\\\/wp-content\\\/uploads\\\/2023\\\/05\\\/image_ref_Benoit.png\"},{\"@type\":\"BreadcrumbList\",\"@id\":\"https:\\\/\\\/www.gaultiercollette.ch\\\/benoit-favre\\\/#breadcrumb\",\"itemListElement\":[{\"@type\":\"ListItem\",\"position\":1,\"name\":\"Accueil\",\"item\":\"https:\\\/\\\/www.gaultiercollette.ch\\\/\"},{\"@type\":\"ListItem\",\"position\":2,\"name\":\"Benoit Favre\"}]},{\"@type\":\"WebSite\",\"@id\":\"https:\\\/\\\/www.gaultiercollette.ch\\\/#website\",\"url\":\"https:\\\/\\\/www.gaultiercollette.ch\\\/\",\"name\":\"Gaultier Collette\",\"description\":\"Agence cr\u00e9ative en strat\u00e9gie de marque\",\"potentialAction\":[{\"@type\":\"SearchAction\",\"target\":{\"@type\":\"EntryPoint\",\"urlTemplate\":\"https:\\\/\\\/www.gaultiercollette.ch\\\/?s={search_term_string}\"},\"query-input\":{\"@type\":\"PropertyValueSpecification\",\"valueRequired\":true,\"valueName\":\"search_term_string\"}}],\"inLanguage\":\"fr-FR\"}]}<\/script>\n<!-- \/ Yoast SEO plugin. -->","yoast_head_json":{"title":"Benoit Favre - Graphiste et sculpteur - Gaultier Collette","description":"D\u00e9couvrez Benoit Favre, graphiste visionnaire, lib\u00e9rant des visages avec des pierres pour une identit\u00e9 graphique intemporelle au-del\u00e0 de la technologie","robots":{"index":"index","follow":"follow","max-snippet":"max-snippet:-1","max-image-preview":"max-image-preview:large","max-video-preview":"max-video-preview:-1"},"canonical":"https:\/\/www.gaultiercollette.ch\/fr\/benoit-favre\/","og_locale":"fr_FR","og_type":"article","og_title":"Benoit Favre - Graphiste et sculpteur - Gaultier Collette","og_description":"D\u00e9couvrez Benoit Favre, graphiste visionnaire, lib\u00e9rant des visages avec des pierres pour une identit\u00e9 graphique intemporelle au-del\u00e0 de la technologie","og_url":"https:\/\/www.gaultiercollette.ch\/fr\/benoit-favre\/","og_site_name":"Gaultier Collette","article_modified_time":"2024-05-23T13:55:38+00:00","og_image":[{"url":"https:\/\/www.gaultiercollette.ch\/wp-content\/uploads\/2023\/05\/image_ref_Benoit.png","type":"","width":"","height":""}],"twitter_card":"summary_large_image","twitter_misc":{"Dur\u00e9e de lecture estim\u00e9e":"2 minutes"},"schema":{"@context":"https:\/\/schema.org","@graph":[{"@type":"WebPage","@id":"https:\/\/www.gaultiercollette.ch\/benoit-favre\/","url":"https:\/\/www.gaultiercollette.ch\/benoit-favre\/","name":"Benoit Favre - Graphiste et sculpteur - Gaultier Collette","isPartOf":{"@id":"https:\/\/www.gaultiercollette.ch\/#website"},"primaryImageOfPage":{"@id":"https:\/\/www.gaultiercollette.ch\/benoit-favre\/#primaryimage"},"image":{"@id":"https:\/\/www.gaultiercollette.ch\/benoit-favre\/#primaryimage"},"thumbnailUrl":"https:\/\/www.gaultiercollette.ch\/wp-content\/uploads\/2023\/05\/image_ref_Benoit.png","datePublished":"2023-05-12T11:26:39+00:00","dateModified":"2024-05-23T13:55:38+00:00","description":"D\u00e9couvrez Benoit Favre, graphiste visionnaire, lib\u00e9rant des visages avec des pierres pour une identit\u00e9 graphique intemporelle au-del\u00e0 de la technologie","breadcrumb":{"@id":"https:\/\/www.gaultiercollette.ch\/benoit-favre\/#breadcrumb"},"inLanguage":"fr-FR","potentialAction":[{"@type":"ReadAction","target":["https:\/\/www.gaultiercollette.ch\/benoit-favre\/"]}]},{"@type":"ImageObject","inLanguage":"fr-FR","@id":"https:\/\/www.gaultiercollette.ch\/benoit-favre\/#primaryimage","url":"https:\/\/www.gaultiercollette.ch\/wp-content\/uploads\/2023\/05\/image_ref_Benoit.png","contentUrl":"https:\/\/www.gaultiercollette.ch\/wp-content\/uploads\/2023\/05\/image_ref_Benoit.png"},{"@type":"BreadcrumbList","@id":"https:\/\/www.gaultiercollette.ch\/benoit-favre\/#breadcrumb","itemListElement":[{"@type":"ListItem","position":1,"name":"Accueil","item":"https:\/\/www.gaultiercollette.ch\/"},{"@type":"ListItem","position":2,"name":"Benoit Favre"}]},{"@type":"WebSite","@id":"https:\/\/www.gaultiercollette.ch\/#website","url":"https:\/\/www.gaultiercollette.ch\/","name":"Gaultier Collette","description":"Agence cr\u00e9ative en strat\u00e9gie de marque","potentialAction":[{"@type":"SearchAction","target":{"@type":"EntryPoint","urlTemplate":"https:\/\/www.gaultiercollette.ch\/?s={search_term_string}"},"query-input":{"@type":"PropertyValueSpecification","valueRequired":true,"valueName":"search_term_string"}}],"inLanguage":"fr-FR"}]}},"_links":{"self":[{"href":"https:\/\/www.gaultiercollette.ch\/fr\/wp-json\/wp\/v2\/pages\/3259","targetHints":{"allow":["GET"]}}],"collection":[{"href":"https:\/\/www.gaultiercollette.ch\/fr\/wp-json\/wp\/v2\/pages"}],"about":[{"href":"https:\/\/www.gaultiercollette.ch\/fr\/wp-json\/wp\/v2\/types\/page"}],"author":[{"embeddable":true,"href":"https:\/\/www.gaultiercollette.ch\/fr\/wp-json\/wp\/v2\/users\/2"}],"replies":[{"embeddable":true,"href":"https:\/\/www.gaultiercollette.ch\/fr\/wp-json\/wp\/v2\/comments?post=3259"}],"version-history":[{"count":48,"href":"https:\/\/www.gaultiercollette.ch\/fr\/wp-json\/wp\/v2\/pages\/3259\/revisions"}],"predecessor-version":[{"id":3852,"href":"https:\/\/www.gaultiercollette.ch\/fr\/wp-json\/wp\/v2\/pages\/3259\/revisions\/3852"}],"wp:attachment":[{"href":"https:\/\/www.gaultiercollette.ch\/fr\/wp-json\/wp\/v2\/media?parent=3259"}],"curies":[{"name":"wp","href":"https:\/\/api.w.org\/{rel}","templated":true}]}}