{"id":3578,"date":"2023-10-10T10:36:36","date_gmt":"2023-10-10T08:36:36","guid":{"rendered":"https:\/\/www.gaultiercollette.ch\/?page_id=3578"},"modified":"2024-05-23T15:51:26","modified_gmt":"2024-05-23T13:51:26","slug":"anna-masurel","status":"publish","type":"page","link":"https:\/\/www.gaultiercollette.ch\/fr\/anna-masurel\/","title":{"rendered":"Anna Masurel"},"content":{"rendered":"<section class=\"back baseline anim-to-scroll\">\n            <a href=\"https:\/\/www.gaultiercollette.ch\/fr\/gallery\/\">\n          <svg xmlns=\"http:\/\/www.w3.org\/2000\/svg\" viewbox=\"0 0 28 24\" style=\"enable-background:new 0 0 28 24;\" xml:space=\"preserve\">\n        <style type=\"text\/css\">.st0{fill:none;stroke:#000000;stroke-width:2;stroke-miterlimit:10;}<\/style>\n        <rect x=\"2\" y=\"11\" width=\"25\" height=\"2\"\/>\n        <polyline class=\"st0\" points=\"12.8,23.2 1.5,12 12.8,0.8 \"\/>\n      <\/svg>\n      Retour\n    <\/a>\n<\/section>\n\n\n\n\n\n  <section class=\"case__header baseline anim-to-scroll\">\n    <div class=\"case__header-title\">\n      <h2 class=\"\">\n        <span class=\"title\">Anna Masurel<\/span>\n        <span class=\"title-year\"><\/span>\n      <\/h2>\n    <\/div>\n    <div class=\"case__header-text\">Illustratrice, musicienne et enseignante.<br \/>\r\nDans sa collection d\u2019illustrations Wonderlands, Anna d\u00e9peint les dangers de notre soci\u00e9t\u00e9 en s\u2019inspirant des contes. R\u00e9alis\u00e9s sur papier pour finir num\u00e9ris\u00e9s puis coloris\u00e9s, ses dessins aux couleurs vives, souvent fluos, rappellent la technique de la risographie. Artiste aux multiples talents, Anna compose aussi de la musique \u00e9lectronique o\u00f9 ses voix, enveloppantes et spectrales, \u00e9voquent ce m\u00eame monde onirique aux contours inqui\u00e9tants.<br \/>\r\n<\/div>\n  <\/section>\n\n\n\n\n\n\n<figure class=\"wp-block-image size-full\"><img loading=\"lazy\" decoding=\"async\" width=\"1204\" height=\"856\" src=\"https:\/\/www.gaultiercollette.ch\/wp-content\/uploads\/2023\/07\/ALICE-PSILO-1-1.png\" alt=\"\" class=\"wp-image-3595\" srcset=\"https:\/\/www.gaultiercollette.ch\/wp-content\/uploads\/2023\/07\/ALICE-PSILO-1-1.png 1204w, https:\/\/www.gaultiercollette.ch\/wp-content\/uploads\/2023\/07\/ALICE-PSILO-1-1-300x213.png 300w, https:\/\/www.gaultiercollette.ch\/wp-content\/uploads\/2023\/07\/ALICE-PSILO-1-1-1024x728.png 1024w, https:\/\/www.gaultiercollette.ch\/wp-content\/uploads\/2023\/07\/ALICE-PSILO-1-1-768x546.png 768w, https:\/\/www.gaultiercollette.ch\/wp-content\/uploads\/2023\/07\/ALICE-PSILO-1-1-18x12.png 18w\" sizes=\"auto, (max-width: 1204px) 100vw, 1204px\" \/><\/figure>\n\n\n\n<div class=\"wp-block-columns is-layout-flex wp-container-core-columns-is-layout-9d6595d7 wp-block-columns-is-layout-flex\">\n<div class=\"wp-block-column is-layout-flow wp-block-column-is-layout-flow\">\n<figure class=\"wp-block-image size-full\"><img loading=\"lazy\" decoding=\"async\" width=\"2429\" height=\"3346\" src=\"https:\/\/www.gaultiercollette.ch\/wp-content\/uploads\/2023\/08\/dessin_main_microsoft.png\" alt=\"\" class=\"wp-image-3619\" srcset=\"https:\/\/www.gaultiercollette.ch\/wp-content\/uploads\/2023\/08\/dessin_main_microsoft.png 2429w, https:\/\/www.gaultiercollette.ch\/wp-content\/uploads\/2023\/08\/dessin_main_microsoft-218x300.png 218w, https:\/\/www.gaultiercollette.ch\/wp-content\/uploads\/2023\/08\/dessin_main_microsoft-743x1024.png 743w, https:\/\/www.gaultiercollette.ch\/wp-content\/uploads\/2023\/08\/dessin_main_microsoft-768x1058.png 768w, https:\/\/www.gaultiercollette.ch\/wp-content\/uploads\/2023\/08\/dessin_main_microsoft-1115x1536.png 1115w, https:\/\/www.gaultiercollette.ch\/wp-content\/uploads\/2023\/08\/dessin_main_microsoft-1487x2048.png 1487w, https:\/\/www.gaultiercollette.ch\/wp-content\/uploads\/2023\/08\/dessin_main_microsoft-9x12.png 9w\" sizes=\"auto, (max-width: 2429px) 100vw, 2429px\" \/><\/figure>\n<\/div>\n\n\n\n<div class=\"wp-block-column is-vertically-aligned-center is-layout-flow wp-block-column-is-layout-flow\">\n<figure class=\"wp-block-video\"><video height=\"802\" style=\"aspect-ratio: 584 \/ 802;\" width=\"584\" controls src=\"https:\/\/www.gaultiercollette.ch\/wp-content\/uploads\/2023\/08\/lennuie_anna_masurel.mp4\"><\/video><\/figure>\n<\/div>\n<\/div>\n\n\n\n<figure class=\"wp-block-image size-large\"><img loading=\"lazy\" decoding=\"async\" width=\"923\" height=\"1024\" src=\"https:\/\/www.gaultiercollette.ch\/wp-content\/uploads\/2023\/07\/goodbye-my-friend-dots-1-923x1024.png\" alt=\"\" class=\"wp-image-3593\" srcset=\"https:\/\/www.gaultiercollette.ch\/wp-content\/uploads\/2023\/07\/goodbye-my-friend-dots-1-923x1024.png 923w, https:\/\/www.gaultiercollette.ch\/wp-content\/uploads\/2023\/07\/goodbye-my-friend-dots-1-270x300.png 270w, https:\/\/www.gaultiercollette.ch\/wp-content\/uploads\/2023\/07\/goodbye-my-friend-dots-1-768x852.png 768w, https:\/\/www.gaultiercollette.ch\/wp-content\/uploads\/2023\/07\/goodbye-my-friend-dots-1-11x12.png 11w, https:\/\/www.gaultiercollette.ch\/wp-content\/uploads\/2023\/07\/goodbye-my-friend-dots-1.png 1204w\" sizes=\"auto, (max-width: 923px) 100vw, 923px\" \/><\/figure>\n\n\n\n<div class=\"wp-block-columns is-layout-flex wp-container-core-columns-is-layout-9d6595d7 wp-block-columns-is-layout-flex\">\n<div class=\"wp-block-column is-layout-flow wp-block-column-is-layout-flow\">\n<div class=\"wp-block-columns is-layout-flex wp-container-core-columns-is-layout-9d6595d7 wp-block-columns-is-layout-flex\">\n<div class=\"wp-block-column is-vertically-aligned-center is-layout-flow wp-block-column-is-layout-flow\">\n<figure class=\"wp-block-video\"><video height=\"802\" style=\"aspect-ratio: 584 \/ 802;\" width=\"584\" controls src=\"https:\/\/www.gaultiercollette.ch\/wp-content\/uploads\/2023\/08\/Composition-1_2-2.mp4\"><\/video><\/figure>\n<\/div>\n\n\n\n<div class=\"wp-block-column is-vertically-aligned-top is-layout-flow wp-block-column-is-layout-flow\">\n<figure class=\"wp-block-image alignfull size-full\"><img loading=\"lazy\" decoding=\"async\" width=\"582\" height=\"802\" src=\"https:\/\/www.gaultiercollette.ch\/wp-content\/uploads\/2023\/07\/ALICE-GHB-2-7.png\" alt=\"\" class=\"wp-image-3614\" srcset=\"https:\/\/www.gaultiercollette.ch\/wp-content\/uploads\/2023\/07\/ALICE-GHB-2-7.png 582w, https:\/\/www.gaultiercollette.ch\/wp-content\/uploads\/2023\/07\/ALICE-GHB-2-7-218x300.png 218w, https:\/\/www.gaultiercollette.ch\/wp-content\/uploads\/2023\/07\/ALICE-GHB-2-7-9x12.png 9w\" sizes=\"auto, (max-width: 582px) 100vw, 582px\" \/><\/figure>\n<\/div>\n<\/div>\n<\/div>\n<\/div>\n\n\n\n<figure class=\"wp-block-image size-large\"><img loading=\"lazy\" decoding=\"async\" width=\"691\" height=\"1024\" src=\"https:\/\/www.gaultiercollette.ch\/wp-content\/uploads\/2023\/08\/holidays-691x1024.png\" alt=\"\" class=\"wp-image-3617\" srcset=\"https:\/\/www.gaultiercollette.ch\/wp-content\/uploads\/2023\/08\/holidays-691x1024.png 691w, https:\/\/www.gaultiercollette.ch\/wp-content\/uploads\/2023\/08\/holidays-202x300.png 202w, https:\/\/www.gaultiercollette.ch\/wp-content\/uploads\/2023\/08\/holidays-768x1138.png 768w, https:\/\/www.gaultiercollette.ch\/wp-content\/uploads\/2023\/08\/holidays-1037x1536.png 1037w, https:\/\/www.gaultiercollette.ch\/wp-content\/uploads\/2023\/08\/holidays-8x12.png 8w, https:\/\/www.gaultiercollette.ch\/wp-content\/uploads\/2023\/08\/holidays.png 1204w\" sizes=\"auto, (max-width: 691px) 100vw, 691px\" \/><\/figure>","protected":false},"excerpt":{"rendered":"","protected":false},"author":2,"featured_media":0,"parent":0,"menu_order":0,"comment_status":"closed","ping_status":"closed","template":"","meta":{"footnotes":""},"class_list":["post-3578","page","type-page","status-publish","hentry"],"yoast_head":"<!-- This site is optimized with the Yoast SEO plugin v27.5 - https:\/\/yoast.com\/product\/yoast-seo-wordpress\/ -->\n<title>Anna Masurel - Gaultier Collette<\/title>\n<meta name=\"robots\" content=\"index, follow, max-snippet:-1, max-image-preview:large, max-video-preview:-1\" \/>\n<link rel=\"canonical\" href=\"https:\/\/www.gaultiercollette.ch\/fr\/anna-masurel\/\" \/>\n<meta property=\"og:locale\" content=\"fr_FR\" \/>\n<meta property=\"og:type\" content=\"article\" \/>\n<meta property=\"og:title\" content=\"Anna Masurel - Gaultier Collette\" \/>\n<meta property=\"og:url\" content=\"https:\/\/www.gaultiercollette.ch\/fr\/anna-masurel\/\" \/>\n<meta property=\"og:site_name\" content=\"Gaultier Collette\" \/>\n<meta property=\"article:modified_time\" content=\"2024-05-23T13:51:26+00:00\" \/>\n<meta property=\"og:image\" content=\"https:\/\/www.gaultiercollette.ch\/wp-content\/uploads\/2023\/07\/ALICE-PSILO-1-1.png\" \/>\n<meta name=\"twitter:card\" content=\"summary_large_image\" \/>\n<meta name=\"twitter:label1\" content=\"Dur\u00e9e de lecture estim\u00e9e\" \/>\n\t<meta name=\"twitter:data1\" content=\"1 minute\" \/>\n<script type=\"application\/ld+json\" class=\"yoast-schema-graph\">{\"@context\":\"https:\\\/\\\/schema.org\",\"@graph\":[{\"@type\":\"WebPage\",\"@id\":\"https:\\\/\\\/www.gaultiercollette.ch\\\/anna-masurel\\\/\",\"url\":\"https:\\\/\\\/www.gaultiercollette.ch\\\/anna-masurel\\\/\",\"name\":\"Anna Masurel - Gaultier Collette\",\"isPartOf\":{\"@id\":\"https:\\\/\\\/www.gaultiercollette.ch\\\/#website\"},\"primaryImageOfPage\":{\"@id\":\"https:\\\/\\\/www.gaultiercollette.ch\\\/anna-masurel\\\/#primaryimage\"},\"image\":{\"@id\":\"https:\\\/\\\/www.gaultiercollette.ch\\\/anna-masurel\\\/#primaryimage\"},\"thumbnailUrl\":\"https:\\\/\\\/www.gaultiercollette.ch\\\/wp-content\\\/uploads\\\/2023\\\/07\\\/ALICE-PSILO-1-1.png\",\"datePublished\":\"2023-10-10T08:36:36+00:00\",\"dateModified\":\"2024-05-23T13:51:26+00:00\",\"breadcrumb\":{\"@id\":\"https:\\\/\\\/www.gaultiercollette.ch\\\/anna-masurel\\\/#breadcrumb\"},\"inLanguage\":\"fr-FR\",\"potentialAction\":[{\"@type\":\"ReadAction\",\"target\":[\"https:\\\/\\\/www.gaultiercollette.ch\\\/anna-masurel\\\/\"]}]},{\"@type\":\"ImageObject\",\"inLanguage\":\"fr-FR\",\"@id\":\"https:\\\/\\\/www.gaultiercollette.ch\\\/anna-masurel\\\/#primaryimage\",\"url\":\"https:\\\/\\\/www.gaultiercollette.ch\\\/wp-content\\\/uploads\\\/2023\\\/07\\\/ALICE-PSILO-1-1.png\",\"contentUrl\":\"https:\\\/\\\/www.gaultiercollette.ch\\\/wp-content\\\/uploads\\\/2023\\\/07\\\/ALICE-PSILO-1-1.png\"},{\"@type\":\"BreadcrumbList\",\"@id\":\"https:\\\/\\\/www.gaultiercollette.ch\\\/anna-masurel\\\/#breadcrumb\",\"itemListElement\":[{\"@type\":\"ListItem\",\"position\":1,\"name\":\"Accueil\",\"item\":\"https:\\\/\\\/www.gaultiercollette.ch\\\/\"},{\"@type\":\"ListItem\",\"position\":2,\"name\":\"Anna Masurel\"}]},{\"@type\":\"WebSite\",\"@id\":\"https:\\\/\\\/www.gaultiercollette.ch\\\/#website\",\"url\":\"https:\\\/\\\/www.gaultiercollette.ch\\\/\",\"name\":\"Gaultier Collette\",\"description\":\"Agence cr\u00e9ative en strat\u00e9gie de marque\",\"potentialAction\":[{\"@type\":\"SearchAction\",\"target\":{\"@type\":\"EntryPoint\",\"urlTemplate\":\"https:\\\/\\\/www.gaultiercollette.ch\\\/?s={search_term_string}\"},\"query-input\":{\"@type\":\"PropertyValueSpecification\",\"valueRequired\":true,\"valueName\":\"search_term_string\"}}],\"inLanguage\":\"fr-FR\"}]}<\/script>\n<!-- \/ Yoast SEO plugin. -->","yoast_head_json":{"title":"Anna Masurel - Gaultier Collette","robots":{"index":"index","follow":"follow","max-snippet":"max-snippet:-1","max-image-preview":"max-image-preview:large","max-video-preview":"max-video-preview:-1"},"canonical":"https:\/\/www.gaultiercollette.ch\/fr\/anna-masurel\/","og_locale":"fr_FR","og_type":"article","og_title":"Anna Masurel - Gaultier Collette","og_url":"https:\/\/www.gaultiercollette.ch\/fr\/anna-masurel\/","og_site_name":"Gaultier Collette","article_modified_time":"2024-05-23T13:51:26+00:00","og_image":[{"url":"https:\/\/www.gaultiercollette.ch\/wp-content\/uploads\/2023\/07\/ALICE-PSILO-1-1.png","type":"","width":"","height":""}],"twitter_card":"summary_large_image","twitter_misc":{"Dur\u00e9e de lecture estim\u00e9e":"1 minute"},"schema":{"@context":"https:\/\/schema.org","@graph":[{"@type":"WebPage","@id":"https:\/\/www.gaultiercollette.ch\/anna-masurel\/","url":"https:\/\/www.gaultiercollette.ch\/anna-masurel\/","name":"Anna Masurel - Gaultier Collette","isPartOf":{"@id":"https:\/\/www.gaultiercollette.ch\/#website"},"primaryImageOfPage":{"@id":"https:\/\/www.gaultiercollette.ch\/anna-masurel\/#primaryimage"},"image":{"@id":"https:\/\/www.gaultiercollette.ch\/anna-masurel\/#primaryimage"},"thumbnailUrl":"https:\/\/www.gaultiercollette.ch\/wp-content\/uploads\/2023\/07\/ALICE-PSILO-1-1.png","datePublished":"2023-10-10T08:36:36+00:00","dateModified":"2024-05-23T13:51:26+00:00","breadcrumb":{"@id":"https:\/\/www.gaultiercollette.ch\/anna-masurel\/#breadcrumb"},"inLanguage":"fr-FR","potentialAction":[{"@type":"ReadAction","target":["https:\/\/www.gaultiercollette.ch\/anna-masurel\/"]}]},{"@type":"ImageObject","inLanguage":"fr-FR","@id":"https:\/\/www.gaultiercollette.ch\/anna-masurel\/#primaryimage","url":"https:\/\/www.gaultiercollette.ch\/wp-content\/uploads\/2023\/07\/ALICE-PSILO-1-1.png","contentUrl":"https:\/\/www.gaultiercollette.ch\/wp-content\/uploads\/2023\/07\/ALICE-PSILO-1-1.png"},{"@type":"BreadcrumbList","@id":"https:\/\/www.gaultiercollette.ch\/anna-masurel\/#breadcrumb","itemListElement":[{"@type":"ListItem","position":1,"name":"Accueil","item":"https:\/\/www.gaultiercollette.ch\/"},{"@type":"ListItem","position":2,"name":"Anna Masurel"}]},{"@type":"WebSite","@id":"https:\/\/www.gaultiercollette.ch\/#website","url":"https:\/\/www.gaultiercollette.ch\/","name":"Gaultier Collette","description":"Agence cr\u00e9ative en strat\u00e9gie de marque","potentialAction":[{"@type":"SearchAction","target":{"@type":"EntryPoint","urlTemplate":"https:\/\/www.gaultiercollette.ch\/?s={search_term_string}"},"query-input":{"@type":"PropertyValueSpecification","valueRequired":true,"valueName":"search_term_string"}}],"inLanguage":"fr-FR"}]}},"_links":{"self":[{"href":"https:\/\/www.gaultiercollette.ch\/fr\/wp-json\/wp\/v2\/pages\/3578","targetHints":{"allow":["GET"]}}],"collection":[{"href":"https:\/\/www.gaultiercollette.ch\/fr\/wp-json\/wp\/v2\/pages"}],"about":[{"href":"https:\/\/www.gaultiercollette.ch\/fr\/wp-json\/wp\/v2\/types\/page"}],"author":[{"embeddable":true,"href":"https:\/\/www.gaultiercollette.ch\/fr\/wp-json\/wp\/v2\/users\/2"}],"replies":[{"embeddable":true,"href":"https:\/\/www.gaultiercollette.ch\/fr\/wp-json\/wp\/v2\/comments?post=3578"}],"version-history":[{"count":29,"href":"https:\/\/www.gaultiercollette.ch\/fr\/wp-json\/wp\/v2\/pages\/3578\/revisions"}],"predecessor-version":[{"id":3844,"href":"https:\/\/www.gaultiercollette.ch\/fr\/wp-json\/wp\/v2\/pages\/3578\/revisions\/3844"}],"wp:attachment":[{"href":"https:\/\/www.gaultiercollette.ch\/fr\/wp-json\/wp\/v2\/media?parent=3578"}],"curies":[{"name":"wp","href":"https:\/\/api.w.org\/{rel}","templated":true}]}}