{"id":3740,"date":"2023-11-20T17:46:04","date_gmt":"2023-11-20T16:46:04","guid":{"rendered":"https:\/\/www.gaultiercollette.ch\/?page_id=3740"},"modified":"2024-05-23T15:50:51","modified_gmt":"2024-05-23T13:50:51","slug":"benjamin-bechet","status":"publish","type":"page","link":"https:\/\/www.gaultiercollette.ch\/fr\/gallery\/benjamin-bechet\/","title":{"rendered":"Benjamin B\u00e9chet"},"content":{"rendered":"<section class=\"back baseline anim-to-scroll\">\n            <a href=\"https:\/\/www.gaultiercollette.ch\/fr\/gallery\/\">\n          <svg xmlns=\"http:\/\/www.w3.org\/2000\/svg\" viewbox=\"0 0 28 24\" style=\"enable-background:new 0 0 28 24;\" xml:space=\"preserve\">\n        <style type=\"text\/css\">.st0{fill:none;stroke:#000000;stroke-width:2;stroke-miterlimit:10;}<\/style>\n        <rect x=\"2\" y=\"11\" width=\"25\" height=\"2\"\/>\n        <polyline class=\"st0\" points=\"12.8,23.2 1.5,12 12.8,0.8 \"\/>\n      <\/svg>\n      Retour\n    <\/a>\n<\/section>\n\n\n\n\n\n  <section class=\"case__header baseline anim-to-scroll\">\n    <div class=\"case__header-title\">\n      <h2 class=\"\">\n        <span class=\"title\">Benjamin B\u00e9chet<\/span>\n        <span class=\"title-year\"><\/span>\n      <\/h2>\n    <\/div>\n    <div class=\"case__header-text\">Photographe<br \/>\r\nAssumant une pratique photographique \u00e0 la grammaire \u00e9volutive, \nBenjamin B\u00e9chet d\u00e9veloppe une approche documentaire contemporaine. \nDepuis 2020, il se consacre \u00e0 l\u2019\u00e9volution de nos rapports aux vivants. <br \/>\r\nHe has focused his studies on our relationships with the living since 2020.<br \/>\r\n<\/div>\n  <\/section>\n\n\n\n\n\n\n  <section class=\"case__imgtext baseline anim-to-scroll\">\n    <div class=\"case__imgtext-left case__imgtext-full\">\n      <h3><br><br><strong>B\u00eates, bois et lieu:<\/strong><\/p><\/h3>\n      <p>Suivre les forestiers, les naturalistes, les chasseurs, les agriculteurs et les bergers. <br \/>\r\nRemonter les coul\u00e9es jusqu\u2019aux couchettes.<br \/>\r\nSe demander qui parle \u00e0 qui. <br \/>\r\n\u00c9pier les oiseaux comme on regarde des enfants qui s\u2019\u00e9gayent, les conna\u00eetre tous par leurs pr\u00e9noms.<br \/>\r\nVoir le paysage changer comme le visage d\u2019une amie qui vieillit avec moi. <br \/>\r\n<br \/>\r\n\u00c9duquer l\u2019attention.<br \/>\r\nRencontrer le clan.<br \/>\r\n<br \/>\r\n<br><br><strong>Plateau du Vercors, France, 2020-23<\/strong><\/p><\/p>\n    <\/div>\n    <div class=\"case__imgtext-right\">\n          <\/div>\n  <\/section>\n\n\n\n\n<figure class=\"wp-block-image size-full\"><img loading=\"lazy\" decoding=\"async\" width=\"2560\" height=\"2560\" src=\"https:\/\/www.gaultiercollette.ch\/wp-content\/uploads\/2023\/10\/Betes-012-scaled.jpg\" alt=\"\" class=\"wp-image-3671\" srcset=\"https:\/\/www.gaultiercollette.ch\/wp-content\/uploads\/2023\/10\/Betes-012-scaled.jpg 2560w, https:\/\/www.gaultiercollette.ch\/wp-content\/uploads\/2023\/10\/Betes-012-300x300.jpg 300w, https:\/\/www.gaultiercollette.ch\/wp-content\/uploads\/2023\/10\/Betes-012-1024x1024.jpg 1024w, https:\/\/www.gaultiercollette.ch\/wp-content\/uploads\/2023\/10\/Betes-012-150x150.jpg 150w, https:\/\/www.gaultiercollette.ch\/wp-content\/uploads\/2023\/10\/Betes-012-768x768.jpg 768w, https:\/\/www.gaultiercollette.ch\/wp-content\/uploads\/2023\/10\/Betes-012-1536x1536.jpg 1536w, https:\/\/www.gaultiercollette.ch\/wp-content\/uploads\/2023\/10\/Betes-012-2048x2048.jpg 2048w, https:\/\/www.gaultiercollette.ch\/wp-content\/uploads\/2023\/10\/Betes-012-12x12.jpg 12w\" sizes=\"auto, (max-width: 2560px) 100vw, 2560px\" \/><\/figure>\n\n\n\n<div class=\"wp-block-columns is-layout-flex wp-container-core-columns-is-layout-9d6595d7 wp-block-columns-is-layout-flex\">\n<div class=\"wp-block-column is-layout-flow wp-block-column-is-layout-flow\">\n<figure class=\"wp-block-image size-full\"><img loading=\"lazy\" decoding=\"async\" width=\"2560\" height=\"2560\" src=\"https:\/\/www.gaultiercollette.ch\/wp-content\/uploads\/2023\/10\/Betes-011-scaled.jpg\" alt=\"\" class=\"wp-image-3672\" srcset=\"https:\/\/www.gaultiercollette.ch\/wp-content\/uploads\/2023\/10\/Betes-011-scaled.jpg 2560w, https:\/\/www.gaultiercollette.ch\/wp-content\/uploads\/2023\/10\/Betes-011-300x300.jpg 300w, https:\/\/www.gaultiercollette.ch\/wp-content\/uploads\/2023\/10\/Betes-011-1024x1024.jpg 1024w, https:\/\/www.gaultiercollette.ch\/wp-content\/uploads\/2023\/10\/Betes-011-150x150.jpg 150w, https:\/\/www.gaultiercollette.ch\/wp-content\/uploads\/2023\/10\/Betes-011-768x768.jpg 768w\" sizes=\"auto, (max-width: 2560px) 100vw, 2560px\" \/><\/figure>\n<\/div>\n\n\n\n<div class=\"wp-block-column is-layout-flow wp-block-column-is-layout-flow\">\n<figure class=\"wp-block-image size-full\"><img loading=\"lazy\" decoding=\"async\" width=\"2552\" height=\"2560\" src=\"https:\/\/www.gaultiercollette.ch\/wp-content\/uploads\/2023\/10\/Betes-014-scaled.jpg\" alt=\"\" class=\"wp-image-3673\" srcset=\"https:\/\/www.gaultiercollette.ch\/wp-content\/uploads\/2023\/10\/Betes-014-scaled.jpg 2552w, https:\/\/www.gaultiercollette.ch\/wp-content\/uploads\/2023\/10\/Betes-014-300x300.jpg 300w, https:\/\/www.gaultiercollette.ch\/wp-content\/uploads\/2023\/10\/Betes-014-1021x1024.jpg 1021w, https:\/\/www.gaultiercollette.ch\/wp-content\/uploads\/2023\/10\/Betes-014-150x150.jpg 150w, https:\/\/www.gaultiercollette.ch\/wp-content\/uploads\/2023\/10\/Betes-014-768x770.jpg 768w\" sizes=\"auto, (max-width: 2552px) 100vw, 2552px\" \/><\/figure>\n<\/div>\n<\/div>\n\n\n\n<figure class=\"wp-block-image size-full\"><img loading=\"lazy\" decoding=\"async\" width=\"2560\" height=\"2560\" src=\"https:\/\/www.gaultiercollette.ch\/wp-content\/uploads\/2023\/10\/Betes-010-scaled.jpg\" alt=\"\" class=\"wp-image-3674\" srcset=\"https:\/\/www.gaultiercollette.ch\/wp-content\/uploads\/2023\/10\/Betes-010-scaled.jpg 2560w, https:\/\/www.gaultiercollette.ch\/wp-content\/uploads\/2023\/10\/Betes-010-300x300.jpg 300w, https:\/\/www.gaultiercollette.ch\/wp-content\/uploads\/2023\/10\/Betes-010-1024x1024.jpg 1024w, https:\/\/www.gaultiercollette.ch\/wp-content\/uploads\/2023\/10\/Betes-010-150x150.jpg 150w, https:\/\/www.gaultiercollette.ch\/wp-content\/uploads\/2023\/10\/Betes-010-768x768.jpg 768w\" sizes=\"auto, (max-width: 2560px) 100vw, 2560px\" \/><\/figure>\n\n\n\n<figure class=\"wp-block-image size-full\"><img loading=\"lazy\" decoding=\"async\" width=\"2556\" height=\"2560\" src=\"https:\/\/www.gaultiercollette.ch\/wp-content\/uploads\/2023\/10\/Betes-001-scaled.jpg\" alt=\"\" class=\"wp-image-3675\" srcset=\"https:\/\/www.gaultiercollette.ch\/wp-content\/uploads\/2023\/10\/Betes-001-scaled.jpg 2556w, https:\/\/www.gaultiercollette.ch\/wp-content\/uploads\/2023\/10\/Betes-001-300x300.jpg 300w, https:\/\/www.gaultiercollette.ch\/wp-content\/uploads\/2023\/10\/Betes-001-1022x1024.jpg 1022w, https:\/\/www.gaultiercollette.ch\/wp-content\/uploads\/2023\/10\/Betes-001-150x150.jpg 150w, https:\/\/www.gaultiercollette.ch\/wp-content\/uploads\/2023\/10\/Betes-001-768x769.jpg 768w\" sizes=\"auto, (max-width: 2556px) 100vw, 2556px\" \/><\/figure>\n\n\n\n<div class=\"wp-block-columns is-layout-flex wp-container-core-columns-is-layout-9d6595d7 wp-block-columns-is-layout-flex\">\n<div class=\"wp-block-column is-layout-flow wp-block-column-is-layout-flow\">\n<figure class=\"wp-block-image size-full\"><img loading=\"lazy\" decoding=\"async\" width=\"2536\" height=\"2560\" src=\"https:\/\/www.gaultiercollette.ch\/wp-content\/uploads\/2023\/10\/Betes-003-scaled.jpg\" alt=\"\" class=\"wp-image-3676\" srcset=\"https:\/\/www.gaultiercollette.ch\/wp-content\/uploads\/2023\/10\/Betes-003-scaled.jpg 2536w, https:\/\/www.gaultiercollette.ch\/wp-content\/uploads\/2023\/10\/Betes-003-297x300.jpg 297w, https:\/\/www.gaultiercollette.ch\/wp-content\/uploads\/2023\/10\/Betes-003-1014x1024.jpg 1014w, https:\/\/www.gaultiercollette.ch\/wp-content\/uploads\/2023\/10\/Betes-003-150x150.jpg 150w, https:\/\/www.gaultiercollette.ch\/wp-content\/uploads\/2023\/10\/Betes-003-768x775.jpg 768w\" sizes=\"auto, (max-width: 2536px) 100vw, 2536px\" \/><\/figure>\n<\/div>\n\n\n\n<div class=\"wp-block-column is-layout-flow wp-block-column-is-layout-flow\">\n<figure class=\"wp-block-image size-full\"><img loading=\"lazy\" decoding=\"async\" width=\"2560\" height=\"2560\" src=\"https:\/\/www.gaultiercollette.ch\/wp-content\/uploads\/2023\/10\/Betes-005-scaled.jpg\" alt=\"\" class=\"wp-image-3677\" srcset=\"https:\/\/www.gaultiercollette.ch\/wp-content\/uploads\/2023\/10\/Betes-005-scaled.jpg 2560w, https:\/\/www.gaultiercollette.ch\/wp-content\/uploads\/2023\/10\/Betes-005-300x300.jpg 300w, https:\/\/www.gaultiercollette.ch\/wp-content\/uploads\/2023\/10\/Betes-005-1024x1024.jpg 1024w, https:\/\/www.gaultiercollette.ch\/wp-content\/uploads\/2023\/10\/Betes-005-150x150.jpg 150w, https:\/\/www.gaultiercollette.ch\/wp-content\/uploads\/2023\/10\/Betes-005-768x768.jpg 768w\" sizes=\"auto, (max-width: 2560px) 100vw, 2560px\" \/><\/figure>\n<\/div>\n<\/div>\n\n\n\n<figure class=\"wp-block-image size-full\"><img loading=\"lazy\" decoding=\"async\" width=\"2548\" height=\"2560\" src=\"https:\/\/www.gaultiercollette.ch\/wp-content\/uploads\/2023\/10\/Betes-015-scaled.jpg\" alt=\"\" class=\"wp-image-3678\" srcset=\"https:\/\/www.gaultiercollette.ch\/wp-content\/uploads\/2023\/10\/Betes-015-scaled.jpg 2548w, https:\/\/www.gaultiercollette.ch\/wp-content\/uploads\/2023\/10\/Betes-015-300x300.jpg 300w, https:\/\/www.gaultiercollette.ch\/wp-content\/uploads\/2023\/10\/Betes-015-1019x1024.jpg 1019w, https:\/\/www.gaultiercollette.ch\/wp-content\/uploads\/2023\/10\/Betes-015-150x150.jpg 150w, https:\/\/www.gaultiercollette.ch\/wp-content\/uploads\/2023\/10\/Betes-015-768x772.jpg 768w\" sizes=\"auto, (max-width: 2548px) 100vw, 2548px\" \/><\/figure>","protected":false},"excerpt":{"rendered":"","protected":false},"author":2,"featured_media":0,"parent":2984,"menu_order":1,"comment_status":"closed","ping_status":"closed","template":"","meta":{"footnotes":""},"class_list":["post-3740","page","type-page","status-publish","hentry"],"yoast_head":"<!-- This site is optimized with the Yoast SEO plugin v27.5 - https:\/\/yoast.com\/product\/yoast-seo-wordpress\/ -->\n<title>Benjamin B\u00e9chet - Gaultier Collette<\/title>\n<meta name=\"robots\" content=\"index, follow, max-snippet:-1, max-image-preview:large, max-video-preview:-1\" \/>\n<link rel=\"canonical\" href=\"https:\/\/www.gaultiercollette.ch\/fr\/gallery\/benjamin-bechet\/\" \/>\n<meta property=\"og:locale\" content=\"fr_FR\" \/>\n<meta property=\"og:type\" content=\"article\" \/>\n<meta property=\"og:title\" content=\"Benjamin B\u00e9chet - Gaultier Collette\" \/>\n<meta property=\"og:url\" content=\"https:\/\/www.gaultiercollette.ch\/fr\/gallery\/benjamin-bechet\/\" \/>\n<meta property=\"og:site_name\" content=\"Gaultier Collette\" \/>\n<meta property=\"article:modified_time\" content=\"2024-05-23T13:50:51+00:00\" \/>\n<meta property=\"og:image\" content=\"https:\/\/www.gaultiercollette.ch\/wp-content\/uploads\/2023\/10\/Betes-012-scaled.jpg\" \/>\n<meta name=\"twitter:card\" content=\"summary_large_image\" \/>\n<meta name=\"twitter:label1\" content=\"Dur\u00e9e de lecture estim\u00e9e\" \/>\n\t<meta name=\"twitter:data1\" content=\"2 minutes\" \/>\n<script type=\"application\/ld+json\" class=\"yoast-schema-graph\">{\"@context\":\"https:\\\/\\\/schema.org\",\"@graph\":[{\"@type\":\"WebPage\",\"@id\":\"https:\\\/\\\/www.gaultiercollette.ch\\\/gallery\\\/benjamin-bechet\\\/\",\"url\":\"https:\\\/\\\/www.gaultiercollette.ch\\\/gallery\\\/benjamin-bechet\\\/\",\"name\":\"Benjamin B\u00e9chet - Gaultier Collette\",\"isPartOf\":{\"@id\":\"https:\\\/\\\/www.gaultiercollette.ch\\\/#website\"},\"primaryImageOfPage\":{\"@id\":\"https:\\\/\\\/www.gaultiercollette.ch\\\/gallery\\\/benjamin-bechet\\\/#primaryimage\"},\"image\":{\"@id\":\"https:\\\/\\\/www.gaultiercollette.ch\\\/gallery\\\/benjamin-bechet\\\/#primaryimage\"},\"thumbnailUrl\":\"https:\\\/\\\/www.gaultiercollette.ch\\\/wp-content\\\/uploads\\\/2023\\\/10\\\/Betes-012-scaled.jpg\",\"datePublished\":\"2023-11-20T16:46:04+00:00\",\"dateModified\":\"2024-05-23T13:50:51+00:00\",\"breadcrumb\":{\"@id\":\"https:\\\/\\\/www.gaultiercollette.ch\\\/gallery\\\/benjamin-bechet\\\/#breadcrumb\"},\"inLanguage\":\"fr-FR\",\"potentialAction\":[{\"@type\":\"ReadAction\",\"target\":[\"https:\\\/\\\/www.gaultiercollette.ch\\\/gallery\\\/benjamin-bechet\\\/\"]}]},{\"@type\":\"ImageObject\",\"inLanguage\":\"fr-FR\",\"@id\":\"https:\\\/\\\/www.gaultiercollette.ch\\\/gallery\\\/benjamin-bechet\\\/#primaryimage\",\"url\":\"https:\\\/\\\/www.gaultiercollette.ch\\\/wp-content\\\/uploads\\\/2023\\\/10\\\/Betes-012-scaled.jpg\",\"contentUrl\":\"https:\\\/\\\/www.gaultiercollette.ch\\\/wp-content\\\/uploads\\\/2023\\\/10\\\/Betes-012-scaled.jpg\"},{\"@type\":\"BreadcrumbList\",\"@id\":\"https:\\\/\\\/www.gaultiercollette.ch\\\/gallery\\\/benjamin-bechet\\\/#breadcrumb\",\"itemListElement\":[{\"@type\":\"ListItem\",\"position\":1,\"name\":\"Accueil\",\"item\":\"https:\\\/\\\/www.gaultiercollette.ch\\\/\"},{\"@type\":\"ListItem\",\"position\":2,\"name\":\"_art gallery\",\"item\":\"https:\\\/\\\/www.gaultiercollette.ch\\\/gallery\\\/\"},{\"@type\":\"ListItem\",\"position\":3,\"name\":\"Benjamin B\u00e9chet\"}]},{\"@type\":\"WebSite\",\"@id\":\"https:\\\/\\\/www.gaultiercollette.ch\\\/#website\",\"url\":\"https:\\\/\\\/www.gaultiercollette.ch\\\/\",\"name\":\"Gaultier Collette\",\"description\":\"Agence cr\u00e9ative en strat\u00e9gie de marque\",\"potentialAction\":[{\"@type\":\"SearchAction\",\"target\":{\"@type\":\"EntryPoint\",\"urlTemplate\":\"https:\\\/\\\/www.gaultiercollette.ch\\\/?s={search_term_string}\"},\"query-input\":{\"@type\":\"PropertyValueSpecification\",\"valueRequired\":true,\"valueName\":\"search_term_string\"}}],\"inLanguage\":\"fr-FR\"}]}<\/script>\n<!-- \/ Yoast SEO plugin. -->","yoast_head_json":{"title":"Benjamin B\u00e9chet - Gaultier Collette","robots":{"index":"index","follow":"follow","max-snippet":"max-snippet:-1","max-image-preview":"max-image-preview:large","max-video-preview":"max-video-preview:-1"},"canonical":"https:\/\/www.gaultiercollette.ch\/fr\/gallery\/benjamin-bechet\/","og_locale":"fr_FR","og_type":"article","og_title":"Benjamin B\u00e9chet - Gaultier Collette","og_url":"https:\/\/www.gaultiercollette.ch\/fr\/gallery\/benjamin-bechet\/","og_site_name":"Gaultier Collette","article_modified_time":"2024-05-23T13:50:51+00:00","og_image":[{"url":"https:\/\/www.gaultiercollette.ch\/wp-content\/uploads\/2023\/10\/Betes-012-scaled.jpg","type":"","width":"","height":""}],"twitter_card":"summary_large_image","twitter_misc":{"Dur\u00e9e de lecture estim\u00e9e":"2 minutes"},"schema":{"@context":"https:\/\/schema.org","@graph":[{"@type":"WebPage","@id":"https:\/\/www.gaultiercollette.ch\/gallery\/benjamin-bechet\/","url":"https:\/\/www.gaultiercollette.ch\/gallery\/benjamin-bechet\/","name":"Benjamin B\u00e9chet - Gaultier Collette","isPartOf":{"@id":"https:\/\/www.gaultiercollette.ch\/#website"},"primaryImageOfPage":{"@id":"https:\/\/www.gaultiercollette.ch\/gallery\/benjamin-bechet\/#primaryimage"},"image":{"@id":"https:\/\/www.gaultiercollette.ch\/gallery\/benjamin-bechet\/#primaryimage"},"thumbnailUrl":"https:\/\/www.gaultiercollette.ch\/wp-content\/uploads\/2023\/10\/Betes-012-scaled.jpg","datePublished":"2023-11-20T16:46:04+00:00","dateModified":"2024-05-23T13:50:51+00:00","breadcrumb":{"@id":"https:\/\/www.gaultiercollette.ch\/gallery\/benjamin-bechet\/#breadcrumb"},"inLanguage":"fr-FR","potentialAction":[{"@type":"ReadAction","target":["https:\/\/www.gaultiercollette.ch\/gallery\/benjamin-bechet\/"]}]},{"@type":"ImageObject","inLanguage":"fr-FR","@id":"https:\/\/www.gaultiercollette.ch\/gallery\/benjamin-bechet\/#primaryimage","url":"https:\/\/www.gaultiercollette.ch\/wp-content\/uploads\/2023\/10\/Betes-012-scaled.jpg","contentUrl":"https:\/\/www.gaultiercollette.ch\/wp-content\/uploads\/2023\/10\/Betes-012-scaled.jpg"},{"@type":"BreadcrumbList","@id":"https:\/\/www.gaultiercollette.ch\/gallery\/benjamin-bechet\/#breadcrumb","itemListElement":[{"@type":"ListItem","position":1,"name":"Accueil","item":"https:\/\/www.gaultiercollette.ch\/"},{"@type":"ListItem","position":2,"name":"_art gallery","item":"https:\/\/www.gaultiercollette.ch\/gallery\/"},{"@type":"ListItem","position":3,"name":"Benjamin B\u00e9chet"}]},{"@type":"WebSite","@id":"https:\/\/www.gaultiercollette.ch\/#website","url":"https:\/\/www.gaultiercollette.ch\/","name":"Gaultier Collette","description":"Agence cr\u00e9ative en strat\u00e9gie de marque","potentialAction":[{"@type":"SearchAction","target":{"@type":"EntryPoint","urlTemplate":"https:\/\/www.gaultiercollette.ch\/?s={search_term_string}"},"query-input":{"@type":"PropertyValueSpecification","valueRequired":true,"valueName":"search_term_string"}}],"inLanguage":"fr-FR"}]}},"_links":{"self":[{"href":"https:\/\/www.gaultiercollette.ch\/fr\/wp-json\/wp\/v2\/pages\/3740","targetHints":{"allow":["GET"]}}],"collection":[{"href":"https:\/\/www.gaultiercollette.ch\/fr\/wp-json\/wp\/v2\/pages"}],"about":[{"href":"https:\/\/www.gaultiercollette.ch\/fr\/wp-json\/wp\/v2\/types\/page"}],"author":[{"embeddable":true,"href":"https:\/\/www.gaultiercollette.ch\/fr\/wp-json\/wp\/v2\/users\/2"}],"replies":[{"embeddable":true,"href":"https:\/\/www.gaultiercollette.ch\/fr\/wp-json\/wp\/v2\/comments?post=3740"}],"version-history":[{"count":2,"href":"https:\/\/www.gaultiercollette.ch\/fr\/wp-json\/wp\/v2\/pages\/3740\/revisions"}],"predecessor-version":[{"id":3843,"href":"https:\/\/www.gaultiercollette.ch\/fr\/wp-json\/wp\/v2\/pages\/3740\/revisions\/3843"}],"up":[{"embeddable":true,"href":"https:\/\/www.gaultiercollette.ch\/fr\/wp-json\/wp\/v2\/pages\/2984"}],"wp:attachment":[{"href":"https:\/\/www.gaultiercollette.ch\/fr\/wp-json\/wp\/v2\/media?parent=3740"}],"curies":[{"name":"wp","href":"https:\/\/api.w.org\/{rel}","templated":true}]}}