{"id":3749,"date":"2024-02-13T11:07:03","date_gmt":"2024-02-13T10:07:03","guid":{"rendered":"https:\/\/www.gaultiercollette.ch\/?page_id=3749"},"modified":"2024-05-23T15:52:31","modified_gmt":"2024-05-23T13:52:31","slug":"thierry-faligot","status":"publish","type":"page","link":"https:\/\/www.gaultiercollette.ch\/fr\/thierry-faligot\/","title":{"rendered":"Thierry Faligot"},"content":{"rendered":"<section class=\"back baseline anim-to-scroll\">\n            <a href=\"https:\/\/www.gaultiercollette.ch\/fr\/gallery\/\">\n          <svg xmlns=\"http:\/\/www.w3.org\/2000\/svg\" viewbox=\"0 0 28 24\" style=\"enable-background:new 0 0 28 24;\" xml:space=\"preserve\">\n        <style type=\"text\/css\">.st0{fill:none;stroke:#000000;stroke-width:2;stroke-miterlimit:10;}<\/style>\n        <rect x=\"2\" y=\"11\" width=\"25\" height=\"2\"\/>\n        <polyline class=\"st0\" points=\"12.8,23.2 1.5,12 12.8,0.8 \"\/>\n      <\/svg>\n      Retour\n    <\/a>\n<\/section>\n\n\n\n\n\n  <section class=\"case__header baseline anim-to-scroll\">\n    <div class=\"case__header-title\">\n      <h2 class=\"\">\n        <span class=\"title\">Thierry Faligot<\/span>\n        <span class=\"title-year\"><\/span>\n      <\/h2>\n    <\/div>\n    <div class=\"case__header-text\">Thierry Faligot, sculpteur inclassable nous enchante par la minutie de ses \u0153uvres et leurs explosions de couleurs.\nV\u00e9ritables bijoux de d\u00e9licatesse, ses cr\u00e9ations nous immergent dans son univers fragile et captivant.<\/div>\n  <\/section>\n\n\n\n\n\n\n<figure class=\"wp-block-image size-full\"><img loading=\"lazy\" decoding=\"async\" width=\"1204\" height=\"1188\" src=\"https:\/\/www.gaultiercollette.ch\/wp-content\/uploads\/2024\/02\/specimen1.png\" alt=\"\" class=\"wp-image-3780\" srcset=\"https:\/\/www.gaultiercollette.ch\/wp-content\/uploads\/2024\/02\/specimen1.png 1204w, https:\/\/www.gaultiercollette.ch\/wp-content\/uploads\/2024\/02\/specimen1-300x296.png 300w, https:\/\/www.gaultiercollette.ch\/wp-content\/uploads\/2024\/02\/specimen1-1024x1010.png 1024w, https:\/\/www.gaultiercollette.ch\/wp-content\/uploads\/2024\/02\/specimen1-768x758.png 768w, https:\/\/www.gaultiercollette.ch\/wp-content\/uploads\/2024\/02\/specimen1-12x12.png 12w\" sizes=\"auto, (max-width: 1204px) 100vw, 1204px\" \/><\/figure>\n\n\n\n<div class=\"wp-block-columns is-layout-flex wp-container-core-columns-is-layout-9d6595d7 wp-block-columns-is-layout-flex\">\n<div class=\"wp-block-column is-vertically-aligned-center is-layout-flow wp-block-column-is-layout-flow\"><div class=\"wp-block-image\">\n<figure class=\"aligncenter size-full\"><img loading=\"lazy\" decoding=\"async\" width=\"312\" height=\"434\" src=\"https:\/\/www.gaultiercollette.ch\/wp-content\/uploads\/2024\/02\/Esquisse.png\" alt=\"\" class=\"wp-image-3782\" srcset=\"https:\/\/www.gaultiercollette.ch\/wp-content\/uploads\/2024\/02\/Esquisse.png 312w, https:\/\/www.gaultiercollette.ch\/wp-content\/uploads\/2024\/02\/Esquisse-216x300.png 216w, https:\/\/www.gaultiercollette.ch\/wp-content\/uploads\/2024\/02\/Esquisse-9x12.png 9w\" sizes=\"auto, (max-width: 312px) 100vw, 312px\" \/><\/figure>\n<\/div><\/div>\n\n\n\n<div class=\"wp-block-column is-layout-flow wp-block-column-is-layout-flow\">\n<figure class=\"wp-block-image size-full\"><img loading=\"lazy\" decoding=\"async\" width=\"568\" height=\"798\" src=\"https:\/\/www.gaultiercollette.ch\/wp-content\/uploads\/2024\/02\/Esquisse-4.png\" alt=\"\" class=\"wp-image-3781\" srcset=\"https:\/\/www.gaultiercollette.ch\/wp-content\/uploads\/2024\/02\/Esquisse-4.png 568w, https:\/\/www.gaultiercollette.ch\/wp-content\/uploads\/2024\/02\/Esquisse-4-214x300.png 214w, https:\/\/www.gaultiercollette.ch\/wp-content\/uploads\/2024\/02\/Esquisse-4-9x12.png 9w\" sizes=\"auto, (max-width: 568px) 100vw, 568px\" \/><\/figure>\n<\/div>\n<\/div>\n\n\n\n<figure class=\"wp-block-image size-full\"><img loading=\"lazy\" decoding=\"async\" width=\"1204\" height=\"1152\" src=\"https:\/\/www.gaultiercollette.ch\/wp-content\/uploads\/2024\/02\/Existence-1.png\" alt=\"\" class=\"wp-image-3784\" srcset=\"https:\/\/www.gaultiercollette.ch\/wp-content\/uploads\/2024\/02\/Existence-1.png 1204w, https:\/\/www.gaultiercollette.ch\/wp-content\/uploads\/2024\/02\/Existence-1-300x287.png 300w, https:\/\/www.gaultiercollette.ch\/wp-content\/uploads\/2024\/02\/Existence-1-1024x980.png 1024w, https:\/\/www.gaultiercollette.ch\/wp-content\/uploads\/2024\/02\/Existence-1-768x735.png 768w, https:\/\/www.gaultiercollette.ch\/wp-content\/uploads\/2024\/02\/Existence-1-13x12.png 13w\" sizes=\"auto, (max-width: 1204px) 100vw, 1204px\" \/><\/figure>\n\n\n\n<div class=\"wp-block-columns is-layout-flex wp-container-core-columns-is-layout-9d6595d7 wp-block-columns-is-layout-flex\">\n<div class=\"wp-block-column is-layout-flow wp-block-column-is-layout-flow\">\n<figure class=\"wp-block-image size-full\"><img loading=\"lazy\" decoding=\"async\" width=\"568\" height=\"798\" src=\"https:\/\/www.gaultiercollette.ch\/wp-content\/uploads\/2024\/02\/Ile-flottante-2.png\" alt=\"\" class=\"wp-image-3785\" srcset=\"https:\/\/www.gaultiercollette.ch\/wp-content\/uploads\/2024\/02\/Ile-flottante-2.png 568w, https:\/\/www.gaultiercollette.ch\/wp-content\/uploads\/2024\/02\/Ile-flottante-2-214x300.png 214w, https:\/\/www.gaultiercollette.ch\/wp-content\/uploads\/2024\/02\/Ile-flottante-2-9x12.png 9w\" sizes=\"auto, (max-width: 568px) 100vw, 568px\" \/><\/figure>\n<\/div>\n\n\n\n<div class=\"wp-block-column is-vertically-aligned-center is-layout-flow wp-block-column-is-layout-flow\"><div class=\"wp-block-image\">\n<figure class=\"aligncenter size-full\"><img loading=\"lazy\" decoding=\"async\" width=\"312\" height=\"434\" src=\"https:\/\/www.gaultiercollette.ch\/wp-content\/uploads\/2024\/02\/Cage-Doree.png\" alt=\"\" class=\"wp-image-3786\" srcset=\"https:\/\/www.gaultiercollette.ch\/wp-content\/uploads\/2024\/02\/Cage-Doree.png 312w, https:\/\/www.gaultiercollette.ch\/wp-content\/uploads\/2024\/02\/Cage-Doree-216x300.png 216w, https:\/\/www.gaultiercollette.ch\/wp-content\/uploads\/2024\/02\/Cage-Doree-9x12.png 9w\" sizes=\"auto, (max-width: 312px) 100vw, 312px\" \/><\/figure>\n<\/div><\/div>\n<\/div>\n\n\n\n<figure class=\"wp-block-image size-full\"><img loading=\"lazy\" decoding=\"async\" width=\"1204\" height=\"1154\" src=\"https:\/\/www.gaultiercollette.ch\/wp-content\/uploads\/2024\/02\/Existence-2.png\" alt=\"\" class=\"wp-image-3787\" srcset=\"https:\/\/www.gaultiercollette.ch\/wp-content\/uploads\/2024\/02\/Existence-2.png 1204w, https:\/\/www.gaultiercollette.ch\/wp-content\/uploads\/2024\/02\/Existence-2-300x288.png 300w, https:\/\/www.gaultiercollette.ch\/wp-content\/uploads\/2024\/02\/Existence-2-1024x981.png 1024w, https:\/\/www.gaultiercollette.ch\/wp-content\/uploads\/2024\/02\/Existence-2-768x736.png 768w, https:\/\/www.gaultiercollette.ch\/wp-content\/uploads\/2024\/02\/Existence-2-13x12.png 13w\" sizes=\"auto, (max-width: 1204px) 100vw, 1204px\" \/><\/figure>\n\n\n\n<figure class=\"wp-block-image size-full\"><img loading=\"lazy\" decoding=\"async\" width=\"1204\" height=\"1506\" src=\"https:\/\/www.gaultiercollette.ch\/wp-content\/uploads\/2024\/02\/Syracuse-1-1.png\" alt=\"\" class=\"wp-image-3788\" srcset=\"https:\/\/www.gaultiercollette.ch\/wp-content\/uploads\/2024\/02\/Syracuse-1-1.png 1204w, https:\/\/www.gaultiercollette.ch\/wp-content\/uploads\/2024\/02\/Syracuse-1-1-240x300.png 240w, https:\/\/www.gaultiercollette.ch\/wp-content\/uploads\/2024\/02\/Syracuse-1-1-819x1024.png 819w, https:\/\/www.gaultiercollette.ch\/wp-content\/uploads\/2024\/02\/Syracuse-1-1-768x961.png 768w, https:\/\/www.gaultiercollette.ch\/wp-content\/uploads\/2024\/02\/Syracuse-1-1-10x12.png 10w\" sizes=\"auto, (max-width: 1204px) 100vw, 1204px\" \/><\/figure>","protected":false},"excerpt":{"rendered":"","protected":false},"author":2,"featured_media":0,"parent":0,"menu_order":0,"comment_status":"closed","ping_status":"closed","template":"","meta":{"footnotes":""},"class_list":["post-3749","page","type-page","status-publish","hentry"],"yoast_head":"<!-- This site is optimized with the Yoast SEO plugin v27.5 - https:\/\/yoast.com\/product\/yoast-seo-wordpress\/ -->\n<title>Thierry Faligot - Gaultier Collette<\/title>\n<meta name=\"robots\" content=\"index, follow, max-snippet:-1, max-image-preview:large, max-video-preview:-1\" \/>\n<link rel=\"canonical\" href=\"https:\/\/www.gaultiercollette.ch\/fr\/thierry-faligot\/\" \/>\n<meta property=\"og:locale\" content=\"fr_FR\" \/>\n<meta property=\"og:type\" content=\"article\" \/>\n<meta property=\"og:title\" content=\"Thierry Faligot - Gaultier Collette\" \/>\n<meta property=\"og:url\" content=\"https:\/\/www.gaultiercollette.ch\/fr\/thierry-faligot\/\" \/>\n<meta property=\"og:site_name\" content=\"Gaultier Collette\" \/>\n<meta property=\"article:modified_time\" content=\"2024-05-23T13:52:31+00:00\" \/>\n<meta property=\"og:image\" content=\"https:\/\/www.gaultiercollette.ch\/wp-content\/uploads\/2024\/02\/specimen1.png\" \/>\n<meta name=\"twitter:card\" content=\"summary_large_image\" \/>\n<meta name=\"twitter:label1\" content=\"Dur\u00e9e de lecture estim\u00e9e\" \/>\n\t<meta name=\"twitter:data1\" content=\"2 minutes\" \/>\n<script type=\"application\/ld+json\" class=\"yoast-schema-graph\">{\"@context\":\"https:\\\/\\\/schema.org\",\"@graph\":[{\"@type\":\"WebPage\",\"@id\":\"https:\\\/\\\/www.gaultiercollette.ch\\\/thierry-faligot\\\/\",\"url\":\"https:\\\/\\\/www.gaultiercollette.ch\\\/thierry-faligot\\\/\",\"name\":\"Thierry Faligot - Gaultier Collette\",\"isPartOf\":{\"@id\":\"https:\\\/\\\/www.gaultiercollette.ch\\\/#website\"},\"primaryImageOfPage\":{\"@id\":\"https:\\\/\\\/www.gaultiercollette.ch\\\/thierry-faligot\\\/#primaryimage\"},\"image\":{\"@id\":\"https:\\\/\\\/www.gaultiercollette.ch\\\/thierry-faligot\\\/#primaryimage\"},\"thumbnailUrl\":\"https:\\\/\\\/www.gaultiercollette.ch\\\/wp-content\\\/uploads\\\/2024\\\/02\\\/specimen1.png\",\"datePublished\":\"2024-02-13T10:07:03+00:00\",\"dateModified\":\"2024-05-23T13:52:31+00:00\",\"breadcrumb\":{\"@id\":\"https:\\\/\\\/www.gaultiercollette.ch\\\/thierry-faligot\\\/#breadcrumb\"},\"inLanguage\":\"fr-FR\",\"potentialAction\":[{\"@type\":\"ReadAction\",\"target\":[\"https:\\\/\\\/www.gaultiercollette.ch\\\/thierry-faligot\\\/\"]}]},{\"@type\":\"ImageObject\",\"inLanguage\":\"fr-FR\",\"@id\":\"https:\\\/\\\/www.gaultiercollette.ch\\\/thierry-faligot\\\/#primaryimage\",\"url\":\"https:\\\/\\\/www.gaultiercollette.ch\\\/wp-content\\\/uploads\\\/2024\\\/02\\\/specimen1.png\",\"contentUrl\":\"https:\\\/\\\/www.gaultiercollette.ch\\\/wp-content\\\/uploads\\\/2024\\\/02\\\/specimen1.png\"},{\"@type\":\"BreadcrumbList\",\"@id\":\"https:\\\/\\\/www.gaultiercollette.ch\\\/thierry-faligot\\\/#breadcrumb\",\"itemListElement\":[{\"@type\":\"ListItem\",\"position\":1,\"name\":\"Accueil\",\"item\":\"https:\\\/\\\/www.gaultiercollette.ch\\\/\"},{\"@type\":\"ListItem\",\"position\":2,\"name\":\"Thierry Faligot\"}]},{\"@type\":\"WebSite\",\"@id\":\"https:\\\/\\\/www.gaultiercollette.ch\\\/#website\",\"url\":\"https:\\\/\\\/www.gaultiercollette.ch\\\/\",\"name\":\"Gaultier Collette\",\"description\":\"Agence cr\u00e9ative en strat\u00e9gie de marque\",\"potentialAction\":[{\"@type\":\"SearchAction\",\"target\":{\"@type\":\"EntryPoint\",\"urlTemplate\":\"https:\\\/\\\/www.gaultiercollette.ch\\\/?s={search_term_string}\"},\"query-input\":{\"@type\":\"PropertyValueSpecification\",\"valueRequired\":true,\"valueName\":\"search_term_string\"}}],\"inLanguage\":\"fr-FR\"}]}<\/script>\n<!-- \/ Yoast SEO plugin. -->","yoast_head_json":{"title":"Thierry Faligot - Gaultier Collette","robots":{"index":"index","follow":"follow","max-snippet":"max-snippet:-1","max-image-preview":"max-image-preview:large","max-video-preview":"max-video-preview:-1"},"canonical":"https:\/\/www.gaultiercollette.ch\/fr\/thierry-faligot\/","og_locale":"fr_FR","og_type":"article","og_title":"Thierry Faligot - Gaultier Collette","og_url":"https:\/\/www.gaultiercollette.ch\/fr\/thierry-faligot\/","og_site_name":"Gaultier Collette","article_modified_time":"2024-05-23T13:52:31+00:00","og_image":[{"url":"https:\/\/www.gaultiercollette.ch\/wp-content\/uploads\/2024\/02\/specimen1.png","type":"","width":"","height":""}],"twitter_card":"summary_large_image","twitter_misc":{"Dur\u00e9e de lecture estim\u00e9e":"2 minutes"},"schema":{"@context":"https:\/\/schema.org","@graph":[{"@type":"WebPage","@id":"https:\/\/www.gaultiercollette.ch\/thierry-faligot\/","url":"https:\/\/www.gaultiercollette.ch\/thierry-faligot\/","name":"Thierry Faligot - Gaultier Collette","isPartOf":{"@id":"https:\/\/www.gaultiercollette.ch\/#website"},"primaryImageOfPage":{"@id":"https:\/\/www.gaultiercollette.ch\/thierry-faligot\/#primaryimage"},"image":{"@id":"https:\/\/www.gaultiercollette.ch\/thierry-faligot\/#primaryimage"},"thumbnailUrl":"https:\/\/www.gaultiercollette.ch\/wp-content\/uploads\/2024\/02\/specimen1.png","datePublished":"2024-02-13T10:07:03+00:00","dateModified":"2024-05-23T13:52:31+00:00","breadcrumb":{"@id":"https:\/\/www.gaultiercollette.ch\/thierry-faligot\/#breadcrumb"},"inLanguage":"fr-FR","potentialAction":[{"@type":"ReadAction","target":["https:\/\/www.gaultiercollette.ch\/thierry-faligot\/"]}]},{"@type":"ImageObject","inLanguage":"fr-FR","@id":"https:\/\/www.gaultiercollette.ch\/thierry-faligot\/#primaryimage","url":"https:\/\/www.gaultiercollette.ch\/wp-content\/uploads\/2024\/02\/specimen1.png","contentUrl":"https:\/\/www.gaultiercollette.ch\/wp-content\/uploads\/2024\/02\/specimen1.png"},{"@type":"BreadcrumbList","@id":"https:\/\/www.gaultiercollette.ch\/thierry-faligot\/#breadcrumb","itemListElement":[{"@type":"ListItem","position":1,"name":"Accueil","item":"https:\/\/www.gaultiercollette.ch\/"},{"@type":"ListItem","position":2,"name":"Thierry Faligot"}]},{"@type":"WebSite","@id":"https:\/\/www.gaultiercollette.ch\/#website","url":"https:\/\/www.gaultiercollette.ch\/","name":"Gaultier Collette","description":"Agence cr\u00e9ative en strat\u00e9gie de marque","potentialAction":[{"@type":"SearchAction","target":{"@type":"EntryPoint","urlTemplate":"https:\/\/www.gaultiercollette.ch\/?s={search_term_string}"},"query-input":{"@type":"PropertyValueSpecification","valueRequired":true,"valueName":"search_term_string"}}],"inLanguage":"fr-FR"}]}},"_links":{"self":[{"href":"https:\/\/www.gaultiercollette.ch\/fr\/wp-json\/wp\/v2\/pages\/3749","targetHints":{"allow":["GET"]}}],"collection":[{"href":"https:\/\/www.gaultiercollette.ch\/fr\/wp-json\/wp\/v2\/pages"}],"about":[{"href":"https:\/\/www.gaultiercollette.ch\/fr\/wp-json\/wp\/v2\/types\/page"}],"author":[{"embeddable":true,"href":"https:\/\/www.gaultiercollette.ch\/fr\/wp-json\/wp\/v2\/users\/2"}],"replies":[{"embeddable":true,"href":"https:\/\/www.gaultiercollette.ch\/fr\/wp-json\/wp\/v2\/comments?post=3749"}],"version-history":[{"count":13,"href":"https:\/\/www.gaultiercollette.ch\/fr\/wp-json\/wp\/v2\/pages\/3749\/revisions"}],"predecessor-version":[{"id":3845,"href":"https:\/\/www.gaultiercollette.ch\/fr\/wp-json\/wp\/v2\/pages\/3749\/revisions\/3845"}],"wp:attachment":[{"href":"https:\/\/www.gaultiercollette.ch\/fr\/wp-json\/wp\/v2\/media?parent=3749"}],"curies":[{"name":"wp","href":"https:\/\/api.w.org\/{rel}","templated":true}]}}