{"id":3803,"date":"2024-05-23T11:37:42","date_gmt":"2024-05-23T09:37:42","guid":{"rendered":"https:\/\/www.gaultiercollette.ch\/?page_id=3803"},"modified":"2024-05-23T15:48:05","modified_gmt":"2024-05-23T13:48:05","slug":"marine-serra","status":"publish","type":"page","link":"https:\/\/www.gaultiercollette.ch\/fr\/marine-serra\/","title":{"rendered":"Marine Serra"},"content":{"rendered":"<section class=\"back baseline anim-to-scroll\">\n            <a href=\"https:\/\/www.gaultiercollette.ch\/fr\/gallery\/\">\n          <svg xmlns=\"http:\/\/www.w3.org\/2000\/svg\" viewbox=\"0 0 28 24\" style=\"enable-background:new 0 0 28 24;\" xml:space=\"preserve\">\n        <style type=\"text\/css\">.st0{fill:none;stroke:#000000;stroke-width:2;stroke-miterlimit:10;}<\/style>\n        <rect x=\"2\" y=\"11\" width=\"25\" height=\"2\"\/>\n        <polyline class=\"st0\" points=\"12.8,23.2 1.5,12 12.8,0.8 \"\/>\n      <\/svg>\n      Retour\n    <\/a>\n<\/section>\n\n\n\n\n<section class=\"homepage container\" id=\"case-studies\">\n  <\/section>\n\n\n\n\n  <section class=\"case__header baseline anim-to-scroll\">\n    <div class=\"case__header-title\">\n      <h2 class=\"\">\n        <span class=\"title\">Marine Serra<\/span>\n        <span class=\"title-year\"><\/span>\n      <\/h2>\n    <\/div>\n    <div class=\"case__header-text\">Marine Serra. Designer et artiste 3D<br \/>\r\n<br \/>\r\nL\u2019approche architecturale et les natures mortes de Marine explorent les fronti\u00e8res entre le r\u00e9el et le virtuel, o\u00f9 l'humain est presque toujours absent.<br \/>\r\nElle cr\u00e9e des sc\u00e8nes volontairement d\u00e9pouill\u00e9es qui questionnent notre perception du vide et de notre environnement.<br \/>\r\nDans la s\u00e9rie \u00ab 205 \u00bb, Marine r\u00e9pertorie les vestiges d'une \u00e9poque r\u00e9volue. Objets banals et traces du temps se transforment en reliques, laissant le spectateur libre de reconstituer les sc\u00e8nes qui se sont d\u00e9roul\u00e9es \u00e0 l'int\u00e9rieur de l\u2019habitacle.<\/div>\n  <\/section>\n\n\n\n\n\n\n<figure class=\"wp-block-image size-large\"><img loading=\"lazy\" decoding=\"async\" width=\"825\" height=\"1024\" src=\"https:\/\/www.gaultiercollette.ch\/wp-content\/uploads\/2024\/05\/205_5-1-825x1024.jpg\" alt=\"\" class=\"wp-image-3824\" srcset=\"https:\/\/www.gaultiercollette.ch\/wp-content\/uploads\/2024\/05\/205_5-1-825x1024.jpg 825w, https:\/\/www.gaultiercollette.ch\/wp-content\/uploads\/2024\/05\/205_5-1-242x300.jpg 242w, https:\/\/www.gaultiercollette.ch\/wp-content\/uploads\/2024\/05\/205_5-1-768x953.jpg 768w, https:\/\/www.gaultiercollette.ch\/wp-content\/uploads\/2024\/05\/205_5-1-1238x1536.jpg 1238w, https:\/\/www.gaultiercollette.ch\/wp-content\/uploads\/2024\/05\/205_5-1-1651x2048.jpg 1651w, https:\/\/www.gaultiercollette.ch\/wp-content\/uploads\/2024\/05\/205_5-1-10x12.jpg 10w\" sizes=\"auto, (max-width: 825px) 100vw, 825px\" \/><\/figure>\n\n\n\n<div class=\"wp-block-columns is-layout-flex wp-container-core-columns-is-layout-9d6595d7 wp-block-columns-is-layout-flex\">\n<div class=\"wp-block-column is-vertically-aligned-center is-layout-flow wp-block-column-is-layout-flow\">\n<figure class=\"wp-block-video\"><video height=\"1350\" style=\"aspect-ratio: 1080 \/ 1350;\" width=\"1080\" autoplay controls loop preload=\"auto\" src=\"https:\/\/www.gaultiercollette.ch\/wp-content\/uploads\/2024\/05\/archives_tools_briquet_post_modif.mp4\" playsinline><\/video><\/figure>\n<\/div>\n\n\n\n<div class=\"wp-block-column is-vertically-aligned-center is-layout-flow wp-block-column-is-layout-flow\">\n<figure class=\"wp-block-video\"><video height=\"1350\" style=\"aspect-ratio: 1088 \/ 1350;\" width=\"1088\" autoplay controls loop preload=\"auto\" src=\"https:\/\/www.gaultiercollette.ch\/wp-content\/uploads\/2024\/05\/archives_tools_arbre_magique_post-1.mp4\"><\/video><\/figure>\n<\/div>\n<\/div>\n\n\n\n<div class=\"wp-block-columns is-layout-flex wp-container-core-columns-is-layout-9d6595d7 wp-block-columns-is-layout-flex\">\n<div class=\"wp-block-column is-layout-flow wp-block-column-is-layout-flow\">\n<div class=\"wp-block-columns is-layout-flex wp-container-core-columns-is-layout-9d6595d7 wp-block-columns-is-layout-flex\">\n<div class=\"wp-block-column is-layout-flow wp-block-column-is-layout-flow\">\n<figure class=\"wp-block-video\"><video height=\"1350\" style=\"aspect-ratio: 1088 \/ 1350;\" width=\"1088\" autoplay controls loop preload=\"auto\" src=\"https:\/\/www.gaultiercollette.ch\/wp-content\/uploads\/2024\/05\/archives_tools_bidon_post.mp4\"><\/video><\/figure>\n<\/div>\n\n\n\n<div class=\"wp-block-column is-layout-flow wp-block-column-is-layout-flow\">\n<figure class=\"wp-block-video\"><video height=\"1350\" style=\"aspect-ratio: 1088 \/ 1350;\" width=\"1088\" autoplay controls loop preload=\"auto\" src=\"https:\/\/www.gaultiercollette.ch\/wp-content\/uploads\/2024\/05\/archives_tools_205_post.mp4\"><\/video><\/figure>\n<\/div>\n<\/div>\n<\/div>\n<\/div>\n\n\n\n<div class=\"wp-block-columns is-layout-flex wp-container-core-columns-is-layout-9d6595d7 wp-block-columns-is-layout-flex\">\n<div class=\"wp-block-column is-vertically-aligned-center is-layout-flow wp-block-column-is-layout-flow\">\n<figure class=\"wp-block-video\"><video height=\"1350\" style=\"aspect-ratio: 1080 \/ 1350;\" width=\"1080\" autoplay controls loop preload=\"auto\" src=\"https:\/\/www.gaultiercollette.ch\/wp-content\/uploads\/2024\/05\/archives_tools_autoradio_post-1.mp4\"><\/video><\/figure>\n<\/div>\n\n\n\n<div class=\"wp-block-column is-vertically-aligned-center is-layout-flow wp-block-column-is-layout-flow\">\n<figure class=\"wp-block-video\"><video height=\"1350\" style=\"aspect-ratio: 1088 \/ 1350;\" width=\"1088\" autoplay controls loop preload=\"auto\" src=\"https:\/\/www.gaultiercollette.ch\/wp-content\/uploads\/2024\/05\/archives_tools_trashbag_post.mp4\"><\/video><\/figure>\n<\/div>\n<\/div>\n\n\n\n<div class=\"wp-block-columns is-layout-flex wp-container-core-columns-is-layout-9d6595d7 wp-block-columns-is-layout-flex\">\n<div class=\"wp-block-column is-vertically-aligned-center is-layout-flow wp-block-column-is-layout-flow\">\n<figure class=\"wp-block-video\"><video height=\"1350\" style=\"aspect-ratio: 1088 \/ 1350;\" width=\"1088\" autoplay controls loop preload=\"auto\" src=\"https:\/\/www.gaultiercollette.ch\/wp-content\/uploads\/2024\/05\/archives_tools_205_1_post.mp4\"><\/video><\/figure>\n<\/div>\n\n\n\n<div class=\"wp-block-column is-vertically-aligned-center is-layout-flow wp-block-column-is-layout-flow\">\n<figure class=\"wp-block-video\"><video height=\"1350\" style=\"aspect-ratio: 1080 \/ 1350;\" width=\"1080\" autoplay controls loop preload=\"auto\" src=\"https:\/\/www.gaultiercollette.ch\/wp-content\/uploads\/2024\/05\/archives_tool_cd_post.mp4\"><\/video><\/figure>\n<\/div>\n<\/div>","protected":false},"excerpt":{"rendered":"","protected":false},"author":2,"featured_media":0,"parent":0,"menu_order":0,"comment_status":"closed","ping_status":"closed","template":"","meta":{"footnotes":""},"class_list":["post-3803","page","type-page","status-publish","hentry"],"yoast_head":"<!-- This site is optimized with the Yoast SEO plugin v27.5 - https:\/\/yoast.com\/product\/yoast-seo-wordpress\/ -->\n<title>Marine Serra - Gaultier Collette<\/title>\n<meta name=\"robots\" content=\"index, follow, max-snippet:-1, max-image-preview:large, max-video-preview:-1\" \/>\n<link rel=\"canonical\" href=\"https:\/\/www.gaultiercollette.ch\/fr\/marine-serra\/\" \/>\n<meta property=\"og:locale\" content=\"fr_FR\" \/>\n<meta property=\"og:type\" content=\"article\" \/>\n<meta property=\"og:title\" content=\"Marine Serra - Gaultier Collette\" \/>\n<meta property=\"og:url\" content=\"https:\/\/www.gaultiercollette.ch\/fr\/marine-serra\/\" \/>\n<meta property=\"og:site_name\" content=\"Gaultier Collette\" \/>\n<meta property=\"article:modified_time\" content=\"2024-05-23T13:48:05+00:00\" \/>\n<meta property=\"og:image\" content=\"https:\/\/www.gaultiercollette.ch\/wp-content\/uploads\/2024\/05\/205_5-1-825x1024.jpg\" \/>\n<meta name=\"twitter:card\" content=\"summary_large_image\" \/>\n<meta name=\"twitter:label1\" content=\"Dur\u00e9e de lecture estim\u00e9e\" \/>\n\t<meta name=\"twitter:data1\" content=\"1 minute\" \/>\n<script type=\"application\/ld+json\" class=\"yoast-schema-graph\">{\"@context\":\"https:\\\/\\\/schema.org\",\"@graph\":[{\"@type\":\"WebPage\",\"@id\":\"https:\\\/\\\/www.gaultiercollette.ch\\\/marine-serra\\\/\",\"url\":\"https:\\\/\\\/www.gaultiercollette.ch\\\/marine-serra\\\/\",\"name\":\"Marine Serra - Gaultier Collette\",\"isPartOf\":{\"@id\":\"https:\\\/\\\/www.gaultiercollette.ch\\\/#website\"},\"primaryImageOfPage\":{\"@id\":\"https:\\\/\\\/www.gaultiercollette.ch\\\/marine-serra\\\/#primaryimage\"},\"image\":{\"@id\":\"https:\\\/\\\/www.gaultiercollette.ch\\\/marine-serra\\\/#primaryimage\"},\"thumbnailUrl\":\"https:\\\/\\\/www.gaultiercollette.ch\\\/wp-content\\\/uploads\\\/2024\\\/05\\\/205_5-1-825x1024.jpg\",\"datePublished\":\"2024-05-23T09:37:42+00:00\",\"dateModified\":\"2024-05-23T13:48:05+00:00\",\"breadcrumb\":{\"@id\":\"https:\\\/\\\/www.gaultiercollette.ch\\\/marine-serra\\\/#breadcrumb\"},\"inLanguage\":\"fr-FR\",\"potentialAction\":[{\"@type\":\"ReadAction\",\"target\":[\"https:\\\/\\\/www.gaultiercollette.ch\\\/marine-serra\\\/\"]}]},{\"@type\":\"ImageObject\",\"inLanguage\":\"fr-FR\",\"@id\":\"https:\\\/\\\/www.gaultiercollette.ch\\\/marine-serra\\\/#primaryimage\",\"url\":\"https:\\\/\\\/www.gaultiercollette.ch\\\/wp-content\\\/uploads\\\/2024\\\/05\\\/205_5-1-825x1024.jpg\",\"contentUrl\":\"https:\\\/\\\/www.gaultiercollette.ch\\\/wp-content\\\/uploads\\\/2024\\\/05\\\/205_5-1-825x1024.jpg\"},{\"@type\":\"BreadcrumbList\",\"@id\":\"https:\\\/\\\/www.gaultiercollette.ch\\\/marine-serra\\\/#breadcrumb\",\"itemListElement\":[{\"@type\":\"ListItem\",\"position\":1,\"name\":\"Accueil\",\"item\":\"https:\\\/\\\/www.gaultiercollette.ch\\\/\"},{\"@type\":\"ListItem\",\"position\":2,\"name\":\"Marine Serra\"}]},{\"@type\":\"WebSite\",\"@id\":\"https:\\\/\\\/www.gaultiercollette.ch\\\/#website\",\"url\":\"https:\\\/\\\/www.gaultiercollette.ch\\\/\",\"name\":\"Gaultier Collette\",\"description\":\"Agence cr\u00e9ative en strat\u00e9gie de marque\",\"potentialAction\":[{\"@type\":\"SearchAction\",\"target\":{\"@type\":\"EntryPoint\",\"urlTemplate\":\"https:\\\/\\\/www.gaultiercollette.ch\\\/?s={search_term_string}\"},\"query-input\":{\"@type\":\"PropertyValueSpecification\",\"valueRequired\":true,\"valueName\":\"search_term_string\"}}],\"inLanguage\":\"fr-FR\"}]}<\/script>\n<!-- \/ Yoast SEO plugin. -->","yoast_head_json":{"title":"Marine Serra - Gaultier Collette","robots":{"index":"index","follow":"follow","max-snippet":"max-snippet:-1","max-image-preview":"max-image-preview:large","max-video-preview":"max-video-preview:-1"},"canonical":"https:\/\/www.gaultiercollette.ch\/fr\/marine-serra\/","og_locale":"fr_FR","og_type":"article","og_title":"Marine Serra - Gaultier Collette","og_url":"https:\/\/www.gaultiercollette.ch\/fr\/marine-serra\/","og_site_name":"Gaultier Collette","article_modified_time":"2024-05-23T13:48:05+00:00","og_image":[{"url":"https:\/\/www.gaultiercollette.ch\/wp-content\/uploads\/2024\/05\/205_5-1-825x1024.jpg","type":"","width":"","height":""}],"twitter_card":"summary_large_image","twitter_misc":{"Dur\u00e9e de lecture estim\u00e9e":"1 minute"},"schema":{"@context":"https:\/\/schema.org","@graph":[{"@type":"WebPage","@id":"https:\/\/www.gaultiercollette.ch\/marine-serra\/","url":"https:\/\/www.gaultiercollette.ch\/marine-serra\/","name":"Marine Serra - Gaultier Collette","isPartOf":{"@id":"https:\/\/www.gaultiercollette.ch\/#website"},"primaryImageOfPage":{"@id":"https:\/\/www.gaultiercollette.ch\/marine-serra\/#primaryimage"},"image":{"@id":"https:\/\/www.gaultiercollette.ch\/marine-serra\/#primaryimage"},"thumbnailUrl":"https:\/\/www.gaultiercollette.ch\/wp-content\/uploads\/2024\/05\/205_5-1-825x1024.jpg","datePublished":"2024-05-23T09:37:42+00:00","dateModified":"2024-05-23T13:48:05+00:00","breadcrumb":{"@id":"https:\/\/www.gaultiercollette.ch\/marine-serra\/#breadcrumb"},"inLanguage":"fr-FR","potentialAction":[{"@type":"ReadAction","target":["https:\/\/www.gaultiercollette.ch\/marine-serra\/"]}]},{"@type":"ImageObject","inLanguage":"fr-FR","@id":"https:\/\/www.gaultiercollette.ch\/marine-serra\/#primaryimage","url":"https:\/\/www.gaultiercollette.ch\/wp-content\/uploads\/2024\/05\/205_5-1-825x1024.jpg","contentUrl":"https:\/\/www.gaultiercollette.ch\/wp-content\/uploads\/2024\/05\/205_5-1-825x1024.jpg"},{"@type":"BreadcrumbList","@id":"https:\/\/www.gaultiercollette.ch\/marine-serra\/#breadcrumb","itemListElement":[{"@type":"ListItem","position":1,"name":"Accueil","item":"https:\/\/www.gaultiercollette.ch\/"},{"@type":"ListItem","position":2,"name":"Marine Serra"}]},{"@type":"WebSite","@id":"https:\/\/www.gaultiercollette.ch\/#website","url":"https:\/\/www.gaultiercollette.ch\/","name":"Gaultier Collette","description":"Agence cr\u00e9ative en strat\u00e9gie de marque","potentialAction":[{"@type":"SearchAction","target":{"@type":"EntryPoint","urlTemplate":"https:\/\/www.gaultiercollette.ch\/?s={search_term_string}"},"query-input":{"@type":"PropertyValueSpecification","valueRequired":true,"valueName":"search_term_string"}}],"inLanguage":"fr-FR"}]}},"_links":{"self":[{"href":"https:\/\/www.gaultiercollette.ch\/fr\/wp-json\/wp\/v2\/pages\/3803","targetHints":{"allow":["GET"]}}],"collection":[{"href":"https:\/\/www.gaultiercollette.ch\/fr\/wp-json\/wp\/v2\/pages"}],"about":[{"href":"https:\/\/www.gaultiercollette.ch\/fr\/wp-json\/wp\/v2\/types\/page"}],"author":[{"embeddable":true,"href":"https:\/\/www.gaultiercollette.ch\/fr\/wp-json\/wp\/v2\/users\/2"}],"replies":[{"embeddable":true,"href":"https:\/\/www.gaultiercollette.ch\/fr\/wp-json\/wp\/v2\/comments?post=3803"}],"version-history":[{"count":19,"href":"https:\/\/www.gaultiercollette.ch\/fr\/wp-json\/wp\/v2\/pages\/3803\/revisions"}],"predecessor-version":[{"id":3842,"href":"https:\/\/www.gaultiercollette.ch\/fr\/wp-json\/wp\/v2\/pages\/3803\/revisions\/3842"}],"wp:attachment":[{"href":"https:\/\/www.gaultiercollette.ch\/fr\/wp-json\/wp\/v2\/media?parent=3803"}],"curies":[{"name":"wp","href":"https:\/\/api.w.org\/{rel}","templated":true}]}}