{"id":3909,"date":"2024-11-19T16:13:48","date_gmt":"2024-11-19T15:13:48","guid":{"rendered":"https:\/\/www.gaultiercollette.ch\/?page_id=3909"},"modified":"2024-11-19T16:13:50","modified_gmt":"2024-11-19T15:13:50","slug":"laurastar_-x-boss","status":"publish","type":"page","link":"https:\/\/www.gaultiercollette.ch\/fr\/laurastar_-x-boss\/","title":{"rendered":"Laurastar_ x BOSS"},"content":{"rendered":"<section class=\"back baseline anim-to-scroll\">\n            <a href=\"https:\/\/www.gaultiercollette.ch\/fr\/laurastar-liste\/\">\n          <svg xmlns=\"http:\/\/www.w3.org\/2000\/svg\" viewbox=\"0 0 28 24\" style=\"enable-background:new 0 0 28 24;\" xml:space=\"preserve\">\n        <style type=\"text\/css\">.st0{fill:none;stroke:#000000;stroke-width:2;stroke-miterlimit:10;}<\/style>\n        <rect x=\"2\" y=\"11\" width=\"25\" height=\"2\"\/>\n        <polyline class=\"st0\" points=\"12.8,23.2 1.5,12 12.8,0.8 \"\/>\n      <\/svg>\n      Retour\n    <\/a>\n<\/section>\n\n\n\n\n\n  <section class=\"case__header baseline anim-to-scroll\">\n    <div class=\"case__header-title\">\n      <h2 class=\"\">\n        <span class=\"title\">Laurastar x BOSS<\/span>\n        <span class=\"title-year\"><\/span>\n      <\/h2>\n    <\/div>\n    <div class=\"case__header-text\">Campagne pour le lancement international du cobranding LAURASTAR x BOSS. Conception, r\u00e9alisation et supervision d\u2019une campagne omnicanale avec un d\u00e9ploiement en points de vente BOSS et dans les grands magasins o\u00f9 la collection est propos\u00e9e.<\/div>\n  <\/section>\n\n\n\n\n\n\n    <section class=\"case__iframe baseline anim-to-scroll\">\n      <iframe\n        src=\"https:\/\/player.vimeo.com\/video\/1025067218\"\n        allowfullscreen onload=\"adjustIframe(this)\"\n      ><\/iframe>\n    <\/section>\n\n\n\n\n  <section class=\"case__skills baseline anim-to-scroll\">\n    <ul>\n                      <li>Cr\u00e9ation de contenus<\/li>\n                              <li>Direction artistique<\/li>\n                              <li>Univers de marque digital<\/li>\n                              <li>Conception-R\u00e9daction<\/li>\n                              <li>Gestion de projet<\/li>\n                  <\/ul>\n  <\/section>\n\n\n\n\n<section class=\"case__carousel case__carousel-vertical baseline anim-to-scroll\">\n  <div class=\"case__carousel-inner page__slider\">\n                <div class=\"case__carousel-item\">\n                                  <img decoding=\"async\" src=\"https:\/\/www.gaultiercollette.ch\/wp-content\/uploads\/2024\/10\/240715_HUGO_BOSS-x-LAURASTAR_SHOT_02_051-1-e1732025727290.jpg\" \/>\n                              <\/div>\n                        <div class=\"case__carousel-item\">\n                                  <img decoding=\"async\" src=\"https:\/\/www.gaultiercollette.ch\/wp-content\/uploads\/2024\/10\/240715_HUGO_BOSS-x-LAURASTAR_SHOT_04_071-1.jpg\" \/>\n                              <\/div>\n                        <div class=\"case__carousel-item\">\n                                  <img decoding=\"async\" src=\"https:\/\/www.gaultiercollette.ch\/wp-content\/uploads\/2024\/10\/240715_HUGO_BOSS-x-LAURASTAR_SHOT_06_017-1.jpg\" \/>\n                              <\/div>\n                        <div class=\"case__carousel-item\">\n                                  <img decoding=\"async\" src=\"https:\/\/www.gaultiercollette.ch\/wp-content\/uploads\/2024\/10\/240715_HUGO_BOSS-x-LAURASTAR_SHOT_05_021-1.jpg\" \/>\n                              <\/div>\n              <\/div>\n<\/section>\n\n<!--  -->\n\n\n<div style=\"height:100px\" aria-hidden=\"true\" class=\"wp-block-spacer\"><\/div>\n\n\n\n<div class=\"wp-block-columns are-vertically-aligned-center is-layout-flex wp-container-core-columns-is-layout-9d6595d7 wp-block-columns-is-layout-flex\">\n<div class=\"wp-block-column is-vertically-aligned-center is-layout-flow wp-block-column-is-layout-flow\">\n<div class=\"wp-block-columns is-layout-flex wp-container-core-columns-is-layout-9d6595d7 wp-block-columns-is-layout-flex\">\n<div class=\"wp-block-column is-layout-flow wp-block-column-is-layout-flow\" style=\"flex-basis:25%\"><\/div>\n\n\n\n<div class=\"wp-block-column is-layout-flow wp-block-column-is-layout-flow\" style=\"flex-basis:50%\"><\/div>\n\n\n\n<div class=\"wp-block-column is-layout-flow wp-block-column-is-layout-flow\" style=\"flex-basis:25%\"><\/div>\n<\/div>\n<\/div>\n\n\n\n<div class=\"wp-block-column is-vertically-aligned-center is-layout-flow wp-block-column-is-layout-flow\">\n<figure class=\"wp-block-image size-full\"><img loading=\"lazy\" decoding=\"async\" width=\"1080\" height=\"1350\" src=\"https:\/\/www.gaultiercollette.ch\/wp-content\/uploads\/2024\/10\/LAURASTAR_GIF_PACKSHOT_1080x1350px.gif\" alt=\"\" class=\"wp-image-3927\"\/><\/figure>\n<\/div>\n<\/div>\n\n\n\n<div style=\"height:100px\" aria-hidden=\"true\" class=\"wp-block-spacer\"><\/div>\n\n\n\n<div class=\"wp-block-columns is-layout-flex wp-container-core-columns-is-layout-9d6595d7 wp-block-columns-is-layout-flex\">\n<div class=\"wp-block-column is-layout-flow wp-block-column-is-layout-flow\">\n<figure class=\"wp-block-image size-large\"><img loading=\"lazy\" decoding=\"async\" width=\"1146\" height=\"1529\" src=\"https:\/\/www.gaultiercollette.ch\/wp-content\/uploads\/2024\/11\/240715_HUGO_BOSS-x-LAURASTAR_SHOT_01_040-2-edited-1.jpg\" alt=\"\" class=\"wp-image-4047\" srcset=\"https:\/\/www.gaultiercollette.ch\/wp-content\/uploads\/2024\/11\/240715_HUGO_BOSS-x-LAURASTAR_SHOT_01_040-2-edited-1.jpg 1146w, https:\/\/www.gaultiercollette.ch\/wp-content\/uploads\/2024\/11\/240715_HUGO_BOSS-x-LAURASTAR_SHOT_01_040-2-edited-1-225x300.jpg 225w, https:\/\/www.gaultiercollette.ch\/wp-content\/uploads\/2024\/11\/240715_HUGO_BOSS-x-LAURASTAR_SHOT_01_040-2-edited-1-767x1024.jpg 767w, https:\/\/www.gaultiercollette.ch\/wp-content\/uploads\/2024\/11\/240715_HUGO_BOSS-x-LAURASTAR_SHOT_01_040-2-edited-1-768x1025.jpg 768w, https:\/\/www.gaultiercollette.ch\/wp-content\/uploads\/2024\/11\/240715_HUGO_BOSS-x-LAURASTAR_SHOT_01_040-2-edited-1-9x12.jpg 9w\" sizes=\"auto, (max-width: 1146px) 100vw, 1146px\" \/><\/figure>\n<\/div>\n\n\n\n<div class=\"wp-block-column is-vertically-aligned-center is-layout-flow wp-block-column-is-layout-flow\">\n<div class=\"wp-block-columns is-layout-flex wp-container-core-columns-is-layout-9d6595d7 wp-block-columns-is-layout-flex\">\n<div class=\"wp-block-column is-layout-flow wp-block-column-is-layout-flow\" style=\"flex-basis:25%\"><\/div>\n\n\n\n<div class=\"wp-block-column is-layout-flow wp-block-column-is-layout-flow\" style=\"flex-basis:50%\">\n<figure class=\"wp-block-video\"><video height=\"1350\" style=\"aspect-ratio: 1080 \/ 1350;\" width=\"1080\" autoplay controls muted src=\"https:\/\/www.gaultiercollette.ch\/wp-content\/uploads\/2024\/10\/01_POST_Carrousel_LSxBOSS_2-1.mp4\"><\/video><\/figure>\n<\/div>\n\n\n\n<div class=\"wp-block-column is-layout-flow wp-block-column-is-layout-flow\" style=\"flex-basis:25%\"><\/div>\n<\/div>\n<\/div>\n<\/div>","protected":false},"excerpt":{"rendered":"","protected":false},"author":1,"featured_media":0,"parent":0,"menu_order":0,"comment_status":"closed","ping_status":"closed","template":"","meta":{"footnotes":""},"class_list":["post-3909","page","type-page","status-publish","hentry"],"yoast_head":"<!-- This site is optimized with the Yoast SEO plugin v27.5 - https:\/\/yoast.com\/product\/yoast-seo-wordpress\/ -->\n<title>Laurastar_ x BOSS - Gaultier Collette<\/title>\n<meta name=\"description\" content=\"D\u00e9couvrez comment Gaultier Collette a d\u00e9velopp\u00e9 la strat\u00e9gie et r\u00e9alis\u00e9 la campagne et la cr\u00e9ation de contenus pour pr\u00e9senter et valoriser la technologie Dry Microfine Steam (D.M.S) de Laurastar.\" \/>\n<meta name=\"robots\" content=\"index, follow, max-snippet:-1, max-image-preview:large, max-video-preview:-1\" \/>\n<link rel=\"canonical\" href=\"https:\/\/www.gaultiercollette.ch\/fr\/laurastar_-x-boss\/\" \/>\n<meta property=\"og:locale\" content=\"fr_FR\" \/>\n<meta property=\"og:type\" content=\"article\" \/>\n<meta property=\"og:title\" content=\"Laurastar_ x BOSS - Gaultier Collette\" \/>\n<meta property=\"og:description\" content=\"D\u00e9couvrez comment Gaultier Collette a d\u00e9velopp\u00e9 la strat\u00e9gie et r\u00e9alis\u00e9 la campagne et la cr\u00e9ation de contenus pour pr\u00e9senter et valoriser la technologie Dry Microfine Steam (D.M.S) de Laurastar.\" \/>\n<meta property=\"og:url\" content=\"https:\/\/www.gaultiercollette.ch\/fr\/laurastar_-x-boss\/\" \/>\n<meta property=\"og:site_name\" content=\"Gaultier Collette\" \/>\n<meta property=\"article:modified_time\" content=\"2024-11-19T15:13:50+00:00\" \/>\n<meta property=\"og:image\" content=\"https:\/\/www.gaultiercollette.ch\/wp-content\/uploads\/2024\/10\/LAURASTAR_GIF_PACKSHOT_1080x1350px.gif\" \/>\n<meta name=\"twitter:card\" content=\"summary_large_image\" \/>\n<meta name=\"twitter:label1\" content=\"Dur\u00e9e de lecture estim\u00e9e\" \/>\n\t<meta name=\"twitter:data1\" content=\"1 minute\" \/>\n<script type=\"application\/ld+json\" class=\"yoast-schema-graph\">{\"@context\":\"https:\\\/\\\/schema.org\",\"@graph\":[{\"@type\":\"WebPage\",\"@id\":\"https:\\\/\\\/www.gaultiercollette.ch\\\/laurastar_-x-boss\\\/\",\"url\":\"https:\\\/\\\/www.gaultiercollette.ch\\\/laurastar_-x-boss\\\/\",\"name\":\"Laurastar_ x BOSS - Gaultier Collette\",\"isPartOf\":{\"@id\":\"https:\\\/\\\/www.gaultiercollette.ch\\\/#website\"},\"primaryImageOfPage\":{\"@id\":\"https:\\\/\\\/www.gaultiercollette.ch\\\/laurastar_-x-boss\\\/#primaryimage\"},\"image\":{\"@id\":\"https:\\\/\\\/www.gaultiercollette.ch\\\/laurastar_-x-boss\\\/#primaryimage\"},\"thumbnailUrl\":\"https:\\\/\\\/www.gaultiercollette.ch\\\/wp-content\\\/uploads\\\/2024\\\/10\\\/LAURASTAR_GIF_PACKSHOT_1080x1350px.gif\",\"datePublished\":\"2024-11-19T15:13:48+00:00\",\"dateModified\":\"2024-11-19T15:13:50+00:00\",\"description\":\"D\u00e9couvrez comment Gaultier Collette a d\u00e9velopp\u00e9 la strat\u00e9gie et r\u00e9alis\u00e9 la campagne et la cr\u00e9ation de contenus pour pr\u00e9senter et valoriser la technologie Dry Microfine Steam (D.M.S) de Laurastar.\",\"breadcrumb\":{\"@id\":\"https:\\\/\\\/www.gaultiercollette.ch\\\/laurastar_-x-boss\\\/#breadcrumb\"},\"inLanguage\":\"fr-FR\",\"potentialAction\":[{\"@type\":\"ReadAction\",\"target\":[\"https:\\\/\\\/www.gaultiercollette.ch\\\/laurastar_-x-boss\\\/\"]}]},{\"@type\":\"ImageObject\",\"inLanguage\":\"fr-FR\",\"@id\":\"https:\\\/\\\/www.gaultiercollette.ch\\\/laurastar_-x-boss\\\/#primaryimage\",\"url\":\"https:\\\/\\\/www.gaultiercollette.ch\\\/wp-content\\\/uploads\\\/2024\\\/10\\\/LAURASTAR_GIF_PACKSHOT_1080x1350px.gif\",\"contentUrl\":\"https:\\\/\\\/www.gaultiercollette.ch\\\/wp-content\\\/uploads\\\/2024\\\/10\\\/LAURASTAR_GIF_PACKSHOT_1080x1350px.gif\"},{\"@type\":\"BreadcrumbList\",\"@id\":\"https:\\\/\\\/www.gaultiercollette.ch\\\/laurastar_-x-boss\\\/#breadcrumb\",\"itemListElement\":[{\"@type\":\"ListItem\",\"position\":1,\"name\":\"Accueil\",\"item\":\"https:\\\/\\\/www.gaultiercollette.ch\\\/\"},{\"@type\":\"ListItem\",\"position\":2,\"name\":\"Laurastar_ x BOSS\"}]},{\"@type\":\"WebSite\",\"@id\":\"https:\\\/\\\/www.gaultiercollette.ch\\\/#website\",\"url\":\"https:\\\/\\\/www.gaultiercollette.ch\\\/\",\"name\":\"Gaultier Collette\",\"description\":\"Agence cr\u00e9ative en strat\u00e9gie de marque\",\"potentialAction\":[{\"@type\":\"SearchAction\",\"target\":{\"@type\":\"EntryPoint\",\"urlTemplate\":\"https:\\\/\\\/www.gaultiercollette.ch\\\/?s={search_term_string}\"},\"query-input\":{\"@type\":\"PropertyValueSpecification\",\"valueRequired\":true,\"valueName\":\"search_term_string\"}}],\"inLanguage\":\"fr-FR\"}]}<\/script>\n<!-- \/ Yoast SEO plugin. -->","yoast_head_json":{"title":"Laurastar_ x BOSS - Gaultier Collette","description":"D\u00e9couvrez comment Gaultier Collette a d\u00e9velopp\u00e9 la strat\u00e9gie et r\u00e9alis\u00e9 la campagne et la cr\u00e9ation de contenus pour pr\u00e9senter et valoriser la technologie Dry Microfine Steam (D.M.S) de Laurastar.","robots":{"index":"index","follow":"follow","max-snippet":"max-snippet:-1","max-image-preview":"max-image-preview:large","max-video-preview":"max-video-preview:-1"},"canonical":"https:\/\/www.gaultiercollette.ch\/fr\/laurastar_-x-boss\/","og_locale":"fr_FR","og_type":"article","og_title":"Laurastar_ x BOSS - Gaultier Collette","og_description":"D\u00e9couvrez comment Gaultier Collette a d\u00e9velopp\u00e9 la strat\u00e9gie et r\u00e9alis\u00e9 la campagne et la cr\u00e9ation de contenus pour pr\u00e9senter et valoriser la technologie Dry Microfine Steam (D.M.S) de Laurastar.","og_url":"https:\/\/www.gaultiercollette.ch\/fr\/laurastar_-x-boss\/","og_site_name":"Gaultier Collette","article_modified_time":"2024-11-19T15:13:50+00:00","og_image":[{"url":"https:\/\/www.gaultiercollette.ch\/wp-content\/uploads\/2024\/10\/LAURASTAR_GIF_PACKSHOT_1080x1350px.gif","type":"","width":"","height":""}],"twitter_card":"summary_large_image","twitter_misc":{"Dur\u00e9e de lecture estim\u00e9e":"1 minute"},"schema":{"@context":"https:\/\/schema.org","@graph":[{"@type":"WebPage","@id":"https:\/\/www.gaultiercollette.ch\/laurastar_-x-boss\/","url":"https:\/\/www.gaultiercollette.ch\/laurastar_-x-boss\/","name":"Laurastar_ x BOSS - Gaultier Collette","isPartOf":{"@id":"https:\/\/www.gaultiercollette.ch\/#website"},"primaryImageOfPage":{"@id":"https:\/\/www.gaultiercollette.ch\/laurastar_-x-boss\/#primaryimage"},"image":{"@id":"https:\/\/www.gaultiercollette.ch\/laurastar_-x-boss\/#primaryimage"},"thumbnailUrl":"https:\/\/www.gaultiercollette.ch\/wp-content\/uploads\/2024\/10\/LAURASTAR_GIF_PACKSHOT_1080x1350px.gif","datePublished":"2024-11-19T15:13:48+00:00","dateModified":"2024-11-19T15:13:50+00:00","description":"D\u00e9couvrez comment Gaultier Collette a d\u00e9velopp\u00e9 la strat\u00e9gie et r\u00e9alis\u00e9 la campagne et la cr\u00e9ation de contenus pour pr\u00e9senter et valoriser la technologie Dry Microfine Steam (D.M.S) de Laurastar.","breadcrumb":{"@id":"https:\/\/www.gaultiercollette.ch\/laurastar_-x-boss\/#breadcrumb"},"inLanguage":"fr-FR","potentialAction":[{"@type":"ReadAction","target":["https:\/\/www.gaultiercollette.ch\/laurastar_-x-boss\/"]}]},{"@type":"ImageObject","inLanguage":"fr-FR","@id":"https:\/\/www.gaultiercollette.ch\/laurastar_-x-boss\/#primaryimage","url":"https:\/\/www.gaultiercollette.ch\/wp-content\/uploads\/2024\/10\/LAURASTAR_GIF_PACKSHOT_1080x1350px.gif","contentUrl":"https:\/\/www.gaultiercollette.ch\/wp-content\/uploads\/2024\/10\/LAURASTAR_GIF_PACKSHOT_1080x1350px.gif"},{"@type":"BreadcrumbList","@id":"https:\/\/www.gaultiercollette.ch\/laurastar_-x-boss\/#breadcrumb","itemListElement":[{"@type":"ListItem","position":1,"name":"Accueil","item":"https:\/\/www.gaultiercollette.ch\/"},{"@type":"ListItem","position":2,"name":"Laurastar_ x BOSS"}]},{"@type":"WebSite","@id":"https:\/\/www.gaultiercollette.ch\/#website","url":"https:\/\/www.gaultiercollette.ch\/","name":"Gaultier Collette","description":"Agence cr\u00e9ative en strat\u00e9gie de marque","potentialAction":[{"@type":"SearchAction","target":{"@type":"EntryPoint","urlTemplate":"https:\/\/www.gaultiercollette.ch\/?s={search_term_string}"},"query-input":{"@type":"PropertyValueSpecification","valueRequired":true,"valueName":"search_term_string"}}],"inLanguage":"fr-FR"}]}},"_links":{"self":[{"href":"https:\/\/www.gaultiercollette.ch\/fr\/wp-json\/wp\/v2\/pages\/3909","targetHints":{"allow":["GET"]}}],"collection":[{"href":"https:\/\/www.gaultiercollette.ch\/fr\/wp-json\/wp\/v2\/pages"}],"about":[{"href":"https:\/\/www.gaultiercollette.ch\/fr\/wp-json\/wp\/v2\/types\/page"}],"author":[{"embeddable":true,"href":"https:\/\/www.gaultiercollette.ch\/fr\/wp-json\/wp\/v2\/users\/1"}],"replies":[{"embeddable":true,"href":"https:\/\/www.gaultiercollette.ch\/fr\/wp-json\/wp\/v2\/comments?post=3909"}],"version-history":[{"count":69,"href":"https:\/\/www.gaultiercollette.ch\/fr\/wp-json\/wp\/v2\/pages\/3909\/revisions"}],"predecessor-version":[{"id":4050,"href":"https:\/\/www.gaultiercollette.ch\/fr\/wp-json\/wp\/v2\/pages\/3909\/revisions\/4050"}],"wp:attachment":[{"href":"https:\/\/www.gaultiercollette.ch\/fr\/wp-json\/wp\/v2\/media?parent=3909"}],"curies":[{"name":"wp","href":"https:\/\/api.w.org\/{rel}","templated":true}]}}