{"id":3994,"date":"2024-11-19T16:29:44","date_gmt":"2024-11-19T15:29:44","guid":{"rendered":"https:\/\/www.gaultiercollette.ch\/?page_id=3994"},"modified":"2024-11-19T16:29:45","modified_gmt":"2024-11-19T15:29:45","slug":"floriane-biner","status":"publish","type":"page","link":"https:\/\/www.gaultiercollette.ch\/fr\/floriane-biner\/","title":{"rendered":"Floriane Biner"},"content":{"rendered":"<section class=\"back baseline anim-to-scroll\">\n            <a href=\"https:\/\/www.gaultiercollette.ch\/fr\/gallery\/\">\n          <svg xmlns=\"http:\/\/www.w3.org\/2000\/svg\" viewbox=\"0 0 28 24\" style=\"enable-background:new 0 0 28 24;\" xml:space=\"preserve\">\n        <style type=\"text\/css\">.st0{fill:none;stroke:#000000;stroke-width:2;stroke-miterlimit:10;}<\/style>\n        <rect x=\"2\" y=\"11\" width=\"25\" height=\"2\"\/>\n        <polyline class=\"st0\" points=\"12.8,23.2 1.5,12 12.8,0.8 \"\/>\n      <\/svg>\n      Retour\n    <\/a>\n<\/section>\n\n\n\n\n\n  <section class=\"case__header baseline anim-to-scroll\">\n    <div class=\"case__header-title\">\n      <h2 class=\"\">\n        <span class=\"title\">Floriane Biner<\/span>\n        <span class=\"title-year\"><\/span>\n      <\/h2>\n    <\/div>\n    <div class=\"case__header-text\">Floriane Biner est une graphiste et artiste digitale bas\u00e9e en Suisse. Son attrait pour la nature et le v\u00e9g\u00e9tal l\u2019a conduite \u00e0 cr\u00e9er des univers riches, florissants et surr\u00e9alistes.\nSon travail explore les liens qui unissent naturel et artificiel, deux notions qu\u2019elle d\u00e9cide de rapprocher plut\u00f4t que d\u2019opposer, cr\u00e9ant ainsi des visuels organiques et \u00e9tonnants. \u2028En utilisant la 3D comme m\u00e9dium de pr\u00e9dilection, elle place la nature au coeur de la technologie et cr\u00e9e des oeuvres statiques et en mouvement.<\/div>\n  <\/section>\n\n\n\n\n\n\n<figure class=\"wp-block-image size-full\"><img loading=\"lazy\" decoding=\"async\" width=\"1600\" height=\"2000\" src=\"https:\/\/www.gaultiercollette.ch\/wp-content\/uploads\/2024\/11\/le-bouquet.jpg\" alt=\"\" class=\"wp-image-3995\" srcset=\"https:\/\/www.gaultiercollette.ch\/wp-content\/uploads\/2024\/11\/le-bouquet.jpg 1600w, https:\/\/www.gaultiercollette.ch\/wp-content\/uploads\/2024\/11\/le-bouquet-240x300.jpg 240w, https:\/\/www.gaultiercollette.ch\/wp-content\/uploads\/2024\/11\/le-bouquet-819x1024.jpg 819w, https:\/\/www.gaultiercollette.ch\/wp-content\/uploads\/2024\/11\/le-bouquet-768x960.jpg 768w, https:\/\/www.gaultiercollette.ch\/wp-content\/uploads\/2024\/11\/le-bouquet-1229x1536.jpg 1229w, https:\/\/www.gaultiercollette.ch\/wp-content\/uploads\/2024\/11\/le-bouquet-10x12.jpg 10w\" sizes=\"auto, (max-width: 1600px) 100vw, 1600px\" \/><\/figure>\n\n\n\n<div class=\"wp-block-columns is-layout-flex wp-container-core-columns-is-layout-9d6595d7 wp-block-columns-is-layout-flex\">\n<div class=\"wp-block-column is-layout-flow wp-block-column-is-layout-flow\"><\/div>\n\n\n\n<div class=\"wp-block-column is-layout-flow wp-block-column-is-layout-flow\">\n<figure class=\"wp-block-video\"><video height=\"1920\" style=\"aspect-ratio: 1080 \/ 1920;\" width=\"1080\" controls loop src=\"https:\/\/www.gaultiercollette.ch\/wp-content\/uploads\/2024\/11\/in-between-1.mp4\"><\/video><\/figure>\n<\/div>\n<\/div>\n\n\n\n<figure class=\"wp-block-image size-full\"><img loading=\"lazy\" decoding=\"async\" width=\"1600\" height=\"2000\" src=\"https:\/\/www.gaultiercollette.ch\/wp-content\/uploads\/2024\/11\/forme.jpg\" alt=\"\" class=\"wp-image-3998\" srcset=\"https:\/\/www.gaultiercollette.ch\/wp-content\/uploads\/2024\/11\/forme.jpg 1600w, https:\/\/www.gaultiercollette.ch\/wp-content\/uploads\/2024\/11\/forme-240x300.jpg 240w, https:\/\/www.gaultiercollette.ch\/wp-content\/uploads\/2024\/11\/forme-819x1024.jpg 819w, https:\/\/www.gaultiercollette.ch\/wp-content\/uploads\/2024\/11\/forme-768x960.jpg 768w, https:\/\/www.gaultiercollette.ch\/wp-content\/uploads\/2024\/11\/forme-1229x1536.jpg 1229w, https:\/\/www.gaultiercollette.ch\/wp-content\/uploads\/2024\/11\/forme-10x12.jpg 10w\" sizes=\"auto, (max-width: 1600px) 100vw, 1600px\" \/><\/figure>\n\n\n\n<figure class=\"wp-block-image size-full\"><img loading=\"lazy\" decoding=\"async\" width=\"1600\" height=\"2000\" src=\"https:\/\/www.gaultiercollette.ch\/wp-content\/uploads\/2024\/11\/onirie.jpg\" alt=\"\" class=\"wp-image-3999\" srcset=\"https:\/\/www.gaultiercollette.ch\/wp-content\/uploads\/2024\/11\/onirie.jpg 1600w, https:\/\/www.gaultiercollette.ch\/wp-content\/uploads\/2024\/11\/onirie-240x300.jpg 240w, https:\/\/www.gaultiercollette.ch\/wp-content\/uploads\/2024\/11\/onirie-819x1024.jpg 819w, https:\/\/www.gaultiercollette.ch\/wp-content\/uploads\/2024\/11\/onirie-768x960.jpg 768w, https:\/\/www.gaultiercollette.ch\/wp-content\/uploads\/2024\/11\/onirie-1229x1536.jpg 1229w, https:\/\/www.gaultiercollette.ch\/wp-content\/uploads\/2024\/11\/onirie-10x12.jpg 10w\" sizes=\"auto, (max-width: 1600px) 100vw, 1600px\" \/><\/figure>\n\n\n\n<div class=\"wp-block-columns is-layout-flex wp-container-core-columns-is-layout-9d6595d7 wp-block-columns-is-layout-flex\">\n<div class=\"wp-block-column is-layout-flow wp-block-column-is-layout-flow\">\n<figure class=\"wp-block-video\"><video height=\"1920\" style=\"aspect-ratio: 1080 \/ 1920;\" width=\"1080\" controls loop src=\"https:\/\/www.gaultiercollette.ch\/wp-content\/uploads\/2024\/11\/le-reve.mp4\"><\/video><\/figure>\n<\/div>\n\n\n\n<div class=\"wp-block-column is-layout-flow wp-block-column-is-layout-flow\"><\/div>\n<\/div>\n\n\n\n<figure class=\"wp-block-image size-full\"><img loading=\"lazy\" decoding=\"async\" width=\"1600\" height=\"2000\" src=\"https:\/\/www.gaultiercollette.ch\/wp-content\/uploads\/2024\/11\/spring.jpg\" alt=\"\" class=\"wp-image-4001\" srcset=\"https:\/\/www.gaultiercollette.ch\/wp-content\/uploads\/2024\/11\/spring.jpg 1600w, https:\/\/www.gaultiercollette.ch\/wp-content\/uploads\/2024\/11\/spring-240x300.jpg 240w, https:\/\/www.gaultiercollette.ch\/wp-content\/uploads\/2024\/11\/spring-819x1024.jpg 819w, https:\/\/www.gaultiercollette.ch\/wp-content\/uploads\/2024\/11\/spring-768x960.jpg 768w, https:\/\/www.gaultiercollette.ch\/wp-content\/uploads\/2024\/11\/spring-1229x1536.jpg 1229w, https:\/\/www.gaultiercollette.ch\/wp-content\/uploads\/2024\/11\/spring-10x12.jpg 10w\" sizes=\"auto, (max-width: 1600px) 100vw, 1600px\" \/><\/figure>\n\n\n\n<div class=\"wp-block-columns is-layout-flex wp-container-core-columns-is-layout-9d6595d7 wp-block-columns-is-layout-flex\">\n<div class=\"wp-block-column is-layout-flow wp-block-column-is-layout-flow\"><\/div>\n\n\n\n<div class=\"wp-block-column is-layout-flow wp-block-column-is-layout-flow\">\n<figure class=\"wp-block-video\"><video height=\"1920\" style=\"aspect-ratio: 1080 \/ 1920;\" width=\"1080\" controls loop src=\"https:\/\/www.gaultiercollette.ch\/wp-content\/uploads\/2024\/11\/dedale.mp4\"><\/video><\/figure>\n<\/div>\n<\/div>\n\n\n\n<figure class=\"wp-block-image size-full\"><img loading=\"lazy\" decoding=\"async\" width=\"1600\" height=\"2000\" src=\"https:\/\/www.gaultiercollette.ch\/wp-content\/uploads\/2024\/11\/folded.jpg\" alt=\"\" class=\"wp-image-4003\" srcset=\"https:\/\/www.gaultiercollette.ch\/wp-content\/uploads\/2024\/11\/folded.jpg 1600w, https:\/\/www.gaultiercollette.ch\/wp-content\/uploads\/2024\/11\/folded-240x300.jpg 240w, https:\/\/www.gaultiercollette.ch\/wp-content\/uploads\/2024\/11\/folded-819x1024.jpg 819w, https:\/\/www.gaultiercollette.ch\/wp-content\/uploads\/2024\/11\/folded-768x960.jpg 768w, https:\/\/www.gaultiercollette.ch\/wp-content\/uploads\/2024\/11\/folded-1229x1536.jpg 1229w, https:\/\/www.gaultiercollette.ch\/wp-content\/uploads\/2024\/11\/folded-10x12.jpg 10w\" sizes=\"auto, (max-width: 1600px) 100vw, 1600px\" \/><\/figure>\n\n\n\n<figure class=\"wp-block-image size-full\"><img loading=\"lazy\" decoding=\"async\" width=\"1600\" height=\"2000\" src=\"https:\/\/www.gaultiercollette.ch\/wp-content\/uploads\/2024\/11\/joubarbe.jpg\" alt=\"\" class=\"wp-image-4004\" srcset=\"https:\/\/www.gaultiercollette.ch\/wp-content\/uploads\/2024\/11\/joubarbe.jpg 1600w, https:\/\/www.gaultiercollette.ch\/wp-content\/uploads\/2024\/11\/joubarbe-240x300.jpg 240w, https:\/\/www.gaultiercollette.ch\/wp-content\/uploads\/2024\/11\/joubarbe-819x1024.jpg 819w, https:\/\/www.gaultiercollette.ch\/wp-content\/uploads\/2024\/11\/joubarbe-768x960.jpg 768w, https:\/\/www.gaultiercollette.ch\/wp-content\/uploads\/2024\/11\/joubarbe-1229x1536.jpg 1229w, https:\/\/www.gaultiercollette.ch\/wp-content\/uploads\/2024\/11\/joubarbe-10x12.jpg 10w\" sizes=\"auto, (max-width: 1600px) 100vw, 1600px\" \/><\/figure>\n\n\n\n<p><\/p>","protected":false},"excerpt":{"rendered":"","protected":false},"author":1,"featured_media":0,"parent":0,"menu_order":0,"comment_status":"closed","ping_status":"closed","template":"","meta":{"footnotes":""},"class_list":["post-3994","page","type-page","status-publish","hentry"],"yoast_head":"<!-- This site is optimized with the Yoast SEO plugin v27.5 - https:\/\/yoast.com\/product\/yoast-seo-wordpress\/ -->\n<title>Floriane Biner - Gaultier Collette<\/title>\n<meta name=\"robots\" content=\"index, follow, max-snippet:-1, max-image-preview:large, max-video-preview:-1\" \/>\n<link rel=\"canonical\" href=\"https:\/\/www.gaultiercollette.ch\/fr\/floriane-biner\/\" \/>\n<meta property=\"og:locale\" content=\"fr_FR\" \/>\n<meta property=\"og:type\" content=\"article\" \/>\n<meta property=\"og:title\" content=\"Floriane Biner - Gaultier Collette\" \/>\n<meta property=\"og:url\" content=\"https:\/\/www.gaultiercollette.ch\/fr\/floriane-biner\/\" \/>\n<meta property=\"og:site_name\" content=\"Gaultier Collette\" \/>\n<meta property=\"article:modified_time\" content=\"2024-11-19T15:29:45+00:00\" \/>\n<meta property=\"og:image\" content=\"https:\/\/www.gaultiercollette.ch\/wp-content\/uploads\/2024\/11\/le-bouquet.jpg\" \/>\n\t<meta property=\"og:image:width\" content=\"1600\" \/>\n\t<meta property=\"og:image:height\" content=\"2000\" \/>\n\t<meta property=\"og:image:type\" content=\"image\/jpeg\" \/>\n<meta name=\"twitter:card\" content=\"summary_large_image\" \/>\n<meta name=\"twitter:label1\" content=\"Dur\u00e9e de lecture estim\u00e9e\" \/>\n\t<meta name=\"twitter:data1\" content=\"2 minutes\" \/>\n<script type=\"application\/ld+json\" class=\"yoast-schema-graph\">{\"@context\":\"https:\\\/\\\/schema.org\",\"@graph\":[{\"@type\":\"WebPage\",\"@id\":\"https:\\\/\\\/www.gaultiercollette.ch\\\/floriane-biner\\\/\",\"url\":\"https:\\\/\\\/www.gaultiercollette.ch\\\/floriane-biner\\\/\",\"name\":\"Floriane Biner - Gaultier Collette\",\"isPartOf\":{\"@id\":\"https:\\\/\\\/www.gaultiercollette.ch\\\/#website\"},\"primaryImageOfPage\":{\"@id\":\"https:\\\/\\\/www.gaultiercollette.ch\\\/floriane-biner\\\/#primaryimage\"},\"image\":{\"@id\":\"https:\\\/\\\/www.gaultiercollette.ch\\\/floriane-biner\\\/#primaryimage\"},\"thumbnailUrl\":\"https:\\\/\\\/www.gaultiercollette.ch\\\/wp-content\\\/uploads\\\/2024\\\/11\\\/le-bouquet.jpg\",\"datePublished\":\"2024-11-19T15:29:44+00:00\",\"dateModified\":\"2024-11-19T15:29:45+00:00\",\"breadcrumb\":{\"@id\":\"https:\\\/\\\/www.gaultiercollette.ch\\\/floriane-biner\\\/#breadcrumb\"},\"inLanguage\":\"fr-FR\",\"potentialAction\":[{\"@type\":\"ReadAction\",\"target\":[\"https:\\\/\\\/www.gaultiercollette.ch\\\/floriane-biner\\\/\"]}]},{\"@type\":\"ImageObject\",\"inLanguage\":\"fr-FR\",\"@id\":\"https:\\\/\\\/www.gaultiercollette.ch\\\/floriane-biner\\\/#primaryimage\",\"url\":\"https:\\\/\\\/www.gaultiercollette.ch\\\/wp-content\\\/uploads\\\/2024\\\/11\\\/le-bouquet.jpg\",\"contentUrl\":\"https:\\\/\\\/www.gaultiercollette.ch\\\/wp-content\\\/uploads\\\/2024\\\/11\\\/le-bouquet.jpg\"},{\"@type\":\"BreadcrumbList\",\"@id\":\"https:\\\/\\\/www.gaultiercollette.ch\\\/floriane-biner\\\/#breadcrumb\",\"itemListElement\":[{\"@type\":\"ListItem\",\"position\":1,\"name\":\"Accueil\",\"item\":\"https:\\\/\\\/www.gaultiercollette.ch\\\/\"},{\"@type\":\"ListItem\",\"position\":2,\"name\":\"Floriane Biner\"}]},{\"@type\":\"WebSite\",\"@id\":\"https:\\\/\\\/www.gaultiercollette.ch\\\/#website\",\"url\":\"https:\\\/\\\/www.gaultiercollette.ch\\\/\",\"name\":\"Gaultier Collette\",\"description\":\"Agence cr\u00e9ative en strat\u00e9gie de marque\",\"potentialAction\":[{\"@type\":\"SearchAction\",\"target\":{\"@type\":\"EntryPoint\",\"urlTemplate\":\"https:\\\/\\\/www.gaultiercollette.ch\\\/?s={search_term_string}\"},\"query-input\":{\"@type\":\"PropertyValueSpecification\",\"valueRequired\":true,\"valueName\":\"search_term_string\"}}],\"inLanguage\":\"fr-FR\"}]}<\/script>\n<!-- \/ Yoast SEO plugin. -->","yoast_head_json":{"title":"Floriane Biner - Gaultier Collette","robots":{"index":"index","follow":"follow","max-snippet":"max-snippet:-1","max-image-preview":"max-image-preview:large","max-video-preview":"max-video-preview:-1"},"canonical":"https:\/\/www.gaultiercollette.ch\/fr\/floriane-biner\/","og_locale":"fr_FR","og_type":"article","og_title":"Floriane Biner - Gaultier Collette","og_url":"https:\/\/www.gaultiercollette.ch\/fr\/floriane-biner\/","og_site_name":"Gaultier Collette","article_modified_time":"2024-11-19T15:29:45+00:00","og_image":[{"width":1600,"height":2000,"url":"https:\/\/www.gaultiercollette.ch\/wp-content\/uploads\/2024\/11\/le-bouquet.jpg","type":"image\/jpeg"}],"twitter_card":"summary_large_image","twitter_misc":{"Dur\u00e9e de lecture estim\u00e9e":"2 minutes"},"schema":{"@context":"https:\/\/schema.org","@graph":[{"@type":"WebPage","@id":"https:\/\/www.gaultiercollette.ch\/floriane-biner\/","url":"https:\/\/www.gaultiercollette.ch\/floriane-biner\/","name":"Floriane Biner - Gaultier Collette","isPartOf":{"@id":"https:\/\/www.gaultiercollette.ch\/#website"},"primaryImageOfPage":{"@id":"https:\/\/www.gaultiercollette.ch\/floriane-biner\/#primaryimage"},"image":{"@id":"https:\/\/www.gaultiercollette.ch\/floriane-biner\/#primaryimage"},"thumbnailUrl":"https:\/\/www.gaultiercollette.ch\/wp-content\/uploads\/2024\/11\/le-bouquet.jpg","datePublished":"2024-11-19T15:29:44+00:00","dateModified":"2024-11-19T15:29:45+00:00","breadcrumb":{"@id":"https:\/\/www.gaultiercollette.ch\/floriane-biner\/#breadcrumb"},"inLanguage":"fr-FR","potentialAction":[{"@type":"ReadAction","target":["https:\/\/www.gaultiercollette.ch\/floriane-biner\/"]}]},{"@type":"ImageObject","inLanguage":"fr-FR","@id":"https:\/\/www.gaultiercollette.ch\/floriane-biner\/#primaryimage","url":"https:\/\/www.gaultiercollette.ch\/wp-content\/uploads\/2024\/11\/le-bouquet.jpg","contentUrl":"https:\/\/www.gaultiercollette.ch\/wp-content\/uploads\/2024\/11\/le-bouquet.jpg"},{"@type":"BreadcrumbList","@id":"https:\/\/www.gaultiercollette.ch\/floriane-biner\/#breadcrumb","itemListElement":[{"@type":"ListItem","position":1,"name":"Accueil","item":"https:\/\/www.gaultiercollette.ch\/"},{"@type":"ListItem","position":2,"name":"Floriane Biner"}]},{"@type":"WebSite","@id":"https:\/\/www.gaultiercollette.ch\/#website","url":"https:\/\/www.gaultiercollette.ch\/","name":"Gaultier Collette","description":"Agence cr\u00e9ative en strat\u00e9gie de marque","potentialAction":[{"@type":"SearchAction","target":{"@type":"EntryPoint","urlTemplate":"https:\/\/www.gaultiercollette.ch\/?s={search_term_string}"},"query-input":{"@type":"PropertyValueSpecification","valueRequired":true,"valueName":"search_term_string"}}],"inLanguage":"fr-FR"}]}},"_links":{"self":[{"href":"https:\/\/www.gaultiercollette.ch\/fr\/wp-json\/wp\/v2\/pages\/3994","targetHints":{"allow":["GET"]}}],"collection":[{"href":"https:\/\/www.gaultiercollette.ch\/fr\/wp-json\/wp\/v2\/pages"}],"about":[{"href":"https:\/\/www.gaultiercollette.ch\/fr\/wp-json\/wp\/v2\/types\/page"}],"author":[{"embeddable":true,"href":"https:\/\/www.gaultiercollette.ch\/fr\/wp-json\/wp\/v2\/users\/1"}],"replies":[{"embeddable":true,"href":"https:\/\/www.gaultiercollette.ch\/fr\/wp-json\/wp\/v2\/comments?post=3994"}],"version-history":[{"count":5,"href":"https:\/\/www.gaultiercollette.ch\/fr\/wp-json\/wp\/v2\/pages\/3994\/revisions"}],"predecessor-version":[{"id":4011,"href":"https:\/\/www.gaultiercollette.ch\/fr\/wp-json\/wp\/v2\/pages\/3994\/revisions\/4011"}],"wp:attachment":[{"href":"https:\/\/www.gaultiercollette.ch\/fr\/wp-json\/wp\/v2\/media?parent=3994"}],"curies":[{"name":"wp","href":"https:\/\/api.w.org\/{rel}","templated":true}]}}