{"id":4362,"date":"2025-06-13T10:41:00","date_gmt":"2025-06-13T08:41:00","guid":{"rendered":"https:\/\/www.gaultiercollette.ch\/?page_id=4362"},"modified":"2025-06-13T12:38:07","modified_gmt":"2025-06-13T10:38:07","slug":"mir","status":"publish","type":"page","link":"https:\/\/www.gaultiercollette.ch\/fr\/mir\/","title":{"rendered":"MIR"},"content":{"rendered":"<section class=\"back baseline anim-to-scroll\">\n            <a href=\"#\" onclick=\"history.back(); return false;\">\n          <svg xmlns=\"http:\/\/www.w3.org\/2000\/svg\" viewbox=\"0 0 28 24\" style=\"enable-background:new 0 0 28 24;\" xml:space=\"preserve\">\n        <style type=\"text\/css\">.st0{fill:none;stroke:#000000;stroke-width:2;stroke-miterlimit:10;}<\/style>\n        <rect x=\"2\" y=\"11\" width=\"25\" height=\"2\"\/>\n        <polyline class=\"st0\" points=\"12.8,23.2 1.5,12 12.8,0.8 \"\/>\n      <\/svg>\n      Retour\n    <\/a>\n<\/section>\n\n\n\n\n\n  <section class=\"case__header baseline anim-to-scroll\">\n    <div class=\"case__header-title\">\n      <h2 class=\"\">\n        <span class=\"title\">Mus\u00e9e International de la R\u00e9forme<\/span>\n        <span class=\"title-year\"><\/span>\n      <\/h2>\n    <\/div>\n    <div class=\"case__header-text\"><\/div>\n  <\/section>\n\n\n\n\n\n\n<figure class=\"wp-block-image alignwide size-large\"><img loading=\"lazy\" decoding=\"async\" width=\"1024\" height=\"512\" src=\"https:\/\/www.gaultiercollette.ch\/wp-content\/uploads\/2025\/06\/MIR_Banner_2-1024x512.jpg\" alt=\"\" class=\"wp-image-4363\" srcset=\"https:\/\/www.gaultiercollette.ch\/wp-content\/uploads\/2025\/06\/MIR_Banner_2-1024x512.jpg 1024w, https:\/\/www.gaultiercollette.ch\/wp-content\/uploads\/2025\/06\/MIR_Banner_2-300x150.jpg 300w, https:\/\/www.gaultiercollette.ch\/wp-content\/uploads\/2025\/06\/MIR_Banner_2-768x384.jpg 768w, https:\/\/www.gaultiercollette.ch\/wp-content\/uploads\/2025\/06\/MIR_Banner_2-1536x768.jpg 1536w, https:\/\/www.gaultiercollette.ch\/wp-content\/uploads\/2025\/06\/MIR_Banner_2-2048x1024.jpg 2048w, https:\/\/www.gaultiercollette.ch\/wp-content\/uploads\/2025\/06\/MIR_Banner_2-18x9.jpg 18w\" sizes=\"auto, (max-width: 1024px) 100vw, 1024px\" \/><\/figure>\n\n\n\n  <section class=\"case__skills baseline anim-to-scroll\">\n    <ul>\n                      <li>Cr\u00e9ation de contenus<\/li>\n                              <li>Direction artistique<\/li>\n                              <li>Conception-R\u00e9daction<\/li>\n                              <li>Univers de marque digital<\/li>\n                              <li>Achat d'art<\/li>\n                              <li>Gestion de projet<\/li>\n                  <\/ul>\n  <\/section>\n\n\n\n\n<div class=\"wp-block-columns are-vertically-aligned-center is-layout-flex wp-container-core-columns-is-layout-9d6595d7 wp-block-columns-is-layout-flex\">\n<div class=\"wp-block-column is-vertically-aligned-center is-layout-flow wp-block-column-is-layout-flow\">\n<div class=\"wp-block-columns is-layout-flex wp-container-core-columns-is-layout-9d6595d7 wp-block-columns-is-layout-flex\">\n<div class=\"wp-block-column is-layout-flow wp-block-column-is-layout-flow\" style=\"flex-basis:25%\"><\/div>\n\n\n\n<div class=\"wp-block-column is-layout-flow wp-block-column-is-layout-flow\" style=\"flex-basis:50%\">\n<figure class=\"wp-block-video\"><video height=\"1080\" style=\"aspect-ratio: 1080 \/ 1080;\" width=\"1080\" autoplay loop muted src=\"https:\/\/www.gaultiercollette.ch\/wp-content\/uploads\/2025\/06\/MIR_Reels_WEB.mp4\" playsinline><\/video><\/figure>\n<\/div>\n\n\n\n<div class=\"wp-block-column is-layout-flow wp-block-column-is-layout-flow\" style=\"flex-basis:25%\"><\/div>\n<\/div>\n<\/div>\n\n\n\n<div class=\"wp-block-column is-vertically-aligned-center is-layout-flow wp-block-column-is-layout-flow\">\n<figure class=\"wp-block-image size-large\"><img loading=\"lazy\" decoding=\"async\" width=\"683\" height=\"1024\" src=\"https:\/\/www.gaultiercollette.ch\/wp-content\/uploads\/2025\/06\/MM_UrbanPoster_UP-GEN-16_WEB-683x1024.jpg\" alt=\"\" class=\"wp-image-4366\" srcset=\"https:\/\/www.gaultiercollette.ch\/wp-content\/uploads\/2025\/06\/MM_UrbanPoster_UP-GEN-16_WEB-683x1024.jpg 683w, https:\/\/www.gaultiercollette.ch\/wp-content\/uploads\/2025\/06\/MM_UrbanPoster_UP-GEN-16_WEB-200x300.jpg 200w, https:\/\/www.gaultiercollette.ch\/wp-content\/uploads\/2025\/06\/MM_UrbanPoster_UP-GEN-16_WEB-768x1152.jpg 768w, https:\/\/www.gaultiercollette.ch\/wp-content\/uploads\/2025\/06\/MM_UrbanPoster_UP-GEN-16_WEB-1024x1536.jpg 1024w, https:\/\/www.gaultiercollette.ch\/wp-content\/uploads\/2025\/06\/MM_UrbanPoster_UP-GEN-16_WEB-1365x2048.jpg 1365w, https:\/\/www.gaultiercollette.ch\/wp-content\/uploads\/2025\/06\/MM_UrbanPoster_UP-GEN-16_WEB-8x12.jpg 8w, https:\/\/www.gaultiercollette.ch\/wp-content\/uploads\/2025\/06\/MM_UrbanPoster_UP-GEN-16_WEB-scaled.jpg 1707w\" sizes=\"auto, (max-width: 683px) 100vw, 683px\" \/><\/figure>\n<\/div>\n<\/div>\n\n\n\n<div style=\"height:100px\" aria-hidden=\"true\" class=\"wp-block-spacer\"><\/div>\n\n\n\n<figure class=\"wp-block-video\"><video height=\"1080\" style=\"aspect-ratio: 1920 \/ 1080;\" width=\"1920\" autoplay loop muted src=\"https:\/\/www.gaultiercollette.ch\/wp-content\/uploads\/2025\/06\/GC_MIR_Charte_Web.mp4\" playsinline><\/video><\/figure>\n\n\n\n<div style=\"height:100px\" aria-hidden=\"true\" class=\"wp-block-spacer\"><\/div>\n\n\n\n<div class=\"wp-block-columns is-layout-flex wp-container-core-columns-is-layout-9d6595d7 wp-block-columns-is-layout-flex\">\n<div class=\"wp-block-column is-layout-flow wp-block-column-is-layout-flow\" style=\"flex-basis:66.66%\">\n<figure class=\"wp-block-image size-full\"><img loading=\"lazy\" decoding=\"async\" width=\"1811\" height=\"2560\" src=\"https:\/\/www.gaultiercollette.ch\/wp-content\/uploads\/2025\/06\/MIR_Affiches_Vert_Page_3-scaled.jpg\" alt=\"\" class=\"wp-image-4631\" srcset=\"https:\/\/www.gaultiercollette.ch\/wp-content\/uploads\/2025\/06\/MIR_Affiches_Vert_Page_3-scaled.jpg 1811w, https:\/\/www.gaultiercollette.ch\/wp-content\/uploads\/2025\/06\/MIR_Affiches_Vert_Page_3-768x1086.jpg 768w, https:\/\/www.gaultiercollette.ch\/wp-content\/uploads\/2025\/06\/MIR_Affiches_Vert_Page_3-1086x1536.jpg 1086w, https:\/\/www.gaultiercollette.ch\/wp-content\/uploads\/2025\/06\/MIR_Affiches_Vert_Page_3-1448x2048.jpg 1448w, https:\/\/www.gaultiercollette.ch\/wp-content\/uploads\/2025\/06\/MIR_Affiches_Vert_Page_3-8x12.jpg 8w\" sizes=\"auto, (max-width: 1811px) 100vw, 1811px\" \/><\/figure>\n<\/div>\n\n\n\n<div class=\"wp-block-column is-layout-flow wp-block-column-is-layout-flow\" style=\"flex-basis:33.33%\"><\/div>\n<\/div>\n\n\n\n<div style=\"height:100px\" aria-hidden=\"true\" class=\"wp-block-spacer\"><\/div>\n\n\n\n<p><\/p>","protected":false},"excerpt":{"rendered":"","protected":false},"author":1,"featured_media":0,"parent":0,"menu_order":0,"comment_status":"closed","ping_status":"closed","template":"","meta":{"footnotes":""},"class_list":["post-4362","page","type-page","status-publish","hentry"],"yoast_head":"<!-- This site is optimized with the Yoast SEO plugin v27.3 - https:\/\/yoast.com\/product\/yoast-seo-wordpress\/ -->\n<title>Devred AH21 - Gaultier Collette<\/title>\n<meta name=\"description\" content=\"Parcourez une campagne d\u2019influence r\u00e9alis\u00e9e par Gaultier Collette dans le but ambitieux de promouvoir la veste de costume aupr\u00e8s de la gen Z.\" \/>\n<meta name=\"robots\" content=\"index, follow, max-snippet:-1, max-image-preview:large, max-video-preview:-1\" \/>\n<link rel=\"canonical\" href=\"https:\/\/www.gaultiercollette.ch\/fr\/mir\/\" \/>\n<meta property=\"og:locale\" content=\"fr_FR\" \/>\n<meta property=\"og:type\" content=\"article\" \/>\n<meta property=\"og:title\" content=\"Devred AH21 - Gaultier Collette\" \/>\n<meta property=\"og:description\" content=\"Parcourez une campagne d\u2019influence r\u00e9alis\u00e9e par Gaultier Collette dans le but ambitieux de promouvoir la veste de costume aupr\u00e8s de la gen Z.\" \/>\n<meta property=\"og:url\" content=\"https:\/\/www.gaultiercollette.ch\/fr\/mir\/\" \/>\n<meta property=\"og:site_name\" content=\"Gaultier Collette\" \/>\n<meta property=\"article:modified_time\" content=\"2025-06-13T10:38:07+00:00\" \/>\n<meta property=\"og:image\" content=\"https:\/\/www.gaultiercollette.ch\/wp-content\/uploads\/2025\/06\/MIR_Banner_2-scaled.jpg\" \/>\n\t<meta property=\"og:image:width\" content=\"2560\" \/>\n\t<meta property=\"og:image:height\" content=\"1280\" \/>\n\t<meta property=\"og:image:type\" content=\"image\/jpeg\" \/>\n<meta name=\"twitter:card\" content=\"summary_large_image\" \/>\n<meta name=\"twitter:label1\" content=\"Dur\u00e9e de lecture estim\u00e9e\" \/>\n\t<meta name=\"twitter:data1\" content=\"1 minute\" \/>\n<script type=\"application\/ld+json\" class=\"yoast-schema-graph\">{\"@context\":\"https:\\\/\\\/schema.org\",\"@graph\":[{\"@type\":\"WebPage\",\"@id\":\"https:\\\/\\\/www.gaultiercollette.ch\\\/mir\\\/\",\"url\":\"https:\\\/\\\/www.gaultiercollette.ch\\\/mir\\\/\",\"name\":\"Devred AH21 - Gaultier Collette\",\"isPartOf\":{\"@id\":\"https:\\\/\\\/www.gaultiercollette.ch\\\/#website\"},\"primaryImageOfPage\":{\"@id\":\"https:\\\/\\\/www.gaultiercollette.ch\\\/mir\\\/#primaryimage\"},\"image\":{\"@id\":\"https:\\\/\\\/www.gaultiercollette.ch\\\/mir\\\/#primaryimage\"},\"thumbnailUrl\":\"https:\\\/\\\/www.gaultiercollette.ch\\\/wp-content\\\/uploads\\\/2025\\\/06\\\/MIR_Banner_2-1024x512.jpg\",\"datePublished\":\"2025-06-13T08:41:00+00:00\",\"dateModified\":\"2025-06-13T10:38:07+00:00\",\"description\":\"Parcourez une campagne d\u2019influence r\u00e9alis\u00e9e par Gaultier Collette dans le but ambitieux de promouvoir la veste de costume aupr\u00e8s de la gen Z.\",\"breadcrumb\":{\"@id\":\"https:\\\/\\\/www.gaultiercollette.ch\\\/mir\\\/#breadcrumb\"},\"inLanguage\":\"fr-FR\",\"potentialAction\":[{\"@type\":\"ReadAction\",\"target\":[\"https:\\\/\\\/www.gaultiercollette.ch\\\/mir\\\/\"]}]},{\"@type\":\"ImageObject\",\"inLanguage\":\"fr-FR\",\"@id\":\"https:\\\/\\\/www.gaultiercollette.ch\\\/mir\\\/#primaryimage\",\"url\":\"https:\\\/\\\/www.gaultiercollette.ch\\\/wp-content\\\/uploads\\\/2025\\\/06\\\/MIR_Banner_2-1024x512.jpg\",\"contentUrl\":\"https:\\\/\\\/www.gaultiercollette.ch\\\/wp-content\\\/uploads\\\/2025\\\/06\\\/MIR_Banner_2-1024x512.jpg\"},{\"@type\":\"BreadcrumbList\",\"@id\":\"https:\\\/\\\/www.gaultiercollette.ch\\\/mir\\\/#breadcrumb\",\"itemListElement\":[{\"@type\":\"ListItem\",\"position\":1,\"name\":\"Accueil\",\"item\":\"https:\\\/\\\/www.gaultiercollette.ch\\\/\"},{\"@type\":\"ListItem\",\"position\":2,\"name\":\"MIR\"}]},{\"@type\":\"WebSite\",\"@id\":\"https:\\\/\\\/www.gaultiercollette.ch\\\/#website\",\"url\":\"https:\\\/\\\/www.gaultiercollette.ch\\\/\",\"name\":\"Gaultier Collette\",\"description\":\"Agence cr\u00e9ative en strat\u00e9gie de marque\",\"potentialAction\":[{\"@type\":\"SearchAction\",\"target\":{\"@type\":\"EntryPoint\",\"urlTemplate\":\"https:\\\/\\\/www.gaultiercollette.ch\\\/?s={search_term_string}\"},\"query-input\":{\"@type\":\"PropertyValueSpecification\",\"valueRequired\":true,\"valueName\":\"search_term_string\"}}],\"inLanguage\":\"fr-FR\"}]}<\/script>\n<!-- \/ Yoast SEO plugin. -->","yoast_head_json":{"title":"Devred AH21 - Gaultier Collette","description":"Parcourez une campagne d\u2019influence r\u00e9alis\u00e9e par Gaultier Collette dans le but ambitieux de promouvoir la veste de costume aupr\u00e8s de la gen Z.","robots":{"index":"index","follow":"follow","max-snippet":"max-snippet:-1","max-image-preview":"max-image-preview:large","max-video-preview":"max-video-preview:-1"},"canonical":"https:\/\/www.gaultiercollette.ch\/fr\/mir\/","og_locale":"fr_FR","og_type":"article","og_title":"Devred AH21 - Gaultier Collette","og_description":"Parcourez une campagne d\u2019influence r\u00e9alis\u00e9e par Gaultier Collette dans le but ambitieux de promouvoir la veste de costume aupr\u00e8s de la gen Z.","og_url":"https:\/\/www.gaultiercollette.ch\/fr\/mir\/","og_site_name":"Gaultier Collette","article_modified_time":"2025-06-13T10:38:07+00:00","og_image":[{"width":2560,"height":1280,"url":"https:\/\/www.gaultiercollette.ch\/wp-content\/uploads\/2025\/06\/MIR_Banner_2-scaled.jpg","type":"image\/jpeg"}],"twitter_card":"summary_large_image","twitter_misc":{"Dur\u00e9e de lecture estim\u00e9e":"1 minute"},"schema":{"@context":"https:\/\/schema.org","@graph":[{"@type":"WebPage","@id":"https:\/\/www.gaultiercollette.ch\/mir\/","url":"https:\/\/www.gaultiercollette.ch\/mir\/","name":"Devred AH21 - Gaultier Collette","isPartOf":{"@id":"https:\/\/www.gaultiercollette.ch\/#website"},"primaryImageOfPage":{"@id":"https:\/\/www.gaultiercollette.ch\/mir\/#primaryimage"},"image":{"@id":"https:\/\/www.gaultiercollette.ch\/mir\/#primaryimage"},"thumbnailUrl":"https:\/\/www.gaultiercollette.ch\/wp-content\/uploads\/2025\/06\/MIR_Banner_2-1024x512.jpg","datePublished":"2025-06-13T08:41:00+00:00","dateModified":"2025-06-13T10:38:07+00:00","description":"Parcourez une campagne d\u2019influence r\u00e9alis\u00e9e par Gaultier Collette dans le but ambitieux de promouvoir la veste de costume aupr\u00e8s de la gen Z.","breadcrumb":{"@id":"https:\/\/www.gaultiercollette.ch\/mir\/#breadcrumb"},"inLanguage":"fr-FR","potentialAction":[{"@type":"ReadAction","target":["https:\/\/www.gaultiercollette.ch\/mir\/"]}]},{"@type":"ImageObject","inLanguage":"fr-FR","@id":"https:\/\/www.gaultiercollette.ch\/mir\/#primaryimage","url":"https:\/\/www.gaultiercollette.ch\/wp-content\/uploads\/2025\/06\/MIR_Banner_2-1024x512.jpg","contentUrl":"https:\/\/www.gaultiercollette.ch\/wp-content\/uploads\/2025\/06\/MIR_Banner_2-1024x512.jpg"},{"@type":"BreadcrumbList","@id":"https:\/\/www.gaultiercollette.ch\/mir\/#breadcrumb","itemListElement":[{"@type":"ListItem","position":1,"name":"Accueil","item":"https:\/\/www.gaultiercollette.ch\/"},{"@type":"ListItem","position":2,"name":"MIR"}]},{"@type":"WebSite","@id":"https:\/\/www.gaultiercollette.ch\/#website","url":"https:\/\/www.gaultiercollette.ch\/","name":"Gaultier Collette","description":"Agence cr\u00e9ative en strat\u00e9gie de marque","potentialAction":[{"@type":"SearchAction","target":{"@type":"EntryPoint","urlTemplate":"https:\/\/www.gaultiercollette.ch\/?s={search_term_string}"},"query-input":{"@type":"PropertyValueSpecification","valueRequired":true,"valueName":"search_term_string"}}],"inLanguage":"fr-FR"}]}},"_links":{"self":[{"href":"https:\/\/www.gaultiercollette.ch\/fr\/wp-json\/wp\/v2\/pages\/4362","targetHints":{"allow":["GET"]}}],"collection":[{"href":"https:\/\/www.gaultiercollette.ch\/fr\/wp-json\/wp\/v2\/pages"}],"about":[{"href":"https:\/\/www.gaultiercollette.ch\/fr\/wp-json\/wp\/v2\/types\/page"}],"author":[{"embeddable":true,"href":"https:\/\/www.gaultiercollette.ch\/fr\/wp-json\/wp\/v2\/users\/1"}],"replies":[{"embeddable":true,"href":"https:\/\/www.gaultiercollette.ch\/fr\/wp-json\/wp\/v2\/comments?post=4362"}],"version-history":[{"count":9,"href":"https:\/\/www.gaultiercollette.ch\/fr\/wp-json\/wp\/v2\/pages\/4362\/revisions"}],"predecessor-version":[{"id":4637,"href":"https:\/\/www.gaultiercollette.ch\/fr\/wp-json\/wp\/v2\/pages\/4362\/revisions\/4637"}],"wp:attachment":[{"href":"https:\/\/www.gaultiercollette.ch\/fr\/wp-json\/wp\/v2\/media?parent=4362"}],"curies":[{"name":"wp","href":"https:\/\/api.w.org\/{rel}","templated":true}]}}