{"id":4375,"date":"2025-06-13T10:35:39","date_gmt":"2025-06-13T08:35:39","guid":{"rendered":"https:\/\/www.gaultiercollette.ch\/?page_id=4375"},"modified":"2025-06-13T14:55:53","modified_gmt":"2025-06-13T12:55:53","slug":"corteva","status":"publish","type":"page","link":"https:\/\/www.gaultiercollette.ch\/fr\/corteva\/","title":{"rendered":"Corteva"},"content":{"rendered":"<section class=\"back baseline anim-to-scroll\">\n            <a href=\"#\" onclick=\"history.back(); return false;\">\n          <svg xmlns=\"http:\/\/www.w3.org\/2000\/svg\" viewbox=\"0 0 28 24\" style=\"enable-background:new 0 0 28 24;\" xml:space=\"preserve\">\n        <style type=\"text\/css\">.st0{fill:none;stroke:#000000;stroke-width:2;stroke-miterlimit:10;}<\/style>\n        <rect x=\"2\" y=\"11\" width=\"25\" height=\"2\"\/>\n        <polyline class=\"st0\" points=\"12.8,23.2 1.5,12 12.8,0.8 \"\/>\n      <\/svg>\n      Retour\n    <\/a>\n<\/section>\n\n\n\n\n\n  <section class=\"case__header baseline anim-to-scroll\">\n    <div class=\"case__header-title\">\n      <h2 class=\"\">\n        <span class=\"title\">Corteva<\/span>\n        <span class=\"title-year\"><\/span>\n      <\/h2>\n    <\/div>\n    <div class=\"case__header-text\"><\/div>\n  <\/section>\n\n\n\n\n\n\n    <section class=\"case__iframe baseline anim-to-scroll\">\n      <iframe\n        src=\"https:\/\/player.vimeo.com\/video\/1092154301\"\n        allowfullscreen onload=\"adjustIframe(this)\"\n      ><\/iframe>\n    <\/section>\n\n\n\n\n  <section class=\"case__skills baseline anim-to-scroll\">\n    <ul>\n                      <li>Cr\u00e9ation de contenus<\/li>\n                              <li>Direction artistique<\/li>\n                              <li>Conception-R\u00e9daction<\/li>\n                              <li>Univers de marque digital<\/li>\n                              <li>Achat d'art<\/li>\n                              <li>Gestion de projet<\/li>\n                  <\/ul>\n  <\/section>\n\n\n\n\n<div class=\"wp-block-columns is-layout-flex wp-container-core-columns-is-layout-9d6595d7 wp-block-columns-is-layout-flex\">\n<div class=\"wp-block-column is-vertically-aligned-center is-layout-flow wp-block-column-is-layout-flow\" style=\"flex-basis:100%\">\n<div class=\"wp-block-columns is-layout-flex wp-container-core-columns-is-layout-9d6595d7 wp-block-columns-is-layout-flex\">\n<div class=\"wp-block-column is-vertically-aligned-center is-layout-flow wp-block-column-is-layout-flow\"><\/div>\n\n\n\n<div class=\"wp-block-column is-layout-flow wp-block-column-is-layout-flow\">\n<figure class=\"wp-block-image size-full\"><img loading=\"lazy\" decoding=\"async\" width=\"624\" height=\"876\" src=\"https:\/\/www.gaultiercollette.ch\/wp-content\/uploads\/2025\/06\/ETE_VISUEL_10_933-V3-1.png\" alt=\"\" class=\"wp-image-4390\" srcset=\"https:\/\/www.gaultiercollette.ch\/wp-content\/uploads\/2025\/06\/ETE_VISUEL_10_933-V3-1.png 624w, https:\/\/www.gaultiercollette.ch\/wp-content\/uploads\/2025\/06\/ETE_VISUEL_10_933-V3-1-214x300.png 214w, https:\/\/www.gaultiercollette.ch\/wp-content\/uploads\/2025\/06\/ETE_VISUEL_10_933-V3-1-9x12.png 9w\" sizes=\"auto, (max-width: 624px) 100vw, 624px\" \/><\/figure>\n<\/div>\n<\/div>\n<\/div>\n<\/div>\n\n\n\n<div style=\"height:100px\" aria-hidden=\"true\" class=\"wp-block-spacer\"><\/div>\n\n\n\n<div class=\"wp-block-columns is-layout-flex wp-container-core-columns-is-layout-9d6595d7 wp-block-columns-is-layout-flex\">\n<div class=\"wp-block-column is-layout-flow wp-block-column-is-layout-flow\" style=\"flex-basis:100%\">\n<div class=\"wp-block-columns is-layout-flex wp-container-core-columns-is-layout-9d6595d7 wp-block-columns-is-layout-flex\">\n<div class=\"wp-block-column is-layout-flow wp-block-column-is-layout-flow\">\n<figure class=\"wp-block-video\"><video height=\"1080\" style=\"aspect-ratio: 1920 \/ 1080;\" width=\"1920\" autoplay loop muted src=\"https:\/\/www.gaultiercollette.ch\/wp-content\/uploads\/2025\/06\/corteva_site4_WEB_2.mp4\" playsinline><\/video><\/figure>\n<\/div>\n<\/div>\n\n\n\n<div style=\"height:100px\" aria-hidden=\"true\" class=\"wp-block-spacer\"><\/div>\n\n\n\n<div class=\"wp-block-columns is-layout-flex wp-container-core-columns-is-layout-9d6595d7 wp-block-columns-is-layout-flex\">\n<div class=\"wp-block-column is-layout-flow wp-block-column-is-layout-flow\">\n<figure class=\"wp-block-image size-full\"><img loading=\"lazy\" decoding=\"async\" width=\"624\" height=\"876\" src=\"https:\/\/www.gaultiercollette.ch\/wp-content\/uploads\/2025\/06\/ETE_VISUEL_10_933-V3-2.png\" alt=\"\" class=\"wp-image-4392\" srcset=\"https:\/\/www.gaultiercollette.ch\/wp-content\/uploads\/2025\/06\/ETE_VISUEL_10_933-V3-2.png 624w, https:\/\/www.gaultiercollette.ch\/wp-content\/uploads\/2025\/06\/ETE_VISUEL_10_933-V3-2-214x300.png 214w, https:\/\/www.gaultiercollette.ch\/wp-content\/uploads\/2025\/06\/ETE_VISUEL_10_933-V3-2-9x12.png 9w\" sizes=\"auto, (max-width: 624px) 100vw, 624px\" \/><\/figure>\n<\/div>\n\n\n\n<div class=\"wp-block-column is-layout-flow wp-block-column-is-layout-flow\"><\/div>\n<\/div>\n<\/div>\n<\/div>\n\n\n\n<div style=\"height:100px\" aria-hidden=\"true\" class=\"wp-block-spacer\"><\/div>\n\n\n\n<figure class=\"wp-block-video\"><video autoplay loop muted src=\"https:\/\/www.gaultiercollette.ch\/wp-content\/uploads\/2025\/06\/corteva_site3_WEB.mp4\" playsinline><\/video><\/figure>","protected":false},"excerpt":{"rendered":"","protected":false},"author":1,"featured_media":0,"parent":0,"menu_order":0,"comment_status":"closed","ping_status":"closed","template":"","meta":{"footnotes":""},"class_list":["post-4375","page","type-page","status-publish","hentry"],"yoast_head":"<!-- This site is optimized with the Yoast SEO plugin v27.3 - https:\/\/yoast.com\/product\/yoast-seo-wordpress\/ -->\n<title>Devred AH21 - Gaultier Collette<\/title>\n<meta name=\"description\" content=\"Parcourez une campagne d\u2019influence r\u00e9alis\u00e9e par Gaultier Collette dans le but ambitieux de promouvoir la veste de costume aupr\u00e8s de la gen Z.\" \/>\n<meta name=\"robots\" content=\"index, follow, max-snippet:-1, max-image-preview:large, max-video-preview:-1\" \/>\n<link rel=\"canonical\" href=\"https:\/\/www.gaultiercollette.ch\/fr\/corteva\/\" \/>\n<meta property=\"og:locale\" content=\"fr_FR\" \/>\n<meta property=\"og:type\" content=\"article\" \/>\n<meta property=\"og:title\" content=\"Devred AH21 - Gaultier Collette\" \/>\n<meta property=\"og:description\" content=\"Parcourez une campagne d\u2019influence r\u00e9alis\u00e9e par Gaultier Collette dans le but ambitieux de promouvoir la veste de costume aupr\u00e8s de la gen Z.\" \/>\n<meta property=\"og:url\" content=\"https:\/\/www.gaultiercollette.ch\/fr\/corteva\/\" \/>\n<meta property=\"og:site_name\" content=\"Gaultier Collette\" \/>\n<meta property=\"article:modified_time\" content=\"2025-06-13T12:55:53+00:00\" \/>\n<meta property=\"og:image\" content=\"https:\/\/www.gaultiercollette.ch\/wp-content\/uploads\/2025\/06\/ETE_VISUEL_10_933-V3-1.png\" \/>\n\t<meta property=\"og:image:width\" content=\"624\" \/>\n\t<meta property=\"og:image:height\" content=\"876\" \/>\n\t<meta property=\"og:image:type\" content=\"image\/png\" \/>\n<meta name=\"twitter:card\" content=\"summary_large_image\" \/>\n<meta name=\"twitter:label1\" content=\"Dur\u00e9e de lecture estim\u00e9e\" \/>\n\t<meta name=\"twitter:data1\" content=\"1 minute\" \/>\n<script type=\"application\/ld+json\" class=\"yoast-schema-graph\">{\"@context\":\"https:\\\/\\\/schema.org\",\"@graph\":[{\"@type\":\"WebPage\",\"@id\":\"https:\\\/\\\/www.gaultiercollette.ch\\\/corteva\\\/\",\"url\":\"https:\\\/\\\/www.gaultiercollette.ch\\\/corteva\\\/\",\"name\":\"Devred AH21 - Gaultier Collette\",\"isPartOf\":{\"@id\":\"https:\\\/\\\/www.gaultiercollette.ch\\\/#website\"},\"primaryImageOfPage\":{\"@id\":\"https:\\\/\\\/www.gaultiercollette.ch\\\/corteva\\\/#primaryimage\"},\"image\":{\"@id\":\"https:\\\/\\\/www.gaultiercollette.ch\\\/corteva\\\/#primaryimage\"},\"thumbnailUrl\":\"https:\\\/\\\/www.gaultiercollette.ch\\\/wp-content\\\/uploads\\\/2025\\\/06\\\/ETE_VISUEL_10_933-V3-1.png\",\"datePublished\":\"2025-06-13T08:35:39+00:00\",\"dateModified\":\"2025-06-13T12:55:53+00:00\",\"description\":\"Parcourez une campagne d\u2019influence r\u00e9alis\u00e9e par Gaultier Collette dans le but ambitieux de promouvoir la veste de costume aupr\u00e8s de la gen Z.\",\"breadcrumb\":{\"@id\":\"https:\\\/\\\/www.gaultiercollette.ch\\\/corteva\\\/#breadcrumb\"},\"inLanguage\":\"fr-FR\",\"potentialAction\":[{\"@type\":\"ReadAction\",\"target\":[\"https:\\\/\\\/www.gaultiercollette.ch\\\/corteva\\\/\"]}]},{\"@type\":\"ImageObject\",\"inLanguage\":\"fr-FR\",\"@id\":\"https:\\\/\\\/www.gaultiercollette.ch\\\/corteva\\\/#primaryimage\",\"url\":\"https:\\\/\\\/www.gaultiercollette.ch\\\/wp-content\\\/uploads\\\/2025\\\/06\\\/ETE_VISUEL_10_933-V3-1.png\",\"contentUrl\":\"https:\\\/\\\/www.gaultiercollette.ch\\\/wp-content\\\/uploads\\\/2025\\\/06\\\/ETE_VISUEL_10_933-V3-1.png\"},{\"@type\":\"BreadcrumbList\",\"@id\":\"https:\\\/\\\/www.gaultiercollette.ch\\\/corteva\\\/#breadcrumb\",\"itemListElement\":[{\"@type\":\"ListItem\",\"position\":1,\"name\":\"Accueil\",\"item\":\"https:\\\/\\\/www.gaultiercollette.ch\\\/\"},{\"@type\":\"ListItem\",\"position\":2,\"name\":\"Corteva\"}]},{\"@type\":\"WebSite\",\"@id\":\"https:\\\/\\\/www.gaultiercollette.ch\\\/#website\",\"url\":\"https:\\\/\\\/www.gaultiercollette.ch\\\/\",\"name\":\"Gaultier Collette\",\"description\":\"Agence cr\u00e9ative en strat\u00e9gie de marque\",\"potentialAction\":[{\"@type\":\"SearchAction\",\"target\":{\"@type\":\"EntryPoint\",\"urlTemplate\":\"https:\\\/\\\/www.gaultiercollette.ch\\\/?s={search_term_string}\"},\"query-input\":{\"@type\":\"PropertyValueSpecification\",\"valueRequired\":true,\"valueName\":\"search_term_string\"}}],\"inLanguage\":\"fr-FR\"}]}<\/script>\n<!-- \/ Yoast SEO plugin. -->","yoast_head_json":{"title":"Devred AH21 - Gaultier Collette","description":"Parcourez une campagne d\u2019influence r\u00e9alis\u00e9e par Gaultier Collette dans le but ambitieux de promouvoir la veste de costume aupr\u00e8s de la gen Z.","robots":{"index":"index","follow":"follow","max-snippet":"max-snippet:-1","max-image-preview":"max-image-preview:large","max-video-preview":"max-video-preview:-1"},"canonical":"https:\/\/www.gaultiercollette.ch\/fr\/corteva\/","og_locale":"fr_FR","og_type":"article","og_title":"Devred AH21 - Gaultier Collette","og_description":"Parcourez une campagne d\u2019influence r\u00e9alis\u00e9e par Gaultier Collette dans le but ambitieux de promouvoir la veste de costume aupr\u00e8s de la gen Z.","og_url":"https:\/\/www.gaultiercollette.ch\/fr\/corteva\/","og_site_name":"Gaultier Collette","article_modified_time":"2025-06-13T12:55:53+00:00","og_image":[{"width":624,"height":876,"url":"https:\/\/www.gaultiercollette.ch\/wp-content\/uploads\/2025\/06\/ETE_VISUEL_10_933-V3-1.png","type":"image\/png"}],"twitter_card":"summary_large_image","twitter_misc":{"Dur\u00e9e de lecture estim\u00e9e":"1 minute"},"schema":{"@context":"https:\/\/schema.org","@graph":[{"@type":"WebPage","@id":"https:\/\/www.gaultiercollette.ch\/corteva\/","url":"https:\/\/www.gaultiercollette.ch\/corteva\/","name":"Devred AH21 - Gaultier Collette","isPartOf":{"@id":"https:\/\/www.gaultiercollette.ch\/#website"},"primaryImageOfPage":{"@id":"https:\/\/www.gaultiercollette.ch\/corteva\/#primaryimage"},"image":{"@id":"https:\/\/www.gaultiercollette.ch\/corteva\/#primaryimage"},"thumbnailUrl":"https:\/\/www.gaultiercollette.ch\/wp-content\/uploads\/2025\/06\/ETE_VISUEL_10_933-V3-1.png","datePublished":"2025-06-13T08:35:39+00:00","dateModified":"2025-06-13T12:55:53+00:00","description":"Parcourez une campagne d\u2019influence r\u00e9alis\u00e9e par Gaultier Collette dans le but ambitieux de promouvoir la veste de costume aupr\u00e8s de la gen Z.","breadcrumb":{"@id":"https:\/\/www.gaultiercollette.ch\/corteva\/#breadcrumb"},"inLanguage":"fr-FR","potentialAction":[{"@type":"ReadAction","target":["https:\/\/www.gaultiercollette.ch\/corteva\/"]}]},{"@type":"ImageObject","inLanguage":"fr-FR","@id":"https:\/\/www.gaultiercollette.ch\/corteva\/#primaryimage","url":"https:\/\/www.gaultiercollette.ch\/wp-content\/uploads\/2025\/06\/ETE_VISUEL_10_933-V3-1.png","contentUrl":"https:\/\/www.gaultiercollette.ch\/wp-content\/uploads\/2025\/06\/ETE_VISUEL_10_933-V3-1.png"},{"@type":"BreadcrumbList","@id":"https:\/\/www.gaultiercollette.ch\/corteva\/#breadcrumb","itemListElement":[{"@type":"ListItem","position":1,"name":"Accueil","item":"https:\/\/www.gaultiercollette.ch\/"},{"@type":"ListItem","position":2,"name":"Corteva"}]},{"@type":"WebSite","@id":"https:\/\/www.gaultiercollette.ch\/#website","url":"https:\/\/www.gaultiercollette.ch\/","name":"Gaultier Collette","description":"Agence cr\u00e9ative en strat\u00e9gie de marque","potentialAction":[{"@type":"SearchAction","target":{"@type":"EntryPoint","urlTemplate":"https:\/\/www.gaultiercollette.ch\/?s={search_term_string}"},"query-input":{"@type":"PropertyValueSpecification","valueRequired":true,"valueName":"search_term_string"}}],"inLanguage":"fr-FR"}]}},"_links":{"self":[{"href":"https:\/\/www.gaultiercollette.ch\/fr\/wp-json\/wp\/v2\/pages\/4375","targetHints":{"allow":["GET"]}}],"collection":[{"href":"https:\/\/www.gaultiercollette.ch\/fr\/wp-json\/wp\/v2\/pages"}],"about":[{"href":"https:\/\/www.gaultiercollette.ch\/fr\/wp-json\/wp\/v2\/types\/page"}],"author":[{"embeddable":true,"href":"https:\/\/www.gaultiercollette.ch\/fr\/wp-json\/wp\/v2\/users\/1"}],"replies":[{"embeddable":true,"href":"https:\/\/www.gaultiercollette.ch\/fr\/wp-json\/wp\/v2\/comments?post=4375"}],"version-history":[{"count":55,"href":"https:\/\/www.gaultiercollette.ch\/fr\/wp-json\/wp\/v2\/pages\/4375\/revisions"}],"predecessor-version":[{"id":4660,"href":"https:\/\/www.gaultiercollette.ch\/fr\/wp-json\/wp\/v2\/pages\/4375\/revisions\/4660"}],"wp:attachment":[{"href":"https:\/\/www.gaultiercollette.ch\/fr\/wp-json\/wp\/v2\/media?parent=4375"}],"curies":[{"name":"wp","href":"https:\/\/api.w.org\/{rel}","templated":true}]}}