{"id":4416,"date":"2025-06-13T10:37:21","date_gmt":"2025-06-13T08:37:21","guid":{"rendered":"https:\/\/www.gaultiercollette.ch\/?page_id=4416"},"modified":"2025-06-13T12:39:17","modified_gmt":"2025-06-13T10:39:17","slug":"les-gets","status":"publish","type":"page","link":"https:\/\/www.gaultiercollette.ch\/fr\/les-gets\/","title":{"rendered":"Les Gets"},"content":{"rendered":"<section class=\"back baseline anim-to-scroll\">\n            <a href=\"#\" onclick=\"history.back(); return false;\">\n          <svg xmlns=\"http:\/\/www.w3.org\/2000\/svg\" viewbox=\"0 0 28 24\" style=\"enable-background:new 0 0 28 24;\" xml:space=\"preserve\">\n        <style type=\"text\/css\">.st0{fill:none;stroke:#000000;stroke-width:2;stroke-miterlimit:10;}<\/style>\n        <rect x=\"2\" y=\"11\" width=\"25\" height=\"2\"\/>\n        <polyline class=\"st0\" points=\"12.8,23.2 1.5,12 12.8,0.8 \"\/>\n      <\/svg>\n      Retour\n    <\/a>\n<\/section>\n\n\n\n\n\n  <section class=\"case__header baseline anim-to-scroll\">\n    <div class=\"case__header-title\">\n      <h2 class=\"\">\n        <span class=\"title\">Les Gets<\/span>\n        <span class=\"title-year\"><\/span>\n      <\/h2>\n    <\/div>\n    <div class=\"case__header-text\"><\/div>\n  <\/section>\n\n\n\n\n\n\n    <section class=\"case__iframe baseline anim-to-scroll\">\n      <iframe\n        src=\"https:\/\/player.vimeo.com\/video\/1092163052\"\n        allowfullscreen onload=\"adjustIframe(this)\"\n      ><\/iframe>\n    <\/section>\n\n\n\n\n  <section class=\"case__skills baseline anim-to-scroll\">\n    <ul>\n                      <li>Cr\u00e9ation de contenus<\/li>\n                              <li>Direction artistique<\/li>\n                              <li>Univers de marque digital<\/li>\n                              <li>Conception-R\u00e9daction<\/li>\n                              <li>Gestion de projet<\/li>\n                  <\/ul>\n  <\/section>\n\n\n\n\n<div style=\"height:100px\" aria-hidden=\"true\" class=\"wp-block-spacer\"><\/div>\n\n\n\n<div class=\"wp-block-columns is-layout-flex wp-container-core-columns-is-layout-9d6595d7 wp-block-columns-is-layout-flex\">\n<div class=\"wp-block-column is-vertically-aligned-center is-layout-flow wp-block-column-is-layout-flow\">\n<div class=\"wp-block-columns is-layout-flex wp-container-core-columns-is-layout-9d6595d7 wp-block-columns-is-layout-flex\">\n<div class=\"wp-block-column is-layout-flow wp-block-column-is-layout-flow\" style=\"flex-basis:25%\"><\/div>\n\n\n\n<div class=\"wp-block-column is-layout-flow wp-block-column-is-layout-flow\" style=\"flex-basis:50%\">\n<figure class=\"wp-block-video aligncenter\"><video height=\"1080\" style=\"aspect-ratio: 1080 \/ 1080;\" width=\"1080\" autoplay loop muted src=\"https:\/\/www.gaultiercollette.ch\/wp-content\/uploads\/2025\/06\/Case_lesgets_WEB.mp4\" playsinline><\/video><\/figure>\n<\/div>\n\n\n\n<div class=\"wp-block-column is-layout-flow wp-block-column-is-layout-flow\" style=\"flex-basis:25%\"><\/div>\n<\/div>\n<\/div>\n\n\n\n<div class=\"wp-block-column is-layout-flow wp-block-column-is-layout-flow\">\n<figure class=\"wp-block-image size-full\"><img loading=\"lazy\" decoding=\"async\" width=\"624\" height=\"874\" src=\"https:\/\/www.gaultiercollette.ch\/wp-content\/uploads\/2025\/06\/AUTOMNE_VISUEL_01_86-V1-5-1.jpg\" alt=\"\" class=\"wp-image-4419\" srcset=\"https:\/\/www.gaultiercollette.ch\/wp-content\/uploads\/2025\/06\/AUTOMNE_VISUEL_01_86-V1-5-1.jpg 624w, https:\/\/www.gaultiercollette.ch\/wp-content\/uploads\/2025\/06\/AUTOMNE_VISUEL_01_86-V1-5-1-214x300.jpg 214w, https:\/\/www.gaultiercollette.ch\/wp-content\/uploads\/2025\/06\/AUTOMNE_VISUEL_01_86-V1-5-1-9x12.jpg 9w\" sizes=\"auto, (max-width: 624px) 100vw, 624px\" \/><\/figure>\n<\/div>\n<\/div>\n\n\n\n<div style=\"height:100px\" aria-hidden=\"true\" class=\"wp-block-spacer\"><\/div>\n\n\n\n<section class=\"case__carousel case__carousel-horizontal baseline anim-to-scroll\">\n  <div class=\"case__carousel-inner page__slider\">\n                <div class=\"case__carousel-item\">\n                                  <img decoding=\"async\" src=\"https:\/\/www.gaultiercollette.ch\/wp-content\/uploads\/2025\/06\/AUTOMNE_VISUEL_01_57-V1-4.jpg\" \/>\n                              <\/div>\n                        <div class=\"case__carousel-item\">\n                                  <img decoding=\"async\" src=\"https:\/\/www.gaultiercollette.ch\/wp-content\/uploads\/2025\/06\/RENTREE_VISUEL_03_425-V1-4.jpg\" \/>\n                              <\/div>\n                        <div class=\"case__carousel-item\">\n                                  <img decoding=\"async\" src=\"https:\/\/www.gaultiercollette.ch\/wp-content\/uploads\/2025\/06\/AUTOMNE_VISUEL_01_86-V1-11.jpg\" \/>\n                              <\/div>\n                        <div class=\"case__carousel-item\">\n                                  <img decoding=\"async\" src=\"https:\/\/www.gaultiercollette.ch\/wp-content\/uploads\/2025\/06\/AUTOMNE_VISUEL_01_86-V1-12.jpg\" \/>\n                              <\/div>\n                        <div class=\"case__carousel-item\">\n                                  <img decoding=\"async\" src=\"https:\/\/www.gaultiercollette.ch\/wp-content\/uploads\/2025\/06\/AUTOMNE_VISUEL_01_86-V1-13.jpg\" \/>\n                              <\/div>\n              <\/div>\n<\/section>\n\n<!--  -->\n\n\n<div style=\"height:100px\" aria-hidden=\"true\" class=\"wp-block-spacer\"><\/div>\n\n\n\n<div class=\"wp-block-columns is-layout-flex wp-container-core-columns-is-layout-9d6595d7 wp-block-columns-is-layout-flex\">\n<div class=\"wp-block-column is-vertically-aligned-center is-layout-flow wp-block-column-is-layout-flow\">\n    <section class=\"case__iframe baseline anim-to-scroll\">\n      <iframe\n        src=\"https:\/\/player.vimeo.com\/video\/1092789618\"\n        allowfullscreen onload=\"adjustIframe(this)\"\n      ><\/iframe>\n    <\/section>\n\n<\/div>\n<\/div>\n\n\n\n<div class=\"wp-block-columns is-layout-flex wp-container-core-columns-is-layout-9d6595d7 wp-block-columns-is-layout-flex\">\n<div class=\"wp-block-column is-vertically-aligned-top is-layout-flow wp-block-column-is-layout-flow\">\n<div class=\"wp-block-columns is-layout-flex wp-container-core-columns-is-layout-9d6595d7 wp-block-columns-is-layout-flex\">\n<div class=\"wp-block-column is-layout-flow wp-block-column-is-layout-flow\">\n<div class=\"wp-block-columns is-layout-flex wp-container-core-columns-is-layout-9d6595d7 wp-block-columns-is-layout-flex\">\n<div class=\"wp-block-column is-vertically-aligned-top is-layout-flow wp-block-column-is-layout-flow\">\n<figure class=\"wp-block-image alignwide size-full\"><img loading=\"lazy\" decoding=\"async\" width=\"1080\" height=\"1920\" src=\"https:\/\/www.gaultiercollette.ch\/wp-content\/uploads\/2025\/06\/picto_les_gets-1.gif\" alt=\"\" class=\"wp-image-4528\" srcset=\"https:\/\/www.gaultiercollette.ch\/wp-content\/uploads\/2025\/06\/picto_les_gets-1.gif 1080w, https:\/\/www.gaultiercollette.ch\/wp-content\/uploads\/2025\/06\/picto_les_gets-1-768x1365.gif 768w, https:\/\/www.gaultiercollette.ch\/wp-content\/uploads\/2025\/06\/picto_les_gets-1-864x1536.gif 864w, https:\/\/www.gaultiercollette.ch\/wp-content\/uploads\/2025\/06\/picto_les_gets-1-7x12.gif 7w\" sizes=\"auto, (max-width: 1080px) 100vw, 1080px\" \/><\/figure>\n<\/div>\n<\/div>\n<\/div>\n<\/div>\n<\/div>\n\n\n\n<div class=\"wp-block-column is-vertically-aligned-center is-layout-flow wp-block-column-is-layout-flow\">\n<figure class=\"wp-block-video\"><video height=\"1080\" style=\"aspect-ratio: 1920 \/ 1080;\" width=\"1920\" autoplay loop muted src=\"https:\/\/www.gaultiercollette.ch\/wp-content\/uploads\/2025\/06\/LES-GETS_animatic_2490x3508px_ete2_WEB-1.mp4\" playsinline><\/video><\/figure>\n<\/div>\n<\/div>\n\n\n\n<section class=\"case__carousel case__carousel-horizontal baseline anim-to-scroll\">\n  <div class=\"case__carousel-inner page__slider\">\n                <div class=\"case__carousel-item\">\n                                  <img decoding=\"async\" src=\"https:\/\/www.gaultiercollette.ch\/wp-content\/uploads\/2025\/06\/AUTOMNE_VISUEL_01_86-V1-6.jpg\" \/>\n                              <\/div>\n                        <div class=\"case__carousel-item\">\n                                  <img decoding=\"async\" src=\"https:\/\/www.gaultiercollette.ch\/wp-content\/uploads\/2025\/06\/AUTOMNE_VISUEL_01_86-V1-7.jpg\" \/>\n                              <\/div>\n                        <div class=\"case__carousel-item\">\n                                  <img decoding=\"async\" src=\"https:\/\/www.gaultiercollette.ch\/wp-content\/uploads\/2025\/06\/AUTOMNE_VISUEL_01_86-V1-8.jpg\" \/>\n                              <\/div>\n                        <div class=\"case__carousel-item\">\n                                  <img decoding=\"async\" src=\"https:\/\/www.gaultiercollette.ch\/wp-content\/uploads\/2025\/06\/AUTOMNE_VISUEL_01_86-V1-9.jpg\" \/>\n                              <\/div>\n                        <div class=\"case__carousel-item\">\n                                  <img decoding=\"async\" src=\"https:\/\/www.gaultiercollette.ch\/wp-content\/uploads\/2025\/06\/AUTOMNE_VISUEL_01_86-V1-10.jpg\" \/>\n                              <\/div>\n              <\/div>\n<\/section>\n\n<!--  -->\n\n\n<div style=\"height:100px\" aria-hidden=\"true\" class=\"wp-block-spacer\"><\/div>\n\n\n\n<p><\/p>","protected":false},"excerpt":{"rendered":"","protected":false},"author":1,"featured_media":0,"parent":0,"menu_order":0,"comment_status":"closed","ping_status":"closed","template":"","meta":{"footnotes":""},"class_list":["post-4416","page","type-page","status-publish","hentry"],"yoast_head":"<!-- This site is optimized with the Yoast SEO plugin v27.3 - https:\/\/yoast.com\/product\/yoast-seo-wordpress\/ -->\n<title>Les Gets - Gaultier Collette<\/title>\n<meta name=\"description\" content=\"D\u00e9couvrez comment Gaultier Collette a d\u00e9velopp\u00e9 la strat\u00e9gie et r\u00e9alis\u00e9 la campagne et la cr\u00e9ation de contenus pour pr\u00e9senter et valoriser la technologie Dry Microfine Steam (D.M.S) de Laurastar.\" \/>\n<meta name=\"robots\" content=\"index, follow, max-snippet:-1, max-image-preview:large, max-video-preview:-1\" \/>\n<link rel=\"canonical\" href=\"https:\/\/www.gaultiercollette.ch\/fr\/les-gets\/\" \/>\n<meta property=\"og:locale\" content=\"fr_FR\" \/>\n<meta property=\"og:type\" content=\"article\" \/>\n<meta property=\"og:title\" content=\"Les Gets - Gaultier Collette\" \/>\n<meta property=\"og:description\" content=\"D\u00e9couvrez comment Gaultier Collette a d\u00e9velopp\u00e9 la strat\u00e9gie et r\u00e9alis\u00e9 la campagne et la cr\u00e9ation de contenus pour pr\u00e9senter et valoriser la technologie Dry Microfine Steam (D.M.S) de Laurastar.\" \/>\n<meta property=\"og:url\" content=\"https:\/\/www.gaultiercollette.ch\/fr\/les-gets\/\" \/>\n<meta property=\"og:site_name\" content=\"Gaultier Collette\" \/>\n<meta property=\"article:modified_time\" content=\"2025-06-13T10:39:17+00:00\" \/>\n<meta property=\"og:image\" content=\"https:\/\/www.gaultiercollette.ch\/wp-content\/uploads\/2025\/06\/AUTOMNE_VISUEL_01_86-V1-5-1.jpg\" \/>\n\t<meta property=\"og:image:width\" content=\"624\" \/>\n\t<meta property=\"og:image:height\" content=\"874\" \/>\n\t<meta property=\"og:image:type\" content=\"image\/jpeg\" \/>\n<meta name=\"twitter:card\" content=\"summary_large_image\" \/>\n<meta name=\"twitter:label1\" content=\"Dur\u00e9e de lecture estim\u00e9e\" \/>\n\t<meta name=\"twitter:data1\" content=\"1 minute\" \/>\n<script type=\"application\/ld+json\" class=\"yoast-schema-graph\">{\"@context\":\"https:\\\/\\\/schema.org\",\"@graph\":[{\"@type\":\"WebPage\",\"@id\":\"https:\\\/\\\/www.gaultiercollette.ch\\\/les-gets\\\/\",\"url\":\"https:\\\/\\\/www.gaultiercollette.ch\\\/les-gets\\\/\",\"name\":\"Les Gets - Gaultier Collette\",\"isPartOf\":{\"@id\":\"https:\\\/\\\/www.gaultiercollette.ch\\\/#website\"},\"primaryImageOfPage\":{\"@id\":\"https:\\\/\\\/www.gaultiercollette.ch\\\/les-gets\\\/#primaryimage\"},\"image\":{\"@id\":\"https:\\\/\\\/www.gaultiercollette.ch\\\/les-gets\\\/#primaryimage\"},\"thumbnailUrl\":\"https:\\\/\\\/www.gaultiercollette.ch\\\/wp-content\\\/uploads\\\/2025\\\/06\\\/AUTOMNE_VISUEL_01_86-V1-5-1.jpg\",\"datePublished\":\"2025-06-13T08:37:21+00:00\",\"dateModified\":\"2025-06-13T10:39:17+00:00\",\"description\":\"D\u00e9couvrez comment Gaultier Collette a d\u00e9velopp\u00e9 la strat\u00e9gie et r\u00e9alis\u00e9 la campagne et la cr\u00e9ation de contenus pour pr\u00e9senter et valoriser la technologie Dry Microfine Steam (D.M.S) de Laurastar.\",\"breadcrumb\":{\"@id\":\"https:\\\/\\\/www.gaultiercollette.ch\\\/les-gets\\\/#breadcrumb\"},\"inLanguage\":\"fr-FR\",\"potentialAction\":[{\"@type\":\"ReadAction\",\"target\":[\"https:\\\/\\\/www.gaultiercollette.ch\\\/les-gets\\\/\"]}]},{\"@type\":\"ImageObject\",\"inLanguage\":\"fr-FR\",\"@id\":\"https:\\\/\\\/www.gaultiercollette.ch\\\/les-gets\\\/#primaryimage\",\"url\":\"https:\\\/\\\/www.gaultiercollette.ch\\\/wp-content\\\/uploads\\\/2025\\\/06\\\/AUTOMNE_VISUEL_01_86-V1-5-1.jpg\",\"contentUrl\":\"https:\\\/\\\/www.gaultiercollette.ch\\\/wp-content\\\/uploads\\\/2025\\\/06\\\/AUTOMNE_VISUEL_01_86-V1-5-1.jpg\"},{\"@type\":\"BreadcrumbList\",\"@id\":\"https:\\\/\\\/www.gaultiercollette.ch\\\/les-gets\\\/#breadcrumb\",\"itemListElement\":[{\"@type\":\"ListItem\",\"position\":1,\"name\":\"Accueil\",\"item\":\"https:\\\/\\\/www.gaultiercollette.ch\\\/\"},{\"@type\":\"ListItem\",\"position\":2,\"name\":\"Les Gets\"}]},{\"@type\":\"WebSite\",\"@id\":\"https:\\\/\\\/www.gaultiercollette.ch\\\/#website\",\"url\":\"https:\\\/\\\/www.gaultiercollette.ch\\\/\",\"name\":\"Gaultier Collette\",\"description\":\"Agence cr\u00e9ative en strat\u00e9gie de marque\",\"potentialAction\":[{\"@type\":\"SearchAction\",\"target\":{\"@type\":\"EntryPoint\",\"urlTemplate\":\"https:\\\/\\\/www.gaultiercollette.ch\\\/?s={search_term_string}\"},\"query-input\":{\"@type\":\"PropertyValueSpecification\",\"valueRequired\":true,\"valueName\":\"search_term_string\"}}],\"inLanguage\":\"fr-FR\"}]}<\/script>\n<!-- \/ Yoast SEO plugin. -->","yoast_head_json":{"title":"Les Gets - Gaultier Collette","description":"D\u00e9couvrez comment Gaultier Collette a d\u00e9velopp\u00e9 la strat\u00e9gie et r\u00e9alis\u00e9 la campagne et la cr\u00e9ation de contenus pour pr\u00e9senter et valoriser la technologie Dry Microfine Steam (D.M.S) de Laurastar.","robots":{"index":"index","follow":"follow","max-snippet":"max-snippet:-1","max-image-preview":"max-image-preview:large","max-video-preview":"max-video-preview:-1"},"canonical":"https:\/\/www.gaultiercollette.ch\/fr\/les-gets\/","og_locale":"fr_FR","og_type":"article","og_title":"Les Gets - Gaultier Collette","og_description":"D\u00e9couvrez comment Gaultier Collette a d\u00e9velopp\u00e9 la strat\u00e9gie et r\u00e9alis\u00e9 la campagne et la cr\u00e9ation de contenus pour pr\u00e9senter et valoriser la technologie Dry Microfine Steam (D.M.S) de Laurastar.","og_url":"https:\/\/www.gaultiercollette.ch\/fr\/les-gets\/","og_site_name":"Gaultier Collette","article_modified_time":"2025-06-13T10:39:17+00:00","og_image":[{"width":624,"height":874,"url":"https:\/\/www.gaultiercollette.ch\/wp-content\/uploads\/2025\/06\/AUTOMNE_VISUEL_01_86-V1-5-1.jpg","type":"image\/jpeg"}],"twitter_card":"summary_large_image","twitter_misc":{"Dur\u00e9e de lecture estim\u00e9e":"1 minute"},"schema":{"@context":"https:\/\/schema.org","@graph":[{"@type":"WebPage","@id":"https:\/\/www.gaultiercollette.ch\/les-gets\/","url":"https:\/\/www.gaultiercollette.ch\/les-gets\/","name":"Les Gets - Gaultier Collette","isPartOf":{"@id":"https:\/\/www.gaultiercollette.ch\/#website"},"primaryImageOfPage":{"@id":"https:\/\/www.gaultiercollette.ch\/les-gets\/#primaryimage"},"image":{"@id":"https:\/\/www.gaultiercollette.ch\/les-gets\/#primaryimage"},"thumbnailUrl":"https:\/\/www.gaultiercollette.ch\/wp-content\/uploads\/2025\/06\/AUTOMNE_VISUEL_01_86-V1-5-1.jpg","datePublished":"2025-06-13T08:37:21+00:00","dateModified":"2025-06-13T10:39:17+00:00","description":"D\u00e9couvrez comment Gaultier Collette a d\u00e9velopp\u00e9 la strat\u00e9gie et r\u00e9alis\u00e9 la campagne et la cr\u00e9ation de contenus pour pr\u00e9senter et valoriser la technologie Dry Microfine Steam (D.M.S) de Laurastar.","breadcrumb":{"@id":"https:\/\/www.gaultiercollette.ch\/les-gets\/#breadcrumb"},"inLanguage":"fr-FR","potentialAction":[{"@type":"ReadAction","target":["https:\/\/www.gaultiercollette.ch\/les-gets\/"]}]},{"@type":"ImageObject","inLanguage":"fr-FR","@id":"https:\/\/www.gaultiercollette.ch\/les-gets\/#primaryimage","url":"https:\/\/www.gaultiercollette.ch\/wp-content\/uploads\/2025\/06\/AUTOMNE_VISUEL_01_86-V1-5-1.jpg","contentUrl":"https:\/\/www.gaultiercollette.ch\/wp-content\/uploads\/2025\/06\/AUTOMNE_VISUEL_01_86-V1-5-1.jpg"},{"@type":"BreadcrumbList","@id":"https:\/\/www.gaultiercollette.ch\/les-gets\/#breadcrumb","itemListElement":[{"@type":"ListItem","position":1,"name":"Accueil","item":"https:\/\/www.gaultiercollette.ch\/"},{"@type":"ListItem","position":2,"name":"Les Gets"}]},{"@type":"WebSite","@id":"https:\/\/www.gaultiercollette.ch\/#website","url":"https:\/\/www.gaultiercollette.ch\/","name":"Gaultier Collette","description":"Agence cr\u00e9ative en strat\u00e9gie de marque","potentialAction":[{"@type":"SearchAction","target":{"@type":"EntryPoint","urlTemplate":"https:\/\/www.gaultiercollette.ch\/?s={search_term_string}"},"query-input":{"@type":"PropertyValueSpecification","valueRequired":true,"valueName":"search_term_string"}}],"inLanguage":"fr-FR"}]}},"_links":{"self":[{"href":"https:\/\/www.gaultiercollette.ch\/fr\/wp-json\/wp\/v2\/pages\/4416","targetHints":{"allow":["GET"]}}],"collection":[{"href":"https:\/\/www.gaultiercollette.ch\/fr\/wp-json\/wp\/v2\/pages"}],"about":[{"href":"https:\/\/www.gaultiercollette.ch\/fr\/wp-json\/wp\/v2\/types\/page"}],"author":[{"embeddable":true,"href":"https:\/\/www.gaultiercollette.ch\/fr\/wp-json\/wp\/v2\/users\/1"}],"replies":[{"embeddable":true,"href":"https:\/\/www.gaultiercollette.ch\/fr\/wp-json\/wp\/v2\/comments?post=4416"}],"version-history":[{"count":72,"href":"https:\/\/www.gaultiercollette.ch\/fr\/wp-json\/wp\/v2\/pages\/4416\/revisions"}],"predecessor-version":[{"id":4638,"href":"https:\/\/www.gaultiercollette.ch\/fr\/wp-json\/wp\/v2\/pages\/4416\/revisions\/4638"}],"wp:attachment":[{"href":"https:\/\/www.gaultiercollette.ch\/fr\/wp-json\/wp\/v2\/media?parent=4416"}],"curies":[{"name":"wp","href":"https:\/\/api.w.org\/{rel}","templated":true}]}}