{"id":4479,"date":"2025-06-13T10:34:56","date_gmt":"2025-06-13T08:34:56","guid":{"rendered":"https:\/\/www.gaultiercollette.ch\/?page_id=4479"},"modified":"2025-06-13T11:05:13","modified_gmt":"2025-06-13T09:05:13","slug":"fdm","status":"publish","type":"page","link":"https:\/\/www.gaultiercollette.ch\/fr\/fdm\/","title":{"rendered":"FDM"},"content":{"rendered":"<section class=\"back baseline anim-to-scroll\">\n            <a href=\"#\" onclick=\"history.back(); return false;\">\n          <svg xmlns=\"http:\/\/www.w3.org\/2000\/svg\" viewbox=\"0 0 28 24\" style=\"enable-background:new 0 0 28 24;\" xml:space=\"preserve\">\n        <style type=\"text\/css\">.st0{fill:none;stroke:#000000;stroke-width:2;stroke-miterlimit:10;}<\/style>\n        <rect x=\"2\" y=\"11\" width=\"25\" height=\"2\"\/>\n        <polyline class=\"st0\" points=\"12.8,23.2 1.5,12 12.8,0.8 \"\/>\n      <\/svg>\n      Retour\n    <\/a>\n<\/section>\n\n\n\n\n\n  <section class=\"case__header baseline anim-to-scroll\">\n    <div class=\"case__header-title\">\n      <h2 class=\"\">\n        <span class=\"title\">FDM       <\/span>\n        <span class=\"title-year\"><\/span>\n      <\/h2>\n    <\/div>\n    <div class=\"case__header-text\"><\/div>\n  <\/section>\n\n\n\n\n\n\n<figure class=\"wp-block-image alignwide size-full\"><img loading=\"lazy\" decoding=\"async\" width=\"2048\" height=\"1152\" src=\"https:\/\/www.gaultiercollette.ch\/wp-content\/uploads\/2025\/06\/FDM-Fine-Crafts-Showroom-07-2048x1152-1.jpg\" alt=\"\" class=\"wp-image-4501\" srcset=\"https:\/\/www.gaultiercollette.ch\/wp-content\/uploads\/2025\/06\/FDM-Fine-Crafts-Showroom-07-2048x1152-1.jpg 2048w, https:\/\/www.gaultiercollette.ch\/wp-content\/uploads\/2025\/06\/FDM-Fine-Crafts-Showroom-07-2048x1152-1-768x432.jpg 768w, https:\/\/www.gaultiercollette.ch\/wp-content\/uploads\/2025\/06\/FDM-Fine-Crafts-Showroom-07-2048x1152-1-1536x864.jpg 1536w, https:\/\/www.gaultiercollette.ch\/wp-content\/uploads\/2025\/06\/FDM-Fine-Crafts-Showroom-07-2048x1152-1-18x10.jpg 18w\" sizes=\"auto, (max-width: 2048px) 100vw, 2048px\" \/><\/figure>\n\n\n\n  <section class=\"case__skills baseline anim-to-scroll\">\n    <ul>\n                      <li>Cr\u00e9ation de contenus<\/li>\n                              <li>Direction artistique<\/li>\n                              <li>Conception-R\u00e9daction<\/li>\n                              <li>Univers de marque digital<\/li>\n                              <li>Gestion de projet<\/li>\n                  <\/ul>\n  <\/section>\n\n\n\n\n<div class=\"wp-block-columns is-layout-flex wp-container-core-columns-is-layout-9d6595d7 wp-block-columns-is-layout-flex\">\n<div class=\"wp-block-column is-layout-flow wp-block-column-is-layout-flow\">\n<figure class=\"wp-block-image size-full\"><img loading=\"lazy\" decoding=\"async\" width=\"584\" height=\"876\" src=\"https:\/\/www.gaultiercollette.ch\/wp-content\/uploads\/2025\/06\/230312-Yarn-Collective-003-01-Main-Web-1.jpg\" alt=\"\" class=\"wp-image-4481\" srcset=\"https:\/\/www.gaultiercollette.ch\/wp-content\/uploads\/2025\/06\/230312-Yarn-Collective-003-01-Main-Web-1.jpg 584w, https:\/\/www.gaultiercollette.ch\/wp-content\/uploads\/2025\/06\/230312-Yarn-Collective-003-01-Main-Web-1-200x300.jpg 200w, https:\/\/www.gaultiercollette.ch\/wp-content\/uploads\/2025\/06\/230312-Yarn-Collective-003-01-Main-Web-1-8x12.jpg 8w\" sizes=\"auto, (max-width: 584px) 100vw, 584px\" \/><\/figure>\n<\/div>\n\n\n\n<div class=\"wp-block-column is-vertically-aligned-center is-layout-flow wp-block-column-is-layout-flow\">\n<div class=\"wp-block-columns is-layout-flex wp-container-core-columns-is-layout-9d6595d7 wp-block-columns-is-layout-flex\">\n<div class=\"wp-block-column is-layout-flow wp-block-column-is-layout-flow\" style=\"flex-basis:25%\"><\/div>\n\n\n\n<div class=\"wp-block-column is-vertically-aligned-stretch is-layout-flow wp-block-column-is-layout-flow\" style=\"flex-basis:50%\">\n<figure class=\"wp-block-video\"><video height=\"1080\" style=\"aspect-ratio: 1080 \/ 1080;\" width=\"1080\" autoplay loop muted src=\"https:\/\/www.gaultiercollette.ch\/wp-content\/uploads\/2025\/06\/GC_CASE_STUDY_FDM_9_16_V4_compressed-3.mp4\" playsinline><\/video><\/figure>\n<\/div>\n\n\n\n<div class=\"wp-block-column is-layout-flow wp-block-column-is-layout-flow\" style=\"flex-basis:25%\"><\/div>\n<\/div>\n<\/div>\n<\/div>\n\n\n\n<div style=\"height:100px\" aria-hidden=\"true\" class=\"wp-block-spacer\"><\/div>\n\n\n\n<div class=\"wp-block-columns is-layout-flex wp-container-core-columns-is-layout-9d6595d7 wp-block-columns-is-layout-flex\">\n<div class=\"wp-block-column is-layout-flow wp-block-column-is-layout-flow\" style=\"flex-basis:33.33%\"><\/div>\n\n\n\n<div class=\"wp-block-column is-layout-flow wp-block-column-is-layout-flow\" style=\"flex-basis:66.66%\">\n<figure class=\"wp-block-video\"><video height=\"1080\" style=\"aspect-ratio: 1920 \/ 1080;\" width=\"1920\" autoplay loop muted src=\"https:\/\/www.gaultiercollette.ch\/wp-content\/uploads\/2025\/06\/GC_Landing_Page_contenus_compressed.mp4\" playsinline><\/video><\/figure>\n<\/div>\n<\/div>\n\n\n\n<div style=\"height:100px\" aria-hidden=\"true\" class=\"wp-block-spacer\"><\/div>\n\n\n\n<figure class=\"wp-block-image size-full\"><img loading=\"lazy\" decoding=\"async\" width=\"1204\" height=\"690\" src=\"https:\/\/www.gaultiercollette.ch\/wp-content\/uploads\/2025\/06\/VDS-Panneau-mural-PALMITO-3.jpg\" alt=\"\" class=\"wp-image-4483\" srcset=\"https:\/\/www.gaultiercollette.ch\/wp-content\/uploads\/2025\/06\/VDS-Panneau-mural-PALMITO-3.jpg 1204w, https:\/\/www.gaultiercollette.ch\/wp-content\/uploads\/2025\/06\/VDS-Panneau-mural-PALMITO-3-300x172.jpg 300w, https:\/\/www.gaultiercollette.ch\/wp-content\/uploads\/2025\/06\/VDS-Panneau-mural-PALMITO-3-1024x587.jpg 1024w, https:\/\/www.gaultiercollette.ch\/wp-content\/uploads\/2025\/06\/VDS-Panneau-mural-PALMITO-3-768x440.jpg 768w, https:\/\/www.gaultiercollette.ch\/wp-content\/uploads\/2025\/06\/VDS-Panneau-mural-PALMITO-3-18x10.jpg 18w\" sizes=\"auto, (max-width: 1204px) 100vw, 1204px\" \/><\/figure>\n\n\n\n<div style=\"height:100px\" aria-hidden=\"true\" class=\"wp-block-spacer\"><\/div>\n\n\n\n<div class=\"wp-block-columns are-vertically-aligned-center is-layout-flex wp-container-core-columns-is-layout-9d6595d7 wp-block-columns-is-layout-flex\">\n<div class=\"wp-block-column is-vertically-aligned-center is-layout-flow wp-block-column-is-layout-flow\">\n<div class=\"wp-block-columns is-layout-flex wp-container-core-columns-is-layout-9d6595d7 wp-block-columns-is-layout-flex\">\n<div class=\"wp-block-column is-layout-flow wp-block-column-is-layout-flow\" style=\"flex-basis:100%\">\n<div class=\"wp-block-columns is-layout-flex wp-container-core-columns-is-layout-9d6595d7 wp-block-columns-is-layout-flex\">\n<div class=\"wp-block-column is-layout-flow wp-block-column-is-layout-flow\" style=\"flex-basis:100%\">\n<div class=\"wp-block-columns is-layout-flex wp-container-core-columns-is-layout-9d6595d7 wp-block-columns-is-layout-flex\">\n<div class=\"wp-block-column is-layout-flow wp-block-column-is-layout-flow\" style=\"flex-basis:25%\"><\/div>\n\n\n\n<div class=\"wp-block-column is-layout-flow wp-block-column-is-layout-flow\" style=\"flex-basis:50%\">\n<figure class=\"wp-block-video aligncenter\"><video height=\"1080\" style=\"aspect-ratio: 1080 \/ 1080;\" width=\"1080\" autoplay loop muted src=\"https:\/\/www.gaultiercollette.ch\/wp-content\/uploads\/2025\/06\/FDM_Reels_Tim_Vranken_ABC_compressed-1.mp4\" playsinline><\/video><\/figure>\n<\/div>\n\n\n\n<div class=\"wp-block-column is-layout-flow wp-block-column-is-layout-flow\" style=\"flex-basis:25%\"><\/div>\n<\/div>\n<\/div>\n<\/div>\n<\/div>\n<\/div>\n<\/div>\n\n\n\n<div class=\"wp-block-column is-vertically-aligned-center is-layout-flow wp-block-column-is-layout-flow\">\n<figure class=\"wp-block-image size-full\"><img loading=\"lazy\" decoding=\"async\" width=\"584\" height=\"876\" src=\"https:\/\/www.gaultiercollette.ch\/wp-content\/uploads\/2025\/06\/image-1-1.jpg\" alt=\"\" class=\"wp-image-4486\" srcset=\"https:\/\/www.gaultiercollette.ch\/wp-content\/uploads\/2025\/06\/image-1-1.jpg 584w, https:\/\/www.gaultiercollette.ch\/wp-content\/uploads\/2025\/06\/image-1-1-200x300.jpg 200w, https:\/\/www.gaultiercollette.ch\/wp-content\/uploads\/2025\/06\/image-1-1-8x12.jpg 8w\" sizes=\"auto, (max-width: 584px) 100vw, 584px\" \/><\/figure>\n<\/div>\n<\/div>\n\n\n\n<p><\/p>","protected":false},"excerpt":{"rendered":"","protected":false},"author":1,"featured_media":0,"parent":0,"menu_order":0,"comment_status":"closed","ping_status":"closed","template":"","meta":{"footnotes":""},"class_list":["post-4479","page","type-page","status-publish","hentry"],"yoast_head":"<!-- This site is optimized with the Yoast SEO plugin v27.5 - https:\/\/yoast.com\/product\/yoast-seo-wordpress\/ -->\n<title>FDM - Gaultier Collette<\/title>\n<meta name=\"description\" content=\"D\u00e9couvrez comment Gaultier Collette a d\u00e9velopp\u00e9 la strat\u00e9gie et r\u00e9alis\u00e9 la campagne et la cr\u00e9ation de contenus pour pr\u00e9senter et valoriser la technologie Dry Microfine Steam (D.M.S) de Laurastar.\" \/>\n<meta name=\"robots\" content=\"index, follow, max-snippet:-1, max-image-preview:large, max-video-preview:-1\" \/>\n<link rel=\"canonical\" href=\"https:\/\/www.gaultiercollette.ch\/fr\/fdm\/\" \/>\n<meta property=\"og:locale\" content=\"fr_FR\" \/>\n<meta property=\"og:type\" content=\"article\" \/>\n<meta property=\"og:title\" content=\"FDM - Gaultier Collette\" \/>\n<meta property=\"og:description\" content=\"D\u00e9couvrez comment Gaultier Collette a d\u00e9velopp\u00e9 la strat\u00e9gie et r\u00e9alis\u00e9 la campagne et la cr\u00e9ation de contenus pour pr\u00e9senter et valoriser la technologie Dry Microfine Steam (D.M.S) de Laurastar.\" \/>\n<meta property=\"og:url\" content=\"https:\/\/www.gaultiercollette.ch\/fr\/fdm\/\" \/>\n<meta property=\"og:site_name\" content=\"Gaultier Collette\" \/>\n<meta property=\"article:modified_time\" content=\"2025-06-13T09:05:13+00:00\" \/>\n<meta property=\"og:image\" content=\"https:\/\/www.gaultiercollette.ch\/wp-content\/uploads\/2025\/06\/FDM-Fine-Crafts-Showroom-07-2048x1152-1.jpg\" \/>\n\t<meta property=\"og:image:width\" content=\"2048\" \/>\n\t<meta property=\"og:image:height\" content=\"1152\" \/>\n\t<meta property=\"og:image:type\" content=\"image\/jpeg\" \/>\n<meta name=\"twitter:card\" content=\"summary_large_image\" \/>\n<meta name=\"twitter:label1\" content=\"Dur\u00e9e de lecture estim\u00e9e\" \/>\n\t<meta name=\"twitter:data1\" content=\"1 minute\" \/>\n<script type=\"application\/ld+json\" class=\"yoast-schema-graph\">{\"@context\":\"https:\\\/\\\/schema.org\",\"@graph\":[{\"@type\":\"WebPage\",\"@id\":\"https:\\\/\\\/www.gaultiercollette.ch\\\/fdm\\\/\",\"url\":\"https:\\\/\\\/www.gaultiercollette.ch\\\/fdm\\\/\",\"name\":\"FDM - Gaultier Collette\",\"isPartOf\":{\"@id\":\"https:\\\/\\\/www.gaultiercollette.ch\\\/#website\"},\"primaryImageOfPage\":{\"@id\":\"https:\\\/\\\/www.gaultiercollette.ch\\\/fdm\\\/#primaryimage\"},\"image\":{\"@id\":\"https:\\\/\\\/www.gaultiercollette.ch\\\/fdm\\\/#primaryimage\"},\"thumbnailUrl\":\"https:\\\/\\\/www.gaultiercollette.ch\\\/wp-content\\\/uploads\\\/2025\\\/06\\\/FDM-Fine-Crafts-Showroom-07-2048x1152-1.jpg\",\"datePublished\":\"2025-06-13T08:34:56+00:00\",\"dateModified\":\"2025-06-13T09:05:13+00:00\",\"description\":\"D\u00e9couvrez comment Gaultier Collette a d\u00e9velopp\u00e9 la strat\u00e9gie et r\u00e9alis\u00e9 la campagne et la cr\u00e9ation de contenus pour pr\u00e9senter et valoriser la technologie Dry Microfine Steam (D.M.S) de Laurastar.\",\"breadcrumb\":{\"@id\":\"https:\\\/\\\/www.gaultiercollette.ch\\\/fdm\\\/#breadcrumb\"},\"inLanguage\":\"fr-FR\",\"potentialAction\":[{\"@type\":\"ReadAction\",\"target\":[\"https:\\\/\\\/www.gaultiercollette.ch\\\/fdm\\\/\"]}]},{\"@type\":\"ImageObject\",\"inLanguage\":\"fr-FR\",\"@id\":\"https:\\\/\\\/www.gaultiercollette.ch\\\/fdm\\\/#primaryimage\",\"url\":\"https:\\\/\\\/www.gaultiercollette.ch\\\/wp-content\\\/uploads\\\/2025\\\/06\\\/FDM-Fine-Crafts-Showroom-07-2048x1152-1.jpg\",\"contentUrl\":\"https:\\\/\\\/www.gaultiercollette.ch\\\/wp-content\\\/uploads\\\/2025\\\/06\\\/FDM-Fine-Crafts-Showroom-07-2048x1152-1.jpg\"},{\"@type\":\"BreadcrumbList\",\"@id\":\"https:\\\/\\\/www.gaultiercollette.ch\\\/fdm\\\/#breadcrumb\",\"itemListElement\":[{\"@type\":\"ListItem\",\"position\":1,\"name\":\"Accueil\",\"item\":\"https:\\\/\\\/www.gaultiercollette.ch\\\/\"},{\"@type\":\"ListItem\",\"position\":2,\"name\":\"FDM\"}]},{\"@type\":\"WebSite\",\"@id\":\"https:\\\/\\\/www.gaultiercollette.ch\\\/#website\",\"url\":\"https:\\\/\\\/www.gaultiercollette.ch\\\/\",\"name\":\"Gaultier Collette\",\"description\":\"Agence cr\u00e9ative en strat\u00e9gie de marque\",\"potentialAction\":[{\"@type\":\"SearchAction\",\"target\":{\"@type\":\"EntryPoint\",\"urlTemplate\":\"https:\\\/\\\/www.gaultiercollette.ch\\\/?s={search_term_string}\"},\"query-input\":{\"@type\":\"PropertyValueSpecification\",\"valueRequired\":true,\"valueName\":\"search_term_string\"}}],\"inLanguage\":\"fr-FR\"}]}<\/script>\n<!-- \/ Yoast SEO plugin. -->","yoast_head_json":{"title":"FDM - Gaultier Collette","description":"D\u00e9couvrez comment Gaultier Collette a d\u00e9velopp\u00e9 la strat\u00e9gie et r\u00e9alis\u00e9 la campagne et la cr\u00e9ation de contenus pour pr\u00e9senter et valoriser la technologie Dry Microfine Steam (D.M.S) de Laurastar.","robots":{"index":"index","follow":"follow","max-snippet":"max-snippet:-1","max-image-preview":"max-image-preview:large","max-video-preview":"max-video-preview:-1"},"canonical":"https:\/\/www.gaultiercollette.ch\/fr\/fdm\/","og_locale":"fr_FR","og_type":"article","og_title":"FDM - Gaultier Collette","og_description":"D\u00e9couvrez comment Gaultier Collette a d\u00e9velopp\u00e9 la strat\u00e9gie et r\u00e9alis\u00e9 la campagne et la cr\u00e9ation de contenus pour pr\u00e9senter et valoriser la technologie Dry Microfine Steam (D.M.S) de Laurastar.","og_url":"https:\/\/www.gaultiercollette.ch\/fr\/fdm\/","og_site_name":"Gaultier Collette","article_modified_time":"2025-06-13T09:05:13+00:00","og_image":[{"width":2048,"height":1152,"url":"https:\/\/www.gaultiercollette.ch\/wp-content\/uploads\/2025\/06\/FDM-Fine-Crafts-Showroom-07-2048x1152-1.jpg","type":"image\/jpeg"}],"twitter_card":"summary_large_image","twitter_misc":{"Dur\u00e9e de lecture estim\u00e9e":"1 minute"},"schema":{"@context":"https:\/\/schema.org","@graph":[{"@type":"WebPage","@id":"https:\/\/www.gaultiercollette.ch\/fdm\/","url":"https:\/\/www.gaultiercollette.ch\/fdm\/","name":"FDM - Gaultier Collette","isPartOf":{"@id":"https:\/\/www.gaultiercollette.ch\/#website"},"primaryImageOfPage":{"@id":"https:\/\/www.gaultiercollette.ch\/fdm\/#primaryimage"},"image":{"@id":"https:\/\/www.gaultiercollette.ch\/fdm\/#primaryimage"},"thumbnailUrl":"https:\/\/www.gaultiercollette.ch\/wp-content\/uploads\/2025\/06\/FDM-Fine-Crafts-Showroom-07-2048x1152-1.jpg","datePublished":"2025-06-13T08:34:56+00:00","dateModified":"2025-06-13T09:05:13+00:00","description":"D\u00e9couvrez comment Gaultier Collette a d\u00e9velopp\u00e9 la strat\u00e9gie et r\u00e9alis\u00e9 la campagne et la cr\u00e9ation de contenus pour pr\u00e9senter et valoriser la technologie Dry Microfine Steam (D.M.S) de Laurastar.","breadcrumb":{"@id":"https:\/\/www.gaultiercollette.ch\/fdm\/#breadcrumb"},"inLanguage":"fr-FR","potentialAction":[{"@type":"ReadAction","target":["https:\/\/www.gaultiercollette.ch\/fdm\/"]}]},{"@type":"ImageObject","inLanguage":"fr-FR","@id":"https:\/\/www.gaultiercollette.ch\/fdm\/#primaryimage","url":"https:\/\/www.gaultiercollette.ch\/wp-content\/uploads\/2025\/06\/FDM-Fine-Crafts-Showroom-07-2048x1152-1.jpg","contentUrl":"https:\/\/www.gaultiercollette.ch\/wp-content\/uploads\/2025\/06\/FDM-Fine-Crafts-Showroom-07-2048x1152-1.jpg"},{"@type":"BreadcrumbList","@id":"https:\/\/www.gaultiercollette.ch\/fdm\/#breadcrumb","itemListElement":[{"@type":"ListItem","position":1,"name":"Accueil","item":"https:\/\/www.gaultiercollette.ch\/"},{"@type":"ListItem","position":2,"name":"FDM"}]},{"@type":"WebSite","@id":"https:\/\/www.gaultiercollette.ch\/#website","url":"https:\/\/www.gaultiercollette.ch\/","name":"Gaultier Collette","description":"Agence cr\u00e9ative en strat\u00e9gie de marque","potentialAction":[{"@type":"SearchAction","target":{"@type":"EntryPoint","urlTemplate":"https:\/\/www.gaultiercollette.ch\/?s={search_term_string}"},"query-input":{"@type":"PropertyValueSpecification","valueRequired":true,"valueName":"search_term_string"}}],"inLanguage":"fr-FR"}]}},"_links":{"self":[{"href":"https:\/\/www.gaultiercollette.ch\/fr\/wp-json\/wp\/v2\/pages\/4479","targetHints":{"allow":["GET"]}}],"collection":[{"href":"https:\/\/www.gaultiercollette.ch\/fr\/wp-json\/wp\/v2\/pages"}],"about":[{"href":"https:\/\/www.gaultiercollette.ch\/fr\/wp-json\/wp\/v2\/types\/page"}],"author":[{"embeddable":true,"href":"https:\/\/www.gaultiercollette.ch\/fr\/wp-json\/wp\/v2\/users\/1"}],"replies":[{"embeddable":true,"href":"https:\/\/www.gaultiercollette.ch\/fr\/wp-json\/wp\/v2\/comments?post=4479"}],"version-history":[{"count":22,"href":"https:\/\/www.gaultiercollette.ch\/fr\/wp-json\/wp\/v2\/pages\/4479\/revisions"}],"predecessor-version":[{"id":4601,"href":"https:\/\/www.gaultiercollette.ch\/fr\/wp-json\/wp\/v2\/pages\/4479\/revisions\/4601"}],"wp:attachment":[{"href":"https:\/\/www.gaultiercollette.ch\/fr\/wp-json\/wp\/v2\/media?parent=4479"}],"curies":[{"name":"wp","href":"https:\/\/api.w.org\/{rel}","templated":true}]}}