{"id":693,"date":"2022-04-22T14:25:49","date_gmt":"2022-04-22T12:25:49","guid":{"rendered":"https:\/\/www.gaultiercollette.ch\/?page_id=693"},"modified":"2025-06-13T12:36:34","modified_gmt":"2025-06-13T10:36:34","slug":"laurastar-liste","status":"publish","type":"page","link":"https:\/\/www.gaultiercollette.ch\/fr\/laurastar-liste\/","title":{"rendered":"_Laurastar _LISTE"},"content":{"rendered":"<section class=\"back baseline anim-to-scroll\">\n            <a href=\"https:\/\/www.gaultiercollette.ch\/fr\/\">\n          <svg xmlns=\"http:\/\/www.w3.org\/2000\/svg\" viewbox=\"0 0 28 24\" style=\"enable-background:new 0 0 28 24;\" xml:space=\"preserve\">\n        <style type=\"text\/css\">.st0{fill:none;stroke:#000000;stroke-width:2;stroke-miterlimit:10;}<\/style>\n        <rect x=\"2\" y=\"11\" width=\"25\" height=\"2\"\/>\n        <polyline class=\"st0\" points=\"12.8,23.2 1.5,12 12.8,0.8 \"\/>\n      <\/svg>\n      Retour\n    <\/a>\n<\/section>\n\n\n\n\n\n  <section class=\"case__header baseline anim-to-scroll\">\n    <div class=\"case__header-title\">\n      <h2 class=\"\">\n        <span class=\"title\">Laurastar<\/span>\n        <span class=\"title-year\"><\/span>\n      <\/h2>\n    <\/div>\n    <div class=\"case__header-text\">Strat\u00e9gie et cr\u00e9ation de contenus pour les lancements de produits et les prises de parole institutionnelles de la marque.<\/div>\n  <\/section>\n\n\n\n\n\n\n    <section class=\"case__categories baseline anim-to-scroll\">\n                        <div style=\"background-image: url(https:\/\/www.gaultiercollette.ch\/wp-content\/uploads\/2024\/11\/240715_HUGO_BOSS-x-LAURASTAR_SHOT_01_040-2-edited.jpg)\">\n                    <a href=\"https:\/\/www.gaultiercollette.ch\/fr\/laurastar_-x-boss\/\"><h3>Laurastar x BOSS<\/h3><\/a>\n                <\/div>\n                                <div style=\"background-image: url(https:\/\/www.gaultiercollette.ch\/wp-content\/uploads\/2022\/04\/Femme_veste_blanche-e1650635354454-edited.png)\">\n                    <a href=\"https:\/\/www.gaultiercollette.ch\/fr\/laurastar-beautify-and-purify\/\"><h3>La marque<\/h3><\/a>\n                <\/div>\n                                <div style=\"background-image: url(https:\/\/www.gaultiercollette.ch\/wp-content\/uploads\/2022\/06\/Laurastar_doudou_v10_RVB_4500px_desat-scaled-e1654185636562.jpg)\">\n                    <a href=\"https:\/\/www.gaultiercollette.ch\/fr\/laurastar-dmsteam-power\/\"><h3>DMS<\/h3><\/a>\n                <\/div>\n                                <div style=\"background-image: url(https:\/\/www.gaultiercollette.ch\/wp-content\/uploads\/2022\/05\/Pres_IGGI_06-scaled-e1653405802725.jpg)\">\n                    <a href=\"https:\/\/www.gaultiercollette.ch\/fr\/laurastar-iggi\/\"><h3>IGGI<\/h3><\/a>\n                <\/div>\n                                <div style=\"background-image: url(https:\/\/www.gaultiercollette.ch\/wp-content\/uploads\/2022\/05\/2021-06-LAURASTAR_0352-1-scaled-e1654699490657.jpg)\">\n                    <a href=\"https:\/\/www.gaultiercollette.ch\/fr\/laurastar-izzi\/\"><h3>IZZI<\/h3><\/a>\n                <\/div>\n                    <\/section>","protected":false},"excerpt":{"rendered":"","protected":false},"author":3,"featured_media":0,"parent":0,"menu_order":0,"comment_status":"closed","ping_status":"closed","template":"","meta":{"footnotes":""},"class_list":["post-693","page","type-page","status-publish","hentry"],"yoast_head":"<!-- This site is optimized with the Yoast SEO plugin v27.5 - https:\/\/yoast.com\/product\/yoast-seo-wordpress\/ -->\n<title>_Laurastar _LISTE - Gaultier Collette<\/title>\n<meta name=\"description\" content=\"Explorez les concepts strat\u00e9giques et cr\u00e9atifs d\u00e9velopp\u00e9s par Gaultier Collette pour Laurastar que ce soit pour ses prises de parole institutionnelles ou ses lancements de produits.\" \/>\n<meta name=\"robots\" content=\"index, follow, max-snippet:-1, max-image-preview:large, max-video-preview:-1\" \/>\n<link rel=\"canonical\" href=\"https:\/\/www.gaultiercollette.ch\/fr\/laurastar-liste\/\" \/>\n<meta property=\"og:locale\" content=\"fr_FR\" \/>\n<meta property=\"og:type\" content=\"article\" \/>\n<meta property=\"og:title\" content=\"_Laurastar _LISTE - Gaultier Collette\" \/>\n<meta property=\"og:description\" content=\"Explorez les concepts strat\u00e9giques et cr\u00e9atifs d\u00e9velopp\u00e9s par Gaultier Collette pour Laurastar que ce soit pour ses prises de parole institutionnelles ou ses lancements de produits.\" \/>\n<meta property=\"og:url\" content=\"https:\/\/www.gaultiercollette.ch\/fr\/laurastar-liste\/\" \/>\n<meta property=\"og:site_name\" content=\"Gaultier Collette\" \/>\n<meta property=\"article:modified_time\" content=\"2025-06-13T10:36:34+00:00\" \/>\n<meta name=\"twitter:card\" content=\"summary_large_image\" \/>\n<script type=\"application\/ld+json\" class=\"yoast-schema-graph\">{\"@context\":\"https:\\\/\\\/schema.org\",\"@graph\":[{\"@type\":\"WebPage\",\"@id\":\"https:\\\/\\\/www.gaultiercollette.ch\\\/laurastar-liste\\\/\",\"url\":\"https:\\\/\\\/www.gaultiercollette.ch\\\/laurastar-liste\\\/\",\"name\":\"_Laurastar _LISTE - Gaultier Collette\",\"isPartOf\":{\"@id\":\"https:\\\/\\\/www.gaultiercollette.ch\\\/#website\"},\"datePublished\":\"2022-04-22T12:25:49+00:00\",\"dateModified\":\"2025-06-13T10:36:34+00:00\",\"description\":\"Explorez les concepts strat\u00e9giques et cr\u00e9atifs d\u00e9velopp\u00e9s par Gaultier Collette pour Laurastar que ce soit pour ses prises de parole institutionnelles ou ses lancements de produits.\",\"breadcrumb\":{\"@id\":\"https:\\\/\\\/www.gaultiercollette.ch\\\/laurastar-liste\\\/#breadcrumb\"},\"inLanguage\":\"fr-FR\",\"potentialAction\":[{\"@type\":\"ReadAction\",\"target\":[\"https:\\\/\\\/www.gaultiercollette.ch\\\/laurastar-liste\\\/\"]}]},{\"@type\":\"BreadcrumbList\",\"@id\":\"https:\\\/\\\/www.gaultiercollette.ch\\\/laurastar-liste\\\/#breadcrumb\",\"itemListElement\":[{\"@type\":\"ListItem\",\"position\":1,\"name\":\"Accueil\",\"item\":\"https:\\\/\\\/www.gaultiercollette.ch\\\/\"},{\"@type\":\"ListItem\",\"position\":2,\"name\":\"_Laurastar _LISTE\"}]},{\"@type\":\"WebSite\",\"@id\":\"https:\\\/\\\/www.gaultiercollette.ch\\\/#website\",\"url\":\"https:\\\/\\\/www.gaultiercollette.ch\\\/\",\"name\":\"Gaultier Collette\",\"description\":\"Agence cr\u00e9ative en strat\u00e9gie de marque\",\"potentialAction\":[{\"@type\":\"SearchAction\",\"target\":{\"@type\":\"EntryPoint\",\"urlTemplate\":\"https:\\\/\\\/www.gaultiercollette.ch\\\/?s={search_term_string}\"},\"query-input\":{\"@type\":\"PropertyValueSpecification\",\"valueRequired\":true,\"valueName\":\"search_term_string\"}}],\"inLanguage\":\"fr-FR\"}]}<\/script>\n<!-- \/ Yoast SEO plugin. -->","yoast_head_json":{"title":"_Laurastar _LISTE - Gaultier Collette","description":"Explorez les concepts strat\u00e9giques et cr\u00e9atifs d\u00e9velopp\u00e9s par Gaultier Collette pour Laurastar que ce soit pour ses prises de parole institutionnelles ou ses lancements de produits.","robots":{"index":"index","follow":"follow","max-snippet":"max-snippet:-1","max-image-preview":"max-image-preview:large","max-video-preview":"max-video-preview:-1"},"canonical":"https:\/\/www.gaultiercollette.ch\/fr\/laurastar-liste\/","og_locale":"fr_FR","og_type":"article","og_title":"_Laurastar _LISTE - Gaultier Collette","og_description":"Explorez les concepts strat\u00e9giques et cr\u00e9atifs d\u00e9velopp\u00e9s par Gaultier Collette pour Laurastar que ce soit pour ses prises de parole institutionnelles ou ses lancements de produits.","og_url":"https:\/\/www.gaultiercollette.ch\/fr\/laurastar-liste\/","og_site_name":"Gaultier Collette","article_modified_time":"2025-06-13T10:36:34+00:00","twitter_card":"summary_large_image","schema":{"@context":"https:\/\/schema.org","@graph":[{"@type":"WebPage","@id":"https:\/\/www.gaultiercollette.ch\/laurastar-liste\/","url":"https:\/\/www.gaultiercollette.ch\/laurastar-liste\/","name":"_Laurastar _LISTE - Gaultier Collette","isPartOf":{"@id":"https:\/\/www.gaultiercollette.ch\/#website"},"datePublished":"2022-04-22T12:25:49+00:00","dateModified":"2025-06-13T10:36:34+00:00","description":"Explorez les concepts strat\u00e9giques et cr\u00e9atifs d\u00e9velopp\u00e9s par Gaultier Collette pour Laurastar que ce soit pour ses prises de parole institutionnelles ou ses lancements de produits.","breadcrumb":{"@id":"https:\/\/www.gaultiercollette.ch\/laurastar-liste\/#breadcrumb"},"inLanguage":"fr-FR","potentialAction":[{"@type":"ReadAction","target":["https:\/\/www.gaultiercollette.ch\/laurastar-liste\/"]}]},{"@type":"BreadcrumbList","@id":"https:\/\/www.gaultiercollette.ch\/laurastar-liste\/#breadcrumb","itemListElement":[{"@type":"ListItem","position":1,"name":"Accueil","item":"https:\/\/www.gaultiercollette.ch\/"},{"@type":"ListItem","position":2,"name":"_Laurastar _LISTE"}]},{"@type":"WebSite","@id":"https:\/\/www.gaultiercollette.ch\/#website","url":"https:\/\/www.gaultiercollette.ch\/","name":"Gaultier Collette","description":"Agence cr\u00e9ative en strat\u00e9gie de marque","potentialAction":[{"@type":"SearchAction","target":{"@type":"EntryPoint","urlTemplate":"https:\/\/www.gaultiercollette.ch\/?s={search_term_string}"},"query-input":{"@type":"PropertyValueSpecification","valueRequired":true,"valueName":"search_term_string"}}],"inLanguage":"fr-FR"}]}},"_links":{"self":[{"href":"https:\/\/www.gaultiercollette.ch\/fr\/wp-json\/wp\/v2\/pages\/693","targetHints":{"allow":["GET"]}}],"collection":[{"href":"https:\/\/www.gaultiercollette.ch\/fr\/wp-json\/wp\/v2\/pages"}],"about":[{"href":"https:\/\/www.gaultiercollette.ch\/fr\/wp-json\/wp\/v2\/types\/page"}],"author":[{"embeddable":true,"href":"https:\/\/www.gaultiercollette.ch\/fr\/wp-json\/wp\/v2\/users\/3"}],"replies":[{"embeddable":true,"href":"https:\/\/www.gaultiercollette.ch\/fr\/wp-json\/wp\/v2\/comments?post=693"}],"version-history":[{"count":94,"href":"https:\/\/www.gaultiercollette.ch\/fr\/wp-json\/wp\/v2\/pages\/693\/revisions"}],"predecessor-version":[{"id":4636,"href":"https:\/\/www.gaultiercollette.ch\/fr\/wp-json\/wp\/v2\/pages\/693\/revisions\/4636"}],"wp:attachment":[{"href":"https:\/\/www.gaultiercollette.ch\/fr\/wp-json\/wp\/v2\/media?parent=693"}],"curies":[{"name":"wp","href":"https:\/\/api.w.org\/{rel}","templated":true}]}}