{"id":789,"date":"2022-04-22T17:36:23","date_gmt":"2022-04-22T15:36:23","guid":{"rendered":"https:\/\/www.gaultiercollette.ch\/?page_id=789"},"modified":"2023-09-01T15:02:41","modified_gmt":"2023-09-01T13:02:41","slug":"fusalp","status":"publish","type":"page","link":"https:\/\/www.gaultiercollette.ch\/fr\/fusalp\/","title":{"rendered":"Fusalp"},"content":{"rendered":"<section class=\"back baseline anim-to-scroll\">\n            <a href=\"https:\/\/www.gaultiercollette.ch\/fr\/\">\n          <svg xmlns=\"http:\/\/www.w3.org\/2000\/svg\" viewbox=\"0 0 28 24\" style=\"enable-background:new 0 0 28 24;\" xml:space=\"preserve\">\n        <style type=\"text\/css\">.st0{fill:none;stroke:#000000;stroke-width:2;stroke-miterlimit:10;}<\/style>\n        <rect x=\"2\" y=\"11\" width=\"25\" height=\"2\"\/>\n        <polyline class=\"st0\" points=\"12.8,23.2 1.5,12 12.8,0.8 \"\/>\n      <\/svg>\n      Retour\n    <\/a>\n<\/section>\n\n\n\n\n\n  <section class=\"case__header baseline anim-to-scroll\">\n    <div class=\"case__header-title\">\n      <h2 class=\"\">\n        <span class=\"title\">Fusalp<\/span>\n        <span class=\"title-year\"><\/span>\n      <\/h2>\n    <\/div>\n    <div class=\"case__header-text\">Cr\u00e9ation et r\u00e9alisation de la campagne saison hiver et direction artistique des\u00a0visuels e-commerce.<\/div>\n  <\/section>\n\n\n\n\n\n\n<figure class=\"wp-block-image size-large\"><img loading=\"lazy\" decoding=\"async\" width=\"1024\" height=\"683\" src=\"http:\/\/www.gaultiercollette.ch\/wp-content\/uploads\/2022\/05\/Fusalp_compo_entete-1024x683.png\" alt=\"\" class=\"wp-image-1097\" srcset=\"https:\/\/www.gaultiercollette.ch\/wp-content\/uploads\/2022\/05\/Fusalp_compo_entete-1024x683.png 1024w, https:\/\/www.gaultiercollette.ch\/wp-content\/uploads\/2022\/05\/Fusalp_compo_entete-300x200.png 300w, https:\/\/www.gaultiercollette.ch\/wp-content\/uploads\/2022\/05\/Fusalp_compo_entete-768x512.png 768w, https:\/\/www.gaultiercollette.ch\/wp-content\/uploads\/2022\/05\/Fusalp_compo_entete-1536x1024.png 1536w, https:\/\/www.gaultiercollette.ch\/wp-content\/uploads\/2022\/05\/Fusalp_compo_entete-2048x1366.png 2048w\" sizes=\"auto, (max-width: 1024px) 100vw, 1024px\" \/><\/figure>\n\n\n\n  <section class=\"case__skills baseline anim-to-scroll\">\n    <ul>\n                      <li>Cr\u00e9ation de contenus<\/li>\n                              <li>Direction artistique<\/li>\n                              <li>Achat d'art<\/li>\n                              <li>Gestion de projet<\/li>\n                  <\/ul>\n  <\/section>\n\n\n\n\n  <section class=\"case__imgtext baseline anim-to-scroll\">\n    <div class=\"case__imgtext-left\">\n      <h3>Campagne et lookbook <\/h3>\n      <p>R\u00e9alis\u00e9s avec le photographe Koto Bolofo.<\/p>\n    <\/div>\n    <div class=\"case__imgtext-right\">\n              <img decoding=\"async\" src=\"https:\/\/www.gaultiercollette.ch\/wp-content\/uploads\/2022\/06\/GC_Fusalp_510_2421_02-e1656517680370.jpg\" alt=\"Campaign and look book \" \/>\n          <\/div>\n  <\/section>\n\n\n\n\n<div style=\"height:80px\" aria-hidden=\"true\" class=\"wp-block-spacer\"><\/div>\n\n\n\n<div class=\"wp-block-columns are-vertically-aligned-center is-layout-flex wp-container-core-columns-is-layout-9d6595d7 wp-block-columns-is-layout-flex\">\n<div class=\"wp-block-column is-vertically-aligned-center is-layout-flow wp-block-column-is-layout-flow\">\n<figure class=\"wp-block-image size-large\"><img loading=\"lazy\" decoding=\"async\" width=\"731\" height=\"1024\" src=\"http:\/\/www.gaultiercollette.ch\/wp-content\/uploads\/2022\/04\/330_1610_02B_RVB_72dpi-e1656421691804-731x1024.jpg\" alt=\"\" class=\"wp-image-710\" srcset=\"https:\/\/www.gaultiercollette.ch\/wp-content\/uploads\/2022\/04\/330_1610_02B_RVB_72dpi-e1656421691804-731x1024.jpg 731w, https:\/\/www.gaultiercollette.ch\/wp-content\/uploads\/2022\/04\/330_1610_02B_RVB_72dpi-e1656421691804-214x300.jpg 214w, https:\/\/www.gaultiercollette.ch\/wp-content\/uploads\/2022\/04\/330_1610_02B_RVB_72dpi-e1656421691804-768x1076.jpg 768w, https:\/\/www.gaultiercollette.ch\/wp-content\/uploads\/2022\/04\/330_1610_02B_RVB_72dpi-e1656421691804-1096x1536.jpg 1096w, https:\/\/www.gaultiercollette.ch\/wp-content\/uploads\/2022\/04\/330_1610_02B_RVB_72dpi-e1656421691804.jpg 1362w\" sizes=\"auto, (max-width: 731px) 100vw, 731px\" \/><\/figure>\n<\/div>\n\n\n\n<div class=\"wp-block-column is-vertically-aligned-center is-layout-flow wp-block-column-is-layout-flow\">\n<div class=\"wp-block-columns is-layout-flex wp-container-core-columns-is-layout-9d6595d7 wp-block-columns-is-layout-flex\">\n<div class=\"wp-block-column is-layout-flow wp-block-column-is-layout-flow\" style=\"flex-basis:25%\"><\/div>\n\n\n\n<div class=\"wp-block-column is-layout-flow wp-block-column-is-layout-flow\" style=\"flex-basis:50%\">\n<figure class=\"wp-block-image size-large\"><img loading=\"lazy\" decoding=\"async\" width=\"1024\" height=\"1024\" src=\"http:\/\/www.gaultiercollette.ch\/wp-content\/uploads\/2022\/06\/LOGO-FUSALP_CMYK_rec-1024x1024.png\" alt=\"\" class=\"wp-image-1834\" srcset=\"https:\/\/www.gaultiercollette.ch\/wp-content\/uploads\/2022\/06\/LOGO-FUSALP_CMYK_rec-1024x1024.png 1024w, https:\/\/www.gaultiercollette.ch\/wp-content\/uploads\/2022\/06\/LOGO-FUSALP_CMYK_rec-300x300.png 300w, https:\/\/www.gaultiercollette.ch\/wp-content\/uploads\/2022\/06\/LOGO-FUSALP_CMYK_rec-150x150.png 150w, https:\/\/www.gaultiercollette.ch\/wp-content\/uploads\/2022\/06\/LOGO-FUSALP_CMYK_rec-768x768.png 768w, https:\/\/www.gaultiercollette.ch\/wp-content\/uploads\/2022\/06\/LOGO-FUSALP_CMYK_rec.png 1480w\" sizes=\"auto, (max-width: 1024px) 100vw, 1024px\" \/><\/figure>\n<\/div>\n\n\n\n<div class=\"wp-block-column is-layout-flow wp-block-column-is-layout-flow\" style=\"flex-basis:25%\"><\/div>\n<\/div>\n<\/div>\n<\/div>\n\n\n\n<div style=\"height:100px\" aria-hidden=\"true\" class=\"wp-block-spacer\"><\/div>\n\n\n\n<div class=\"wp-block-columns is-layout-flex wp-container-core-columns-is-layout-9d6595d7 wp-block-columns-is-layout-flex\">\n<div class=\"wp-block-column is-layout-flow wp-block-column-is-layout-flow\">\n<figure class=\"wp-block-video\"><video height=\"1920\" style=\"aspect-ratio: 1080 \/ 1920;\" width=\"1080\" autoplay loop muted src=\"https:\/\/www.gaultiercollette.ch\/wp-content\/uploads\/2022\/04\/compo-jambe_1.mp4\" playsinline><\/video><\/figure>\n<\/div>\n\n\n\n<div class=\"wp-block-column is-layout-flow wp-block-column-is-layout-flow\">\n<figure class=\"wp-block-video\"><video height=\"1920\" style=\"aspect-ratio: 1080 \/ 1920;\" width=\"1080\" autoplay loop muted src=\"https:\/\/www.gaultiercollette.ch\/wp-content\/uploads\/2022\/06\/GC_Fusalp_Anim_2.mp4\" playsinline><\/video><\/figure>\n<\/div>\n\n\n\n<div class=\"wp-block-column is-layout-flow wp-block-column-is-layout-flow\">\n<figure class=\"wp-block-video\"><video height=\"1920\" style=\"aspect-ratio: 1080 \/ 1920;\" width=\"1080\" autoplay loop muted src=\"https:\/\/www.gaultiercollette.ch\/wp-content\/uploads\/2022\/06\/GC_Fusalp_Anim_3b.mp4\" playsinline><\/video><\/figure>\n<\/div>\n<\/div>\n\n\n\n<div style=\"height:100px\" aria-hidden=\"true\" class=\"wp-block-spacer\"><\/div>\n\n\n\n  <section class=\"case__imgtext baseline anim-to-scroll\">\n    <div class=\"case__imgtext-left\">\n      <h3>Collab Fusalp X Chlo\u00e9<\/h3>\n      <p>Campagne et\u00a0look book\u00a0r\u00e9alis\u00e9s avec le photographe Koto Bolofo.<\/p>\n    <\/div>\n    <div class=\"case__imgtext-right\">\n              <img decoding=\"async\" src=\"https:\/\/www.gaultiercollette.ch\/wp-content\/uploads\/2022\/05\/350_1786_02_72dpi-e1656421840703.jpg\" alt=\"Fusalp X Chlo\u00e9 collaboration\" \/>\n          <\/div>\n  <\/section>\n\n\n\n\n<div class=\"wp-block-columns is-layout-flex wp-container-core-columns-is-layout-9d6595d7 wp-block-columns-is-layout-flex\">\n<div class=\"wp-block-column is-layout-flow wp-block-column-is-layout-flow\">\n<figure class=\"wp-block-image size-full\"><img loading=\"lazy\" decoding=\"async\" width=\"592\" height=\"830\" src=\"http:\/\/www.gaultiercollette.ch\/wp-content\/uploads\/2022\/04\/390_1986_02_72dpi-e1656422062881.jpg\" alt=\"\" class=\"wp-image-716\" srcset=\"https:\/\/www.gaultiercollette.ch\/wp-content\/uploads\/2022\/04\/390_1986_02_72dpi-e1656422062881.jpg 592w, https:\/\/www.gaultiercollette.ch\/wp-content\/uploads\/2022\/04\/390_1986_02_72dpi-e1656422062881-214x300.jpg 214w\" sizes=\"auto, (max-width: 592px) 100vw, 592px\" \/><\/figure>\n<\/div>\n\n\n\n<div class=\"wp-block-column is-layout-flow wp-block-column-is-layout-flow\"><\/div>\n<\/div>\n\n\n\n  <section class=\"case__imgtext baseline anim-to-scroll\">\n    <div class=\"case__imgtext-left case__imgtext-full\">\n      <h3>E-commerce<\/h3>\n      <p>Direction artistique des visuels et vid\u00e9os e-commerce.<\/p>\n    <\/div>\n    <div class=\"case__imgtext-right\">\n          <\/div>\n  <\/section>\n\n\n\n\n<section class=\"case__carousel case__carousel-horizontal baseline anim-to-scroll\">\n  <div class=\"case__carousel-inner page__slider\">\n                <div class=\"case__carousel-item\">\n                                  <img decoding=\"async\" src=\"https:\/\/www.gaultiercollette.ch\/wp-content\/uploads\/2022\/09\/GC_Fusalp_1.jpg\" \/>\n                              <\/div>\n                        <div class=\"case__carousel-item\">\n                                  <img decoding=\"async\" src=\"https:\/\/www.gaultiercollette.ch\/wp-content\/uploads\/2022\/09\/GC_Fusalp_2.jpg\" \/>\n                              <\/div>\n                        <div class=\"case__carousel-item\">\n                                  <img decoding=\"async\" src=\"https:\/\/www.gaultiercollette.ch\/wp-content\/uploads\/2022\/09\/GC_Fusalp_3.jpg\" \/>\n                              <\/div>\n                        <div class=\"case__carousel-item\">\n                                  <img decoding=\"async\" src=\"https:\/\/www.gaultiercollette.ch\/wp-content\/uploads\/2022\/09\/GC_Fusalp_4.jpg\" \/>\n                              <\/div>\n                        <div class=\"case__carousel-item\">\n                                  <img decoding=\"async\" src=\"https:\/\/www.gaultiercollette.ch\/wp-content\/uploads\/2022\/09\/GC_Fusalp_5.jpg\" \/>\n                              <\/div>\n                        <div class=\"case__carousel-item\">\n                                  <img decoding=\"async\" src=\"https:\/\/www.gaultiercollette.ch\/wp-content\/uploads\/2022\/09\/GC_Fusalp_6.jpg\" \/>\n                              <\/div>\n                        <div class=\"case__carousel-item\">\n                                  <img decoding=\"async\" src=\"https:\/\/www.gaultiercollette.ch\/wp-content\/uploads\/2022\/09\/GC_Fusalp_7.jpg\" \/>\n                              <\/div>\n                        <div class=\"case__carousel-item\">\n                                  <img decoding=\"async\" src=\"https:\/\/www.gaultiercollette.ch\/wp-content\/uploads\/2022\/09\/GC_Fusalp_8.jpg\" \/>\n                              <\/div>\n                        <div class=\"case__carousel-item\">\n                                  <img decoding=\"async\" src=\"https:\/\/www.gaultiercollette.ch\/wp-content\/uploads\/2022\/09\/GC_Fusalp_9.jpg\" \/>\n                              <\/div>\n                        <div class=\"case__carousel-item\">\n                                  <img decoding=\"async\" src=\"https:\/\/www.gaultiercollette.ch\/wp-content\/uploads\/2022\/09\/GC_Fusalp_10.jpg\" \/>\n                              <\/div>\n                        <div class=\"case__carousel-item\">\n                                  <img decoding=\"async\" src=\"https:\/\/www.gaultiercollette.ch\/wp-content\/uploads\/2022\/09\/GC_Fusalp_11.jpg\" \/>\n                              <\/div>\n              <\/div>\n<\/section>\n\n<!--  -->","protected":false},"excerpt":{"rendered":"","protected":false},"author":3,"featured_media":0,"parent":0,"menu_order":0,"comment_status":"closed","ping_status":"closed","template":"","meta":{"footnotes":""},"class_list":["post-789","page","type-page","status-publish","hentry"],"yoast_head":"<!-- This site is optimized with the Yoast SEO plugin v27.3 - https:\/\/yoast.com\/product\/yoast-seo-wordpress\/ -->\n<title>Fusalp - Gaultier Collette<\/title>\n<meta name=\"description\" content=\"D\u00e9couvrez quelques campagnes de Gaultier Collette agenc\u00e9es tels des tableaux vivants pour la marque de mode haut de gamme Fusalp. De la conception de campagne \u00e0 la direction artistique des visuels e-commerce, chaque d\u00e9tail a \u00e9t\u00e9 fa\u00e7onn\u00e9 avec subtilit\u00e9.\" \/>\n<meta name=\"robots\" content=\"index, follow, max-snippet:-1, max-image-preview:large, max-video-preview:-1\" \/>\n<link rel=\"canonical\" href=\"https:\/\/www.gaultiercollette.ch\/fr\/fusalp\/\" \/>\n<meta property=\"og:locale\" content=\"fr_FR\" \/>\n<meta property=\"og:type\" content=\"article\" \/>\n<meta property=\"og:title\" content=\"Fusalp - Gaultier Collette\" \/>\n<meta property=\"og:description\" content=\"D\u00e9couvrez quelques campagnes de Gaultier Collette agenc\u00e9es tels des tableaux vivants pour la marque de mode haut de gamme Fusalp. De la conception de campagne \u00e0 la direction artistique des visuels e-commerce, chaque d\u00e9tail a \u00e9t\u00e9 fa\u00e7onn\u00e9 avec subtilit\u00e9.\" \/>\n<meta property=\"og:url\" content=\"https:\/\/www.gaultiercollette.ch\/fr\/fusalp\/\" \/>\n<meta property=\"og:site_name\" content=\"Gaultier Collette\" \/>\n<meta property=\"article:modified_time\" content=\"2023-09-01T13:02:41+00:00\" \/>\n<meta property=\"og:image\" content=\"http:\/\/www.gaultiercollette.ch\/wp-content\/uploads\/2022\/05\/Fusalp_compo_entete-1024x683.png\" \/>\n<meta name=\"twitter:card\" content=\"summary_large_image\" \/>\n<meta name=\"twitter:label1\" content=\"Dur\u00e9e de lecture estim\u00e9e\" \/>\n\t<meta name=\"twitter:data1\" content=\"1 minute\" \/>\n<script type=\"application\/ld+json\" class=\"yoast-schema-graph\">{\"@context\":\"https:\\\/\\\/schema.org\",\"@graph\":[{\"@type\":\"WebPage\",\"@id\":\"https:\\\/\\\/www.gaultiercollette.ch\\\/fusalp\\\/\",\"url\":\"https:\\\/\\\/www.gaultiercollette.ch\\\/fusalp\\\/\",\"name\":\"Fusalp - Gaultier Collette\",\"isPartOf\":{\"@id\":\"https:\\\/\\\/www.gaultiercollette.ch\\\/#website\"},\"primaryImageOfPage\":{\"@id\":\"https:\\\/\\\/www.gaultiercollette.ch\\\/fusalp\\\/#primaryimage\"},\"image\":{\"@id\":\"https:\\\/\\\/www.gaultiercollette.ch\\\/fusalp\\\/#primaryimage\"},\"thumbnailUrl\":\"http:\\\/\\\/www.gaultiercollette.ch\\\/wp-content\\\/uploads\\\/2022\\\/05\\\/Fusalp_compo_entete-1024x683.png\",\"datePublished\":\"2022-04-22T15:36:23+00:00\",\"dateModified\":\"2023-09-01T13:02:41+00:00\",\"description\":\"D\u00e9couvrez quelques campagnes de Gaultier Collette agenc\u00e9es tels des tableaux vivants pour la marque de mode haut de gamme Fusalp. De la conception de campagne \u00e0 la direction artistique des visuels e-commerce, chaque d\u00e9tail a \u00e9t\u00e9 fa\u00e7onn\u00e9 avec subtilit\u00e9.\",\"breadcrumb\":{\"@id\":\"https:\\\/\\\/www.gaultiercollette.ch\\\/fusalp\\\/#breadcrumb\"},\"inLanguage\":\"fr-FR\",\"potentialAction\":[{\"@type\":\"ReadAction\",\"target\":[\"https:\\\/\\\/www.gaultiercollette.ch\\\/fusalp\\\/\"]}]},{\"@type\":\"ImageObject\",\"inLanguage\":\"fr-FR\",\"@id\":\"https:\\\/\\\/www.gaultiercollette.ch\\\/fusalp\\\/#primaryimage\",\"url\":\"http:\\\/\\\/www.gaultiercollette.ch\\\/wp-content\\\/uploads\\\/2022\\\/05\\\/Fusalp_compo_entete-1024x683.png\",\"contentUrl\":\"http:\\\/\\\/www.gaultiercollette.ch\\\/wp-content\\\/uploads\\\/2022\\\/05\\\/Fusalp_compo_entete-1024x683.png\"},{\"@type\":\"BreadcrumbList\",\"@id\":\"https:\\\/\\\/www.gaultiercollette.ch\\\/fusalp\\\/#breadcrumb\",\"itemListElement\":[{\"@type\":\"ListItem\",\"position\":1,\"name\":\"Accueil\",\"item\":\"https:\\\/\\\/www.gaultiercollette.ch\\\/\"},{\"@type\":\"ListItem\",\"position\":2,\"name\":\"Fusalp\"}]},{\"@type\":\"WebSite\",\"@id\":\"https:\\\/\\\/www.gaultiercollette.ch\\\/#website\",\"url\":\"https:\\\/\\\/www.gaultiercollette.ch\\\/\",\"name\":\"Gaultier Collette\",\"description\":\"Agence cr\u00e9ative en strat\u00e9gie de marque\",\"potentialAction\":[{\"@type\":\"SearchAction\",\"target\":{\"@type\":\"EntryPoint\",\"urlTemplate\":\"https:\\\/\\\/www.gaultiercollette.ch\\\/?s={search_term_string}\"},\"query-input\":{\"@type\":\"PropertyValueSpecification\",\"valueRequired\":true,\"valueName\":\"search_term_string\"}}],\"inLanguage\":\"fr-FR\"}]}<\/script>\n<!-- \/ Yoast SEO plugin. -->","yoast_head_json":{"title":"Fusalp - Gaultier Collette","description":"D\u00e9couvrez quelques campagnes de Gaultier Collette agenc\u00e9es tels des tableaux vivants pour la marque de mode haut de gamme Fusalp. De la conception de campagne \u00e0 la direction artistique des visuels e-commerce, chaque d\u00e9tail a \u00e9t\u00e9 fa\u00e7onn\u00e9 avec subtilit\u00e9.","robots":{"index":"index","follow":"follow","max-snippet":"max-snippet:-1","max-image-preview":"max-image-preview:large","max-video-preview":"max-video-preview:-1"},"canonical":"https:\/\/www.gaultiercollette.ch\/fr\/fusalp\/","og_locale":"fr_FR","og_type":"article","og_title":"Fusalp - Gaultier Collette","og_description":"D\u00e9couvrez quelques campagnes de Gaultier Collette agenc\u00e9es tels des tableaux vivants pour la marque de mode haut de gamme Fusalp. De la conception de campagne \u00e0 la direction artistique des visuels e-commerce, chaque d\u00e9tail a \u00e9t\u00e9 fa\u00e7onn\u00e9 avec subtilit\u00e9.","og_url":"https:\/\/www.gaultiercollette.ch\/fr\/fusalp\/","og_site_name":"Gaultier Collette","article_modified_time":"2023-09-01T13:02:41+00:00","og_image":[{"url":"http:\/\/www.gaultiercollette.ch\/wp-content\/uploads\/2022\/05\/Fusalp_compo_entete-1024x683.png","type":"","width":"","height":""}],"twitter_card":"summary_large_image","twitter_misc":{"Dur\u00e9e de lecture estim\u00e9e":"1 minute"},"schema":{"@context":"https:\/\/schema.org","@graph":[{"@type":"WebPage","@id":"https:\/\/www.gaultiercollette.ch\/fusalp\/","url":"https:\/\/www.gaultiercollette.ch\/fusalp\/","name":"Fusalp - Gaultier Collette","isPartOf":{"@id":"https:\/\/www.gaultiercollette.ch\/#website"},"primaryImageOfPage":{"@id":"https:\/\/www.gaultiercollette.ch\/fusalp\/#primaryimage"},"image":{"@id":"https:\/\/www.gaultiercollette.ch\/fusalp\/#primaryimage"},"thumbnailUrl":"http:\/\/www.gaultiercollette.ch\/wp-content\/uploads\/2022\/05\/Fusalp_compo_entete-1024x683.png","datePublished":"2022-04-22T15:36:23+00:00","dateModified":"2023-09-01T13:02:41+00:00","description":"D\u00e9couvrez quelques campagnes de Gaultier Collette agenc\u00e9es tels des tableaux vivants pour la marque de mode haut de gamme Fusalp. De la conception de campagne \u00e0 la direction artistique des visuels e-commerce, chaque d\u00e9tail a \u00e9t\u00e9 fa\u00e7onn\u00e9 avec subtilit\u00e9.","breadcrumb":{"@id":"https:\/\/www.gaultiercollette.ch\/fusalp\/#breadcrumb"},"inLanguage":"fr-FR","potentialAction":[{"@type":"ReadAction","target":["https:\/\/www.gaultiercollette.ch\/fusalp\/"]}]},{"@type":"ImageObject","inLanguage":"fr-FR","@id":"https:\/\/www.gaultiercollette.ch\/fusalp\/#primaryimage","url":"http:\/\/www.gaultiercollette.ch\/wp-content\/uploads\/2022\/05\/Fusalp_compo_entete-1024x683.png","contentUrl":"http:\/\/www.gaultiercollette.ch\/wp-content\/uploads\/2022\/05\/Fusalp_compo_entete-1024x683.png"},{"@type":"BreadcrumbList","@id":"https:\/\/www.gaultiercollette.ch\/fusalp\/#breadcrumb","itemListElement":[{"@type":"ListItem","position":1,"name":"Accueil","item":"https:\/\/www.gaultiercollette.ch\/"},{"@type":"ListItem","position":2,"name":"Fusalp"}]},{"@type":"WebSite","@id":"https:\/\/www.gaultiercollette.ch\/#website","url":"https:\/\/www.gaultiercollette.ch\/","name":"Gaultier Collette","description":"Agence cr\u00e9ative en strat\u00e9gie de marque","potentialAction":[{"@type":"SearchAction","target":{"@type":"EntryPoint","urlTemplate":"https:\/\/www.gaultiercollette.ch\/?s={search_term_string}"},"query-input":{"@type":"PropertyValueSpecification","valueRequired":true,"valueName":"search_term_string"}}],"inLanguage":"fr-FR"}]}},"_links":{"self":[{"href":"https:\/\/www.gaultiercollette.ch\/fr\/wp-json\/wp\/v2\/pages\/789","targetHints":{"allow":["GET"]}}],"collection":[{"href":"https:\/\/www.gaultiercollette.ch\/fr\/wp-json\/wp\/v2\/pages"}],"about":[{"href":"https:\/\/www.gaultiercollette.ch\/fr\/wp-json\/wp\/v2\/types\/page"}],"author":[{"embeddable":true,"href":"https:\/\/www.gaultiercollette.ch\/fr\/wp-json\/wp\/v2\/users\/3"}],"replies":[{"embeddable":true,"href":"https:\/\/www.gaultiercollette.ch\/fr\/wp-json\/wp\/v2\/comments?post=789"}],"version-history":[{"count":56,"href":"https:\/\/www.gaultiercollette.ch\/fr\/wp-json\/wp\/v2\/pages\/789\/revisions"}],"predecessor-version":[{"id":2812,"href":"https:\/\/www.gaultiercollette.ch\/fr\/wp-json\/wp\/v2\/pages\/789\/revisions\/2812"}],"wp:attachment":[{"href":"https:\/\/www.gaultiercollette.ch\/fr\/wp-json\/wp\/v2\/media?parent=789"}],"curies":[{"name":"wp","href":"https:\/\/api.w.org\/{rel}","templated":true}]}}